{"id":6413,"date":"2026-03-25T09:23:21","date_gmt":"2026-03-25T08:23:21","guid":{"rendered":"https:\/\/clinicapeu.mustachecreative.com\/?page_id=6413"},"modified":"2026-03-26T10:51:12","modified_gmt":"2026-03-26T09:51:12","slug":"podologia-infantil","status":"publish","type":"page","link":"https:\/\/clinicapeu.mustachecreative.com\/index.php\/ca\/especialitats\/podologia-infantil\/","title":{"rendered":"Podologia infantil"},"content":{"rendered":"<div class=\"wpb-content-wrapper\"><p>[vc_row css=\u00bb.vc_custom_1773750684068{margin-top: 50px !important;margin-bottom: 50px !important;}\u00bb][vc_column css_animation=\u00bbfadeInUp\u00bb css=\u00bb.vc_custom_1773744636386{background-color: #ffffff !important;}\u00bb][vc_column_text css=\u00bb.vc_custom_1774435563706{margin-top: 35px !important;}\u00bb]<\/p>\n<p style=\"text-align: center;\">Els nens tamb\u00e9 pateixen sovint problemes als peus, alguns m\u00e9s evidents i coneguts com les deformitats dels dits, els fongs o les ungles encarnades; i altres que poden passar desapercebuts si no posem especial atenci\u00f3 o visitem a un especialista, com les alteracions de la marxa.<\/p>\n<p>[\/vc_column_text][vc_row_inner css=\u00bb.vc_custom_1773750548591{margin-top: 40px !important;}\u00bb][vc_column_inner][vc_btn title=\u00bbContacta&#8217;ns\u00bb style=\u00bbclassic\u00bb color=\u00bbblack\u00bb align=\u00bbcenter\u00bb css=\u00bb\u00bb link=\u00bburl:%2Findex.php%2Fca%2Fcontacte\u00bb][\/vc_column_inner][\/vc_row_inner][\/vc_column][\/vc_row][vc_row css=\u00bb.vc_custom_1774347192141{margin-bottom: 50px !important;padding-top: 50px !important;}\u00bb el_class=\u00bbtabs-verticales\u00bb][vc_column]<div class=\"ult-animation  ult-animate-viewport  ult-no-mobile \" data-animate=\"slideInUp\" data-animation-delay=\"0.3\" data-animation-duration=\"1\" data-animation-iteration=\"1\" style=\"opacity:0;\" data-opacity_start_effect=\"\"><section class='special_tabs icontext vertical'><div class='tab-selector col-xs-12 col-sm-3'><\/div><div class='tab-container col-xs-12 col-sm-9' style='margin-left:0px;'><\/div><div class='label 1'><div class='kraft_icon_special_tabs'><i class='fa none'><\/i><\/div><div class='title'><a class='special_tabs_linkage'>Qu\u00e8 \u00e9s la podologia infantil?<\/a><\/div><div class='divider-vertical-tabs'><\/div><\/div><div class='content 1'><p>[vc_row_inner content_placement=\u00bbmiddle\u00bb][vc_column_inner width=\u00bb1\/3&#8243;][vc_single_image image=\u00bb5818&#8243; img_size=\u00bbmedium\u00bb alignment=\u00bbcenter\u00bb style=\u00bbvc_box_circle_2&#8243; css=\u00bb.vc_custom_1774347124498{margin-bottom: 35px !important;}\u00bb][\/vc_column_inner][vc_column_inner width=\u00bb2\/3&#8243; css=\u00bb.vc_custom_1773917804178{padding-right: 75px !important;padding-left: 75px !important;}\u00bb][vc_column_text css=\u00bb\u00bb]Malgrat que la professi\u00f3 i formaci\u00f3 de podologia inclou tant a adults com a nens, alguns professionals ja aposten per l\u2019especialitzaci\u00f3 i l\u2019experi\u00e8ncia espec\u00edfica en podologia infantil.<\/p>\n<p>En la Cl\u00ednica del Peu Maresme, comptem amb professionals especialitzats en diferents \u00e0rees, entre elles la podologia infantil.[\/vc_column_text][\/vc_column_inner][\/vc_row_inner]<\/p>\n<\/div><div class='label 2'><div class='kraft_icon_special_tabs'><i class='fa none'><\/i><\/div><div class='title'><a class='special_tabs_linkage'>Problemes freq\u00fcents del peu infantil<\/a><\/div><div class='divider-vertical-tabs'><\/div><\/div><div class='content 2'><p>[vc_row_inner content_placement=\u00bbmiddle\u00bb][vc_column_inner width=\u00bb1\/3&#8243;][vc_single_image image=\u00bb5819&#8243; img_size=\u00bbmedium\u00bb alignment=\u00bbcenter\u00bb style=\u00bbvc_box_circle_2&#8243; css=\u00bb.vc_custom_1774347137394{margin-bottom: 35px !important;}\u00bb][\/vc_column_inner][vc_column_inner width=\u00bb2\/3&#8243; css=\u00bb.vc_custom_1773917855596{padding-right: 75px !important;padding-left: 75px !important;}\u00bb][vc_column_text css=\u00bb\u00bb]Alguns dels problemes m\u00e9s freq\u00fcents en nens s\u00f3n:<\/p>\n<ul>\n<li>Peu pla infantil<\/li>\n<li>Berrugues<\/li>\n<li>Ungla\u00a0encarnada<\/li>\n<li>Fongs als peus<\/li>\n<li>Marxa en\u00a0intraversi\u00f3, tamb\u00e9 conegut com a \u201cIn-toeing\u201d<\/li>\n<li>Deformitats digitals (dits torts)<\/li>\n<\/ul>\n<p>[\/vc_column_text][\/vc_column_inner][\/vc_row_inner]<\/p>\n<\/div><div class='label 3'><div class='kraft_icon_special_tabs'><i class='fa none'><\/i><\/div><div class='title'><a class='special_tabs_linkage'>Prevenci\u00f3<\/a><\/div><div class='divider-vertical-tabs'><\/div><\/div><div class='content 3'><p>[vc_row_inner content_placement=\u00bbmiddle\u00bb][vc_column_inner width=\u00bb1\/3&#8243;][vc_single_image image=\u00bb5817&#8243; img_size=\u00bbmedium\u00bb alignment=\u00bbcenter\u00bb style=\u00bbvc_box_circle_2&#8243; css=\u00bb.vc_custom_1774347148634{margin-bottom: 35px !important;}\u00bb][\/vc_column_inner][vc_column_inner width=\u00bb2\/3&#8243; css=\u00bb.vc_custom_1773917870923{padding-right: 75px !important;padding-left: 75px !important;}\u00bb][vc_column_text css=\u00bb\u00bb]La prevenci\u00f3 de la salut dels peus \u00e9s especialment important en els nens, ja que \u00e9s l\u2019etapa de desenvolupament, per la qual cosa detectar qualsevol problema a temps \u00e9s clau per a un millor pron\u00f2stic.<\/p>\n<p>No existeix una edat exacta per a recomanar la primera visita al pod\u00f2leg, ja que si hi ha qualsevol afecci\u00f3 evident com a dits muntats o problemes en les ungles, etc. cal visitar sempre al pod\u00f2leg.<\/p>\n<p>Per\u00f2 si, per contra, no ha ocorregut res que ens faci tenir aquesta primera visita, recomanem que als 3 o 4 anys es faci una primera revisi\u00f3 en un pod\u00f2leg. A aquesta edat \u00e9s quan s\u2019estableix un patr\u00f3 de la marxa i pot ser avaluat.<\/p>\n<p>Tamb\u00e9 pot ser molt \u00fatil visitar un pod\u00f2leg per a obtenir consells sobre la cura dels peus i l\u2019elecci\u00f3 del cal\u00e7at m\u00e9s adequat per al teu nen.[\/vc_column_text][\/vc_column_inner][\/vc_row_inner]<\/p>\n<\/div>\n<\/section><\/div>[\/vc_column][\/vc_row][vc_row css=\u00bb.vc_custom_1774347100833{padding-top: 50px !important;}\u00bb el_class=\u00bbtabs-horizontales\u00bb][vc_column]<div class=\"ult-animation  ult-animate-viewport  ult-no-mobile \" data-animate=\"slideInUp\" data-animation-delay=\"0.3\" data-animation-duration=\"1\" data-animation-iteration=\"1\" style=\"opacity:0;\" data-opacity_start_effect=\"\"><section class='special_tabs icontext horizontal'><div class='tab-selector col-xs-12 col-sm-12'><\/div><div class='tab-container col-xs-12 col-sm-12' style='margin-left:0px;'><\/div><div class='label 4'><div class='kraft_icon_special_tabs'><i class='fa none'><\/i><\/div><div class='title'><a class='special_tabs_linkage'>Qu\u00e8 \u00e9s la podologia infantil?<\/a><\/div><div class='divider-vertical-tabs'><\/div><\/div><div class='content 4'><p>[vc_row_inner content_placement=\u00bbmiddle\u00bb][vc_column_inner width=\u00bb1\/3&#8243;][vc_single_image image=\u00bb5818&#8243; img_size=\u00bblarge\u00bb alignment=\u00bbcenter\u00bb style=\u00bbvc_box_circle_2&#8243; css=\u00bb.vc_custom_1774435832101{margin-bottom: 35px !important;}\u00bb][\/vc_column_inner][vc_column_inner width=\u00bb2\/3&#8243; css=\u00bb.vc_custom_1773917804178{padding-right: 75px !important;padding-left: 75px !important;}\u00bb][vc_column_text css=\u00bb\u00bb]Malgrat que la professi\u00f3 i formaci\u00f3 de podologia inclou tant a adults com a nens, alguns professionals ja aposten per l\u2019especialitzaci\u00f3 i l\u2019experi\u00e8ncia espec\u00edfica en podologia infantil.<\/p>\n<p>En la Cl\u00ednica del Peu Maresme, comptem amb professionals especialitzats en diferents \u00e0rees, entre elles la podologia infantil.[\/vc_column_text][\/vc_column_inner][\/vc_row_inner]<\/p>\n<\/div><div class='label 5'><div class='kraft_icon_special_tabs'><i class='fa none'><\/i><\/div><div class='title'><a class='special_tabs_linkage'>Problemes freq\u00fcents del peu infantil<\/a><\/div><div class='divider-vertical-tabs'><\/div><\/div><div class='content 5'><p>[vc_row_inner content_placement=\u00bbmiddle\u00bb][vc_column_inner width=\u00bb1\/3&#8243;][vc_single_image image=\u00bb5819&#8243; img_size=\u00bblarge\u00bb alignment=\u00bbcenter\u00bb style=\u00bbvc_box_circle_2&#8243; css=\u00bb.vc_custom_1774435843140{margin-bottom: 35px !important;}\u00bb][\/vc_column_inner][vc_column_inner width=\u00bb2\/3&#8243; css=\u00bb.vc_custom_1773917855596{padding-right: 75px !important;padding-left: 75px !important;}\u00bb][vc_column_text css=\u00bb\u00bb]Alguns dels problemes m\u00e9s freq\u00fcents en nens s\u00f3n:<\/p>\n<ul>\n<li>Peu pla infantil<\/li>\n<li>Berrugues<\/li>\n<li>Ungla\u00a0encarnada<\/li>\n<li>Fongs als peus<\/li>\n<li>Marxa en\u00a0intraversi\u00f3, tamb\u00e9 conegut com a \u201cIn-toeing\u201d<\/li>\n<li>Deformitats digitals (dits torts)<\/li>\n<\/ul>\n<p>[\/vc_column_text][\/vc_column_inner][\/vc_row_inner]<\/p>\n<\/div><div class='label 6'><div class='kraft_icon_special_tabs'><i class='fa none'><\/i><\/div><div class='title'><a class='special_tabs_linkage'>Prevenci\u00f3<\/a><\/div><div class='divider-vertical-tabs'><\/div><\/div><div class='content 6'><p>[vc_row_inner content_placement=\u00bbmiddle\u00bb][vc_column_inner width=\u00bb1\/3&#8243;][vc_single_image image=\u00bb5817&#8243; img_size=\u00bblarge\u00bb alignment=\u00bbcenter\u00bb style=\u00bbvc_box_circle_2&#8243; css=\u00bb.vc_custom_1774435849476{margin-bottom: 35px !important;}\u00bb][\/vc_column_inner][vc_column_inner width=\u00bb2\/3&#8243; css=\u00bb.vc_custom_1773917870923{padding-right: 75px !important;padding-left: 75px !important;}\u00bb][vc_column_text css=\u00bb\u00bb]La prevenci\u00f3 de la salut dels peus \u00e9s especialment important en els nens, ja que \u00e9s l\u2019etapa de desenvolupament, per la qual cosa detectar qualsevol problema a temps \u00e9s clau per a un millor pron\u00f2stic.<\/p>\n<p>No existeix una edat exacta per a recomanar la primera visita al pod\u00f2leg, ja que si hi ha qualsevol afecci\u00f3 evident com a dits muntats o problemes en les ungles, etc. cal visitar sempre al pod\u00f2leg.<\/p>\n<p>Per\u00f2 si, per contra, no ha ocorregut res que ens faci tenir aquesta primera visita, recomanem que als 3 o 4 anys es faci una primera revisi\u00f3 en un pod\u00f2leg. A aquesta edat \u00e9s quan s\u2019estableix un patr\u00f3 de la marxa i pot ser avaluat.<\/p>\n<p>Tamb\u00e9 pot ser molt \u00fatil visitar un pod\u00f2leg per a obtenir consells sobre la cura dels peus i l\u2019elecci\u00f3 del cal\u00e7at m\u00e9s adequat per al teu nen.[\/vc_column_text][\/vc_column_inner][\/vc_row_inner]<\/p>\n<\/div>\n<\/section><div class=\"ult-spacer spacer-69e0f54e6501a\" data-id=\"69e0f54e6501a\" data-height=\"100\" data-height-mobile=\"50\" data-height-tab=\"\" data-height-tab-portrait=\"\" data-height-mobile-landscape=\"50\" style=\"clear:both;display:block;\"><\/div><\/div>[\/vc_column][\/vc_row][vc_row disable_element=\u00bbyes\u00bb][vc_column][vc_custom_heading text=\u00bbNuestros servicios especializados\u00bb font_container=\u00bbtag:h2|font_size:45PX|text_align:center|color:%23000000|line_height:1em%20!important\u00bb use_theme_fonts=\u00bbyes\u00bb css=\u00bb\u00bb el_class=\u00bbsmall-letter-spacing\u00bb][vc_custom_heading text=\u00bbVisita podolog\u00eda infantil\u00bb font_container=\u00bbtag:h3|font_size:30PX|text_align:left|color:%23000000|line_height:1em%20!important\u00bb use_theme_fonts=\u00bbyes\u00bb css=\u00bb.vc_custom_1773830238933{margin-top: 55px !important;}\u00bb el_class=\u00bbsmall-letter-spacing\u00bb][vc_column_text css=\u00bb.vc_custom_1773830161291{margin-bottom: 55px !important;}\u00bb]Una visita general infantil incluye la exploraci\u00f3n y diagn\u00f3stico de patolog\u00edas (a excepci\u00f3n de problemas relacionados con la podolog\u00eda del movimiento y que requieran un estudio biomec\u00e1nico infantil).<\/p>\n<p>En esta visita tambi\u00e9n se recetar\u00e1n, si es necesario, tratamientos farmacol\u00f3gicos o preventivos \/ educativos (pautas para seguir en casa, etc.). Esta visita est\u00e1 realizada por un especialista en podolog\u00eda infantil.[\/vc_column_text][\/vc_column][\/vc_row]<\/p>\n<\/div>","protected":false},"excerpt":{"rendered":"<p>[vc_row css=\u00bb.vc_custom_1773750684068{margin-top: 50px !important;margin-bottom: 50px !important;}\u00bb][vc_column css_animation=\u00bbfadeInUp\u00bb css=\u00bb.vc_custom_1773744636386{background-color: #ffffff !important;}\u00bb][vc_column_text css=\u00bb.vc_custom_1774435563706{margin-top: 35px !important;}\u00bb] Els nens tamb\u00e9 pateixen sovint problemes als peus, alguns m\u00e9s evidents i coneguts com les deformitats dels dits, els fongs o les ungles encarnades; i altres que poden passar desapercebuts si no posem especial atenci\u00f3 o visitem a un especialista, com les [&hellip;]<\/p>\n","protected":false},"author":1,"featured_media":0,"parent":6390,"menu_order":0,"comment_status":"closed","ping_status":"closed","template":"page.php","meta":{"_joinchat":[],"footnotes":""},"class_list":["post-6413","page","type-page","status-publish","hentry"],"_links":{"self":[{"href":"https:\/\/clinicapeu.mustachecreative.com\/index.php\/wp-json\/wp\/v2\/pages\/6413","targetHints":{"allow":["GET"]}}],"collection":[{"href":"https:\/\/clinicapeu.mustachecreative.com\/index.php\/wp-json\/wp\/v2\/pages"}],"about":[{"href":"https:\/\/clinicapeu.mustachecreative.com\/index.php\/wp-json\/wp\/v2\/types\/page"}],"author":[{"embeddable":true,"href":"https:\/\/clinicapeu.mustachecreative.com\/index.php\/wp-json\/wp\/v2\/users\/1"}],"replies":[{"embeddable":true,"href":"https:\/\/clinicapeu.mustachecreative.com\/index.php\/wp-json\/wp\/v2\/comments?post=6413"}],"version-history":[{"count":3,"href":"https:\/\/clinicapeu.mustachecreative.com\/index.php\/wp-json\/wp\/v2\/pages\/6413\/revisions"}],"predecessor-version":[{"id":6458,"href":"https:\/\/clinicapeu.mustachecreative.com\/index.php\/wp-json\/wp\/v2\/pages\/6413\/revisions\/6458"}],"up":[{"embeddable":true,"href":"https:\/\/clinicapeu.mustachecreative.com\/index.php\/wp-json\/wp\/v2\/pages\/6390"}],"wp:attachment":[{"href":"https:\/\/clinicapeu.mustachecreative.com\/index.php\/wp-json\/wp\/v2\/media?parent=6413"}],"curies":[{"name":"wp","href":"https:\/\/api.w.org\/{rel}","templated":true}]}}