{"id":6411,"date":"2026-03-25T09:22:16","date_gmt":"2026-03-25T08:22:16","guid":{"rendered":"https:\/\/clinicapeu.mustachecreative.com\/?page_id=6411"},"modified":"2026-03-26T10:23:22","modified_gmt":"2026-03-26T09:23:22","slug":"podologia-estetica","status":"publish","type":"page","link":"https:\/\/clinicapeu.mustachecreative.com\/index.php\/ca\/especialitats\/podologia-estetica\/","title":{"rendered":"Podologia est\u00e8tica"},"content":{"rendered":"<div class=\"wpb-content-wrapper\"><p>[vc_row css=\u00bb.vc_custom_1773750684068{margin-top: 50px !important;margin-bottom: 50px !important;}\u00bb][vc_column css_animation=\u00bbfadeInUp\u00bb css=\u00bb.vc_custom_1773744636386{background-color: #ffffff !important;}\u00bb][vc_column_text css=\u00bb.vc_custom_1774435987922{margin-top: 35px !important;}\u00bb]<\/p>\n<p style=\"text-align: center;\">En els 20 anys que portem cuidant de la salut i els peus dels nostres pacients, hem anat veient i escoltant com, en molts casos, l\u2019est\u00e8tica del peu no es tenia en compte a l\u2019hora de valorar i donar soluci\u00f3 als problemes dels pacients.<\/p>\n<p style=\"text-align: center;\">La majoria d\u2019afeccions del peu, a m\u00e9s de causar dolor i mol\u00e8sties, tamb\u00e9 perjudica de manera evident la imatge dels peus. Aix\u00f2 \u00e9s una cosa que sabem que tamb\u00e9 \u00e9s molt important per a tu.<\/p>\n<p style=\"text-align: center;\">\u00c9s per aix\u00f2 que, des de fa anys, l\u2019est\u00e8tica, igual que la salut, \u00e9s un dels nostres pilars fonamentals a l\u2019hora de posar soluci\u00f3 als problemes dels peus dels nostres pacients.<\/p>\n<p>[\/vc_column_text][vc_row_inner css=\u00bb.vc_custom_1773750548591{margin-top: 40px !important;}\u00bb][vc_column_inner][vc_btn title=\u00bbContacta&#8217;ns\u00bb style=\u00bbclassic\u00bb color=\u00bbblack\u00bb align=\u00bbcenter\u00bb css=\u00bb\u00bb link=\u00bburl:%2Findex.php%2Fca%2Fcontacte\u00bb][\/vc_column_inner][\/vc_row_inner][\/vc_column][\/vc_row][vc_row css=\u00bb.vc_custom_1774347464159{padding-top: 0px !important;}\u00bb el_class=\u00bbtabs-verticales\u00bb][vc_column]<div class=\"ult-animation  ult-animate-viewport  ult-no-mobile \" data-animate=\"slideInUp\" data-animation-delay=\"0.3\" data-animation-duration=\"1\" data-animation-iteration=\"1\" style=\"opacity:0;\" data-opacity_start_effect=\"\"><section class='special_tabs icontext vertical'><div class='tab-selector col-xs-12 col-sm-3'><\/div><div class='tab-container col-xs-12 col-sm-9' style='margin-left:0px;'><\/div><div class='label 1'><div class='kraft_icon_special_tabs'><i class='fa none'><\/i><\/div><div class='title'><a class='special_tabs_linkage'>Cirurgia m\u00ednimament invasiva<\/a><\/div><div class='divider-vertical-tabs'><\/div><\/div><div class='content 1'><p>[vc_row_inner content_placement=\u00bbmiddle\u00bb][vc_column_inner width=\u00bb1\/3&#8243;][vc_single_image image=\u00bb5829&#8243; img_size=\u00bbmedium\u00bb alignment=\u00bbcenter\u00bb style=\u00bbvc_box_circle_2&#8243; css=\u00bb.vc_custom_1774347342123{margin-bottom: 35px !important;}\u00bb][\/vc_column_inner][vc_column_inner width=\u00bb2\/3&#8243; css=\u00bb.vc_custom_1773918047954{padding-right: 75px !important;padding-left: 75px !important;}\u00bb][vc_column_text css=\u00bb\u00bb]La nostra especialitat en podologia est\u00e8tica est\u00e0 molt relacionada amb la cirurgia del peu, ja que aquest procediment a m\u00e9s de tractar l\u2019origen de molts dels problemes freq\u00fcents, eliminant el dolor i les mol\u00e8sties, tamb\u00e9 corregeix l\u2019aparen\u00e7a f\u00edsica del peu.<\/p>\n<p>Si creus que el teu cas pot beneficiar-se d\u2019aquesta t\u00e8cnica, pots demanar una valoraci\u00f3 gratu\u00efta de cirurgia en els nostres centres de Matar\u00f3 i Valls, sense cap comprom\u00eds.[\/vc_column_text][\/vc_column_inner][\/vc_row_inner]<\/p>\n<\/div><div class='label 2'><div class='kraft_icon_special_tabs'><i class='fa none'><\/i><\/div><div class='title'><a class='special_tabs_linkage'>Reconstrucci\u00f3 d'ungles<\/a><\/div><div class='divider-vertical-tabs'><\/div><\/div><div class='content 2'><p>[vc_row_inner content_placement=\u00bbmiddle\u00bb][vc_column_inner width=\u00bb1\/3&#8243;][vc_single_image image=\u00bb5830&#8243; img_size=\u00bbmedium\u00bb alignment=\u00bbcenter\u00bb style=\u00bbvc_box_circle_2&#8243; css=\u00bb.vc_custom_1774347357418{margin-bottom: 35px !important;}\u00bb][\/vc_column_inner][vc_column_inner width=\u00bb2\/3&#8243; css=\u00bb.vc_custom_1773918054169{padding-right: 75px !important;padding-left: 75px !important;}\u00bb][vc_column_text css=\u00bb\u00bb]La caiguda parcial o total d\u2019una ungla \u00e9s d\u2019all\u00f2 m\u00e9s freq\u00fcent despr\u00e9s d\u2019un cop, una infecci\u00f3 per fongs, etc.<\/p>\n<p>La majoria de persones creu que aix\u00f2 no t\u00e9 una altra soluci\u00f3 que esperar que aquesta creixi de nou, per\u00f2 els nostres pacients saben que aix\u00f2 no \u00e9s aix\u00ed.<\/p>\n<p>Gr\u00e0cies a la reconstrucci\u00f3 d\u2019ungles, pots aconseguir l\u2019aparen\u00e7a d\u2019una ungla completament sana i est\u00e8tica en la superf\u00edcie, mentre la teva pr\u00f2pia ungla creix sana i forta per sota. Fins i tot podr\u00e0s pintar-te les ungles sense cap problema!<\/p>\n<p>Aquesta t\u00e8cnica consisteix a aplicar un material espec\u00edfic i exclusivament d\u2019\u00fas sanitari (pel que no \u00e9s possible trobar aquest servei en establiments no sanitaris), que cont\u00e9 f\u00e0rmacs per a la prevenci\u00f3 de fongs, la qual cosa proporcionar\u00e0 a la teva ungla una protecci\u00f3 addicional durant el seu creixement.<\/p>\n<p>Els nostres pod\u00f2legs s\u2019encarregaran de:<\/p>\n<ul>\n<li>Revisar la salut de l\u2019ungla caiguda per a assessorar-te i confirmar que \u00e9s possible realitzar la reconstrucci\u00f3 en el teu cas.<\/li>\n<li>Aplicar, modelar i donar un acabat a aquest material perqu\u00e8 surtis de la visita amb l\u2019ungla nova.<\/li>\n<\/ul>\n<p>[\/vc_column_text][\/vc_column_inner][\/vc_row_inner]<\/p>\n<\/div>\n<\/section><\/div>[\/vc_column][\/vc_row][vc_row css=\u00bb.vc_custom_1774347325508{padding-top: 50px !important;}\u00bb el_class=\u00bbtabs-horizontales\u00bb][vc_column]<div class=\"ult-animation  ult-animate-viewport  ult-no-mobile \" data-animate=\"slideInUp\" data-animation-delay=\"0.3\" data-animation-duration=\"1\" data-animation-iteration=\"1\" style=\"opacity:0;\" data-opacity_start_effect=\"\"><section class='special_tabs icontext horizontal'><div class='tab-selector col-xs-12 col-sm-12'><\/div><div class='tab-container col-xs-12 col-sm-12' style='margin-left:0px;'><\/div><div class='label 3'><div class='kraft_icon_special_tabs'><i class='fa none'><\/i><\/div><div class='title'><a class='special_tabs_linkage'>Cirurgia m\u00ednimament invasiva<\/a><\/div><div class='divider-vertical-tabs'><\/div><\/div><div class='content 3'><p>[vc_row_inner content_placement=\u00bbmiddle\u00bb][vc_column_inner width=\u00bb1\/3&#8243;][vc_single_image image=\u00bb5829&#8243; img_size=\u00bblarge\u00bb alignment=\u00bbcenter\u00bb style=\u00bbvc_box_circle_2&#8243; css=\u00bb.vc_custom_1774436161173{margin-bottom: 35px !important;}\u00bb][\/vc_column_inner][vc_column_inner width=\u00bb2\/3&#8243; css=\u00bb.vc_custom_1773918047954{padding-right: 75px !important;padding-left: 75px !important;}\u00bb][vc_column_text css=\u00bb\u00bb]La nostra especialitat en podologia est\u00e8tica est\u00e0 molt relacionada amb la cirurgia del peu, ja que aquest procediment a m\u00e9s de tractar l\u2019origen de molts dels problemes freq\u00fcents, eliminant el dolor i les mol\u00e8sties, tamb\u00e9 corregeix l\u2019aparen\u00e7a f\u00edsica del peu.<\/p>\n<p>Si creus que el teu cas pot beneficiar-se d\u2019aquesta t\u00e8cnica, pots demanar una valoraci\u00f3 gratu\u00efta de cirurgia en els nostres centres de Matar\u00f3 i Valls, sense cap comprom\u00eds.[\/vc_column_text][\/vc_column_inner][\/vc_row_inner]<\/p>\n<\/div><div class='label 4'><div class='kraft_icon_special_tabs'><i class='fa none'><\/i><\/div><div class='title'><a class='special_tabs_linkage'>Reconstrucci\u00f3 d'ungles<\/a><\/div><div class='divider-vertical-tabs'><\/div><\/div><div class='content 4'><p>[vc_row_inner content_placement=\u00bbmiddle\u00bb][vc_column_inner width=\u00bb1\/3&#8243;][vc_single_image image=\u00bb5830&#8243; img_size=\u00bblarge\u00bb alignment=\u00bbcenter\u00bb style=\u00bbvc_box_circle_2&#8243; css=\u00bb.vc_custom_1774436168260{margin-bottom: 35px !important;}\u00bb][\/vc_column_inner][vc_column_inner width=\u00bb2\/3&#8243; css=\u00bb.vc_custom_1773918054169{padding-right: 75px !important;padding-left: 75px !important;}\u00bb][vc_column_text css=\u00bb\u00bb]La caiguda parcial o total d\u2019una ungla \u00e9s d\u2019all\u00f2 m\u00e9s freq\u00fcent despr\u00e9s d\u2019un cop, una infecci\u00f3 per fongs, etc.<\/p>\n<p>La majoria de persones creu que aix\u00f2 no t\u00e9 una altra soluci\u00f3 que esperar que aquesta creixi de nou, per\u00f2 els nostres pacients saben que aix\u00f2 no \u00e9s aix\u00ed.<\/p>\n<p>Gr\u00e0cies a la reconstrucci\u00f3 d\u2019ungles, pots aconseguir l\u2019aparen\u00e7a d\u2019una ungla completament sana i est\u00e8tica en la superf\u00edcie, mentre la teva pr\u00f2pia ungla creix sana i forta per sota. Fins i tot podr\u00e0s pintar-te les ungles sense cap problema!<\/p>\n<p>Aquesta t\u00e8cnica consisteix a aplicar un material espec\u00edfic i exclusivament d\u2019\u00fas sanitari (pel que no \u00e9s possible trobar aquest servei en establiments no sanitaris), que cont\u00e9 f\u00e0rmacs per a la prevenci\u00f3 de fongs, la qual cosa proporcionar\u00e0 a la teva ungla una protecci\u00f3 addicional durant el seu creixement.<\/p>\n<p>Els nostres pod\u00f2legs s\u2019encarregaran de:<\/p>\n<ul>\n<li>Revisar la salut de l\u2019ungla caiguda per a assessorar-te i confirmar que \u00e9s possible realitzar la reconstrucci\u00f3 en el teu cas.<\/li>\n<li>Aplicar, modelar i donar un acabat a aquest material perqu\u00e8 surtis de la visita amb l\u2019ungla nova.<\/li>\n<\/ul>\n<p>[\/vc_column_text][\/vc_column_inner][\/vc_row_inner]<\/p>\n<\/div>\n<\/section><div class=\"ult-spacer spacer-69e0f55922f77\" data-id=\"69e0f55922f77\" data-height=\"100\" data-height-mobile=\"50\" data-height-tab=\"\" data-height-tab-portrait=\"\" data-height-mobile-landscape=\"50\" style=\"clear:both;display:block;\"><\/div><\/div>[\/vc_column][\/vc_row][vc_row css=\u00bb.vc_custom_1774347402870{margin-bottom: 55px !important;}\u00bb el_class=\u00bbservicios\u00bb][vc_column][vc_custom_heading text=\u00bbEls nostres serveis especialitzats\u00bb font_container=\u00bbtag:h2|font_size:45PX|text_align:center|color:%23000000|line_height:1em%20!important\u00bb use_theme_fonts=\u00bbyes\u00bb css=\u00bb\u00bb el_class=\u00bbsmall-letter-spacing\u00bb]<section class='special_tabs icontext vertical'><div class='tab-selector col-xs-12 col-sm-3'><\/div><div class='tab-container col-xs-12 col-sm-9' style='margin-left:0px;'><\/div><div class='label 5'><div class='kraft_icon_special_tabs'><i class='fa none'><\/i><\/div><div class='title'><a class='special_tabs_linkage'>Reconstrucci\u00f3 unguial<\/a><\/div><div class='divider-vertical-tabs'><\/div><\/div><div class='content 5'><p>[vc_row_inner content_placement=\u00bbmiddle\u00bb][vc_column_inner][vc_column_text css=\u00bb.vc_custom_1774436195404{margin-bottom: 1em !important;}\u00bb]Gr\u00e0cies a la reconstrucci\u00f3 d\u2019ungles, pots aconseguir l\u2019aparen\u00e7a d\u2019una ungla completament sana i est\u00e8tica a la superf\u00edcie, mentre la teva pr\u00f2pia ungla creix sana i forta per sota.<\/p>\n<p>Aquesta t\u00e8cnica consisteix a aplicar un material espec\u00edfic i exclusivament d\u2019\u00fas sanitari (pel que no \u00e9s possible trobar aquest servei en establiments no sanitaris), que cont\u00e9 f\u00e0rmacs per a la prevenci\u00f3 de fongs, la qual cosa proporcionar\u00e0 a la teva ungla una protecci\u00f3 addicional durant el seu creixement.[\/vc_column_text][vc_column_text css=\u00bb\u00bb]<strong style=\"font-size: 20px;\">Tarifa: 50\u20ac<\/strong>[\/vc_column_text][\/vc_column_inner][\/vc_row_inner]<\/p>\n<\/div>\n<\/section>[\/vc_column][\/vc_row]<\/p>\n<\/div>","protected":false},"excerpt":{"rendered":"<p>[vc_row css=\u00bb.vc_custom_1773750684068{margin-top: 50px !important;margin-bottom: 50px !important;}\u00bb][vc_column css_animation=\u00bbfadeInUp\u00bb css=\u00bb.vc_custom_1773744636386{background-color: #ffffff !important;}\u00bb][vc_column_text css=\u00bb.vc_custom_1774435987922{margin-top: 35px !important;}\u00bb] En els 20 anys que portem cuidant de la salut i els peus dels nostres pacients, hem anat veient i escoltant com, en molts casos, l\u2019est\u00e8tica del peu no es tenia en compte a l\u2019hora de valorar i donar soluci\u00f3 als problemes [&hellip;]<\/p>\n","protected":false},"author":1,"featured_media":0,"parent":6390,"menu_order":0,"comment_status":"closed","ping_status":"closed","template":"page.php","meta":{"_joinchat":[],"footnotes":""},"class_list":["post-6411","page","type-page","status-publish","hentry"],"_links":{"self":[{"href":"https:\/\/clinicapeu.mustachecreative.com\/index.php\/wp-json\/wp\/v2\/pages\/6411","targetHints":{"allow":["GET"]}}],"collection":[{"href":"https:\/\/clinicapeu.mustachecreative.com\/index.php\/wp-json\/wp\/v2\/pages"}],"about":[{"href":"https:\/\/clinicapeu.mustachecreative.com\/index.php\/wp-json\/wp\/v2\/types\/page"}],"author":[{"embeddable":true,"href":"https:\/\/clinicapeu.mustachecreative.com\/index.php\/wp-json\/wp\/v2\/users\/1"}],"replies":[{"embeddable":true,"href":"https:\/\/clinicapeu.mustachecreative.com\/index.php\/wp-json\/wp\/v2\/comments?post=6411"}],"version-history":[{"count":3,"href":"https:\/\/clinicapeu.mustachecreative.com\/index.php\/wp-json\/wp\/v2\/pages\/6411\/revisions"}],"predecessor-version":[{"id":6460,"href":"https:\/\/clinicapeu.mustachecreative.com\/index.php\/wp-json\/wp\/v2\/pages\/6411\/revisions\/6460"}],"up":[{"embeddable":true,"href":"https:\/\/clinicapeu.mustachecreative.com\/index.php\/wp-json\/wp\/v2\/pages\/6390"}],"wp:attachment":[{"href":"https:\/\/clinicapeu.mustachecreative.com\/index.php\/wp-json\/wp\/v2\/media?parent=6411"}],"curies":[{"name":"wp","href":"https:\/\/api.w.org\/{rel}","templated":true}]}}