{"id":6409,"date":"2026-03-25T09:20:26","date_gmt":"2026-03-25T08:20:26","guid":{"rendered":"https:\/\/clinicapeu.mustachecreative.com\/?page_id=6409"},"modified":"2026-03-26T10:45:40","modified_gmt":"2026-03-26T09:45:40","slug":"podologia-general","status":"publish","type":"page","link":"https:\/\/clinicapeu.mustachecreative.com\/index.php\/ca\/especialitats\/podologia-general\/","title":{"rendered":"Podologia general"},"content":{"rendered":"<div class=\"wpb-content-wrapper\"><p>[vc_row css=\u00bb.vc_custom_1774346642144{margin-top: 50px !important;margin-bottom: 50px !important;}\u00bb el_class=\u00bbservicios\u00bb][vc_column css_animation=\u00bbfadeInUp\u00bb css=\u00bb.vc_custom_1773744636386{background-color: #ffffff !important;}\u00bb][vc_custom_heading text=\u00bbCura general i prevenci\u00f3\u00bb font_container=\u00bbtag:h2|font_size:45PX|text_align:center|color:%23000000|line_height:1em%20!important\u00bb use_theme_fonts=\u00bbyes\u00bb css=\u00bb\u00bb el_class=\u00bbsmall-letter-spacing\u00bb][vc_column_text css=\u00bb.vc_custom_1774434428084{margin-top: 35px !important;}\u00bb]<\/p>\n<p style=\"text-align: center;\">De la mateixa manera que per a prevenir malalties en les dents realitzem una s\u00e8rie de cures di\u00e0ries i visitem al dentista, \u00e9s important fer el mateix amb els nostres peus.<\/p>\n<p style=\"text-align: center;\">Utilitzar un cal\u00e7at adequat per al teu tipus de trepitjada o forma del peu, tenir una bona t\u00e8cnica de tall d\u2019ungles, hidratar b\u00e9 la pell, etc. s\u00f3n nom\u00e9s algunes de les coses fonamentals a tenir en compte per a evitar problemes en la salut dels teus peus.<\/p>\n<p style=\"text-align: center;\">Si no has visitat mai o en molt de temps a un pod\u00f2leg, pot ser molt \u00fatil fer-ho per a revisar l\u2019estat dels teus peus i obtenir recomanacions per a la prevenci\u00f3 de les malalties m\u00e9s freq\u00fcents, segons les caracter\u00edstiques dels teus peus o, fins i tot, el teu estil de vida.<\/p>\n<p>[\/vc_column_text][vc_row_inner css=\u00bb.vc_custom_1773750548591{margin-top: 40px !important;}\u00bb][vc_column_inner][vc_btn title=\u00bbContacta&#8217;ns\u00bb style=\u00bbclassic\u00bb color=\u00bbblack\u00bb align=\u00bbcenter\u00bb css=\u00bb\u00bb link=\u00bburl:%2Findex.php%2Fca%2Fcontacte\u00bb][\/vc_column_inner][\/vc_row_inner][\/vc_column][\/vc_row][vc_row css=\u00bb.vc_custom_1774346852150{padding-top: 50px !important;}\u00bb el_class=\u00bbtabs-verticales\u00bb][vc_column]<div class=\"ult-animation  ult-animate-viewport  ult-no-mobile \" data-animate=\"slideInUp\" data-animation-delay=\"0.3\" data-animation-duration=\"1\" data-animation-iteration=\"1\" style=\"opacity:0;\" data-opacity_start_effect=\"\"><section class='special_tabs icontext vertical'><div class='tab-selector col-xs-12 col-sm-3'><\/div><div class='tab-container col-xs-12 col-sm-9' style='margin-left:0px;'><\/div><div class='label 1'><div class='kraft_icon_special_tabs'><i class='fa none'><\/i><\/div><div class='title'><a class='special_tabs_linkage'>Peu diab\u00e8tic<\/a><\/div><div class='divider-vertical-tabs'><\/div><\/div><div class='content 1'><p>[vc_row_inner content_placement=\u00bbmiddle\u00bb][vc_column_inner width=\u00bb1\/3&#8243;][vc_single_image image=\u00bb5787&#8243; img_size=\u00bbmedium\u00bb alignment=\u00bbcenter\u00bb style=\u00bbvc_box_circle_2&#8243; css=\u00bb.vc_custom_1774346793398{margin-bottom: 35px !important;}\u00bb][\/vc_column_inner][vc_column_inner width=\u00bb2\/3&#8243; css=\u00bb.vc_custom_1773917531379{padding-right: 75px !important;padding-left: 75px !important;}\u00bb][vc_column_text css=\u00bb\u00bb]Les persones amb diabetis tenen un risc alt a desenvolupar malalties vasculars i neurol\u00f2giques perif\u00e8riques que afecten de manera important a la salut de les seves cames i els seus peus.<\/p>\n<p>Si aquest \u00e9s el teu cas, encara que no hagis desenvolupat cap problema als peus, \u00e9s molt recomanable que visitis a un pod\u00f2leg anualment perqu\u00e8 es pugui detectar qualsevol afecci\u00f3 del peu secund\u00e0ria a la diabetis. En aquesta mena de patologies, diagnosticar-les a temps pot canviar dr\u00e0sticament el pron\u00f2stic.[\/vc_column_text][vc_column_text css=\u00bb.vc_custom_1774434516304{padding-top: 20px !important;padding-right: 20px !important;padding-bottom: 20px !important;padding-left: 20px !important;}\u00bb]<\/p>\n<p style=\"text-align: center; color: #5ed2ef;\">Si tens diabetis, ets resident a Catalunya i disposes de la targeta personal sanit\u00e0ria del CatSalut, tens dret a realitzar-te visites gratu\u00eftes amb un pod\u00f2leg de la xarxa de professionals amb atenci\u00f3 al peu diab\u00e8tic que col\u00b7laboren amb el Servei Catal\u00e0 de la Salut. Recorda activar pr\u00e8viament les visites en la teva \u00e0rea de salut (CAP).<\/p>\n<p>[\/vc_column_text][\/vc_column_inner][\/vc_row_inner]<\/p>\n<\/div><div class='label 2'><div class='kraft_icon_special_tabs'><i class='fa none'><\/i><\/div><div class='title'><a class='special_tabs_linkage'>Persones grans<\/a><\/div><div class='divider-vertical-tabs'><\/div><\/div><div class='content 2'><p>[vc_row_inner content_placement=\u00bbmiddle\u00bb][vc_column_inner width=\u00bb1\/3&#8243;][vc_single_image image=\u00bb5790&#8243; img_size=\u00bbmedium\u00bb alignment=\u00bbcenter\u00bb style=\u00bbvc_box_circle_2&#8243; css=\u00bb.vc_custom_1774346807383{margin-bottom: 35px !important;}\u00bb][\/vc_column_inner][vc_column_inner width=\u00bb2\/3&#8243; css=\u00bb.vc_custom_1773917558306{padding-right: 75px !important;padding-left: 75px !important;}\u00bb][vc_column_text css=\u00bb\u00bb]Les persones grans poden beneficiar-se especialment de les revisions podol\u00f2giques freq\u00fcents i de la quiropodia, ja que la seva visi\u00f3, mobilitat i la seva for\u00e7a es va deteriorant amb el pas dels anys.<\/p>\n<p>Aix\u00f2 fa m\u00e9s complicat i perill\u00f3s el tall de les ungles dels peus, produint-se en moltes ocasions ferides durant el tall.<\/p>\n<p>En les visites ens assegurarem de detectar qualsevol problema en la seva fase m\u00e9s inicial i de prevenir altres afeccions, mitjan\u00e7ant la cura de les ungles i dureses del peu que inclou el servei de quirop\u00f2dia.[\/vc_column_text][\/vc_column_inner][\/vc_row_inner]<\/p>\n<\/div>\n<\/section><\/div>[\/vc_column][\/vc_row][vc_row css=\u00bb.vc_custom_1774346772096{padding-top: 50px !important;}\u00bb el_class=\u00bbtabs-horizontales\u00bb][vc_column]<div class=\"ult-animation  ult-animate-viewport  ult-no-mobile \" data-animate=\"slideInUp\" data-animation-delay=\"0.3\" data-animation-duration=\"1\" data-animation-iteration=\"1\" style=\"opacity:0;\" data-opacity_start_effect=\"\"><section class='special_tabs icontext horizontal'><div class='tab-selector col-xs-12 col-sm-12'><\/div><div class='tab-container col-xs-12 col-sm-12' style='margin-left:0px;'><\/div><div class='label 3'><div class='kraft_icon_special_tabs'><i class='fa none'><\/i><\/div><div class='title'><a class='special_tabs_linkage'>Peu diab\u00e8tic<\/a><\/div><div class='divider-vertical-tabs'><\/div><\/div><div class='content 3'><p>[vc_row_inner content_placement=\u00bbmiddle\u00bb][vc_column_inner width=\u00bb1\/3&#8243;][vc_single_image image=\u00bb5787&#8243; img_size=\u00bblarge\u00bb alignment=\u00bbcenter\u00bb style=\u00bbvc_box_circle_2&#8243; css=\u00bb.vc_custom_1774434582338{margin-bottom: 35px !important;}\u00bb][\/vc_column_inner][vc_column_inner width=\u00bb2\/3&#8243; css=\u00bb.vc_custom_1773917531379{padding-right: 75px !important;padding-left: 75px !important;}\u00bb][vc_column_text css=\u00bb\u00bb]Les persones amb diabetis tenen un risc alt a desenvolupar malalties vasculars i neurol\u00f2giques perif\u00e8riques que afecten de manera important a la salut de les seves cames i els seus peus.<\/p>\n<p>Si aquest \u00e9s el teu cas, encara que no hagis desenvolupat cap problema als peus, \u00e9s molt recomanable que visitis a un pod\u00f2leg anualment perqu\u00e8 es pugui detectar qualsevol afecci\u00f3 del peu secund\u00e0ria a la diabetis. En aquesta mena de patologies, diagnosticar-les a temps pot canviar dr\u00e0sticament el pron\u00f2stic.[\/vc_column_text][vc_column_text css=\u00bb.vc_custom_1774434516304{padding-top: 20px !important;padding-right: 20px !important;padding-bottom: 20px !important;padding-left: 20px !important;}\u00bb]<\/p>\n<p style=\"text-align: center; color: #5ed2ef;\">Si tens diabetis, ets resident a Catalunya i disposes de la targeta personal sanit\u00e0ria del CatSalut, tens dret a realitzar-te visites gratu\u00eftes amb un pod\u00f2leg de la xarxa de professionals amb atenci\u00f3 al peu diab\u00e8tic que col\u00b7laboren amb el Servei Catal\u00e0 de la Salut. Recorda activar pr\u00e8viament les visites en la teva \u00e0rea de salut (CAP).<\/p>\n<p>[\/vc_column_text][\/vc_column_inner][\/vc_row_inner]<\/p>\n<\/div><div class='label 4'><div class='kraft_icon_special_tabs'><i class='fa none'><\/i><\/div><div class='title'><a class='special_tabs_linkage'>Persones grans<\/a><\/div><div class='divider-vertical-tabs'><\/div><\/div><div class='content 4'><p>[vc_row_inner content_placement=\u00bbmiddle\u00bb][vc_column_inner width=\u00bb1\/3&#8243;][vc_single_image image=\u00bb5790&#8243; img_size=\u00bblarge\u00bb alignment=\u00bbcenter\u00bb style=\u00bbvc_box_circle_2&#8243; css=\u00bb.vc_custom_1774434588057{margin-bottom: 35px !important;}\u00bb][\/vc_column_inner][vc_column_inner width=\u00bb2\/3&#8243; css=\u00bb.vc_custom_1773917558306{padding-right: 75px !important;padding-left: 75px !important;}\u00bb][vc_column_text css=\u00bb\u00bb]Les persones grans poden beneficiar-se especialment de les revisions podol\u00f2giques freq\u00fcents i de la quiropodia, ja que la seva visi\u00f3, mobilitat i la seva for\u00e7a es va deteriorant amb el pas dels anys.<\/p>\n<p>Aix\u00f2 fa m\u00e9s complicat i perill\u00f3s el tall de les ungles dels peus, produint-se en moltes ocasions ferides durant el tall.<\/p>\n<p>En les visites ens assegurarem de detectar qualsevol problema en la seva fase m\u00e9s inicial i de prevenir altres afeccions, mitjan\u00e7ant la cura de les ungles i dureses del peu que inclou el servei de quirop\u00f2dia.[\/vc_column_text][\/vc_column_inner][\/vc_row_inner]<\/p>\n<\/div>\n<\/section><div class=\"ult-spacer spacer-69e0f6a7eeaf1\" data-id=\"69e0f6a7eeaf1\" data-height=\"100\" data-height-mobile=\"50\" data-height-tab=\"\" data-height-tab-portrait=\"\" data-height-mobile-landscape=\"50\" style=\"clear:both;display:block;\"><\/div><\/div>[\/vc_column][\/vc_row][vc_row css=\u00bb.vc_custom_1774346675412{margin-bottom: 55px !important;}\u00bb el_class=\u00bbservicios\u00bb][vc_column][vc_custom_heading text=\u00bbEls nostres serveis especialitzats\u00bb font_container=\u00bbtag:h2|font_size:45PX|text_align:center|color:%23000000|line_height:1em%20!important\u00bb use_theme_fonts=\u00bbyes\u00bb css=\u00bb\u00bb el_class=\u00bbsmall-letter-spacing\u00bb]<section class='special_tabs icontext vertical'><div class='tab-selector col-xs-12 col-sm-3'><\/div><div class='tab-container col-xs-12 col-sm-9' style='margin-left:0px;'><\/div><div class='label 5'><div class='kraft_icon_special_tabs'><i class='fa none'><\/i><\/div><div class='title'><a class='special_tabs_linkage'>Visita general<\/a><\/div><div class='divider-vertical-tabs'><\/div><\/div><div class='content 5'><p>[vc_row_inner content_placement=\u00bbmiddle\u00bb][vc_column_inner][vc_column_text css=\u00bb\u00bb]Una visita general inclou l&#8217;exploraci\u00f3 i diagn\u00f2stic de patologies (a excepci\u00f3 de problemes relacionats amb la podologia del moviment i que requereixin un estudi biomec\u00e1nico). En aquesta visita tamb\u00e9 es receptaran, si \u00e9s necessari, tractaments farmacol\u00f2gics o preventius \/ educatius (pautes per a seguir a casa, etc.).[\/vc_column_text][vc_column_text css=\u00bb\u00bb]<strong style=\"font-size: 20px;\">Tarifa: 35\u20ac<\/strong>[\/vc_column_text][\/vc_column_inner][\/vc_row_inner]<\/p>\n<\/div><div class='label 6'><div class='kraft_icon_special_tabs'><i class='fa none'><\/i><\/div><div class='title'><a class='special_tabs_linkage'>Visita pedi\u00e0trica<\/a><\/div><div class='divider-vertical-tabs'><\/div><\/div><div class='content 6'><p>[vc_row_inner content_placement=\u00bbmiddle\u00bb][vc_column_inner][vc_column_text css=\u00bb\u00bb]La visita pedi\u00e0trica inclou el mateix que la visita general, per\u00f2 est\u00e0 realitzada per un especialista en podologia infantil.[\/vc_column_text][vc_column_text css=\u00bb\u00bb]<strong style=\"font-size: 20px;\">Tarifa: 35\u20ac<\/strong>[\/vc_column_text][\/vc_column_inner][\/vc_row_inner]<\/p>\n<\/div><div class='label 7'><div class='kraft_icon_special_tabs'><i class='fa none'><\/i><\/div><div class='title'><a class='special_tabs_linkage'>Quirop\u00f2dia<\/a><\/div><div class='divider-vertical-tabs'><\/div><\/div><div class='content 7'><p>[vc_row_inner content_placement=\u00bbmiddle\u00bb][vc_column_inner][vc_column_text css=\u00bb\u00bb]La quiropodia inclou el tractament i prevenci\u00f3 de callositats i condicionament d&#8217;ungles.[\/vc_column_text][vc_column_text css=\u00bb\u00bb]<strong style=\"font-size: 20px;\">Tarifa: 35\u20ac<\/strong>[\/vc_column_text][\/vc_column_inner][\/vc_row_inner]<\/p>\n<\/div><div class='label 8'><div class='kraft_icon_special_tabs'><i class='fa none'><\/i><\/div><div class='title'><a class='special_tabs_linkage'>Berrugues<\/a><\/div><div class='divider-vertical-tabs'><\/div><\/div><div class='content 8'><p>[vc_row_inner content_placement=\u00bbmiddle\u00bb][vc_column_inner][vc_column_text css=\u00bb\u00bb]El tractament per a berrugues en la nostra cl\u00ednica consisteix en:<\/p>\n<ul>\n<li>Una primera visita on es diagnostica i inicia el tractament per a la berruga.<\/li>\n<li>Dues visites addicionals per a les cures i seguiment del tractament.<\/li>\n<\/ul>\n<p>El preu i nombre de visites addicionals necess\u00e0ries pot variar en funci\u00f3 de l&#8217;extensi\u00f3 o nombre de berrugues.[\/vc_column_text][vc_column_text css=\u00bb\u00bb]<strong style=\"font-size: 20px;\">Tarifa: 55\u20ac<\/strong>[\/vc_column_text][\/vc_column_inner][\/vc_row_inner]<\/p>\n<\/div><div class='label 9'><div class='kraft_icon_special_tabs'><i class='fa none'><\/i><\/div><div class='title'><a class='special_tabs_linkage'>Infiltraci\u00f3<\/a><\/div><div class='divider-vertical-tabs'><\/div><\/div><div class='content 9'><p>[vc_row_inner content_placement=\u00bbmiddle\u00bb][vc_column_inner][vc_column_text css=\u00bb\u00bb]La infiltraci\u00f3 \u00e9s una t\u00e8cnica en la qual s&#8217;aplica un medicament, normalment un potent antiinflamatori, en un lloc concret del peu per a tractar la inflamaci\u00f3 i reduir el dolor durant un per\u00edode bastant prolongat. Malgrat alleujar de manera significativa les mol\u00e8sties, la infiltraci\u00f3 no tracta l&#8217;origen del problema, que s&#8217;ha d&#8217;identificar i tractar paral\u00b7lelament, per a evitar la reaparici\u00f3 del dolor.[\/vc_column_text][vc_column_text css=\u00bb\u00bb]<strong style=\"font-size: 20px;\">Tarifa: A partir de 55\u20ac<\/strong><\/p>\n<p><strong style=\"font-size: 20px;\">Tarifa infiltraci\u00f3 amb plasma: A consultar<\/strong>[\/vc_column_text][\/vc_column_inner][\/vc_row_inner]<\/p>\n<\/div>\n<\/section>[\/vc_column][\/vc_row]<\/p>\n<\/div>","protected":false},"excerpt":{"rendered":"<p>[vc_row css=\u00bb.vc_custom_1774346642144{margin-top: 50px !important;margin-bottom: 50px !important;}\u00bb el_class=\u00bbservicios\u00bb][vc_column css_animation=\u00bbfadeInUp\u00bb css=\u00bb.vc_custom_1773744636386{background-color: #ffffff !important;}\u00bb][vc_custom_heading text=\u00bbCura general i prevenci\u00f3\u00bb font_container=\u00bbtag:h2|font_size:45PX|text_align:center|color:%23000000|line_height:1em%20!important\u00bb use_theme_fonts=\u00bbyes\u00bb css=\u00bb\u00bb el_class=\u00bbsmall-letter-spacing\u00bb][vc_column_text css=\u00bb.vc_custom_1774434428084{margin-top: 35px !important;}\u00bb] De la mateixa manera que per a prevenir malalties en les dents realitzem una s\u00e8rie de cures di\u00e0ries i visitem al dentista, \u00e9s important fer el mateix amb els nostres peus. Utilitzar un [&hellip;]<\/p>\n","protected":false},"author":1,"featured_media":0,"parent":6390,"menu_order":0,"comment_status":"closed","ping_status":"closed","template":"page.php","meta":{"_joinchat":[],"footnotes":""},"class_list":["post-6409","page","type-page","status-publish","hentry"],"_links":{"self":[{"href":"https:\/\/clinicapeu.mustachecreative.com\/index.php\/wp-json\/wp\/v2\/pages\/6409","targetHints":{"allow":["GET"]}}],"collection":[{"href":"https:\/\/clinicapeu.mustachecreative.com\/index.php\/wp-json\/wp\/v2\/pages"}],"about":[{"href":"https:\/\/clinicapeu.mustachecreative.com\/index.php\/wp-json\/wp\/v2\/types\/page"}],"author":[{"embeddable":true,"href":"https:\/\/clinicapeu.mustachecreative.com\/index.php\/wp-json\/wp\/v2\/users\/1"}],"replies":[{"embeddable":true,"href":"https:\/\/clinicapeu.mustachecreative.com\/index.php\/wp-json\/wp\/v2\/comments?post=6409"}],"version-history":[{"count":3,"href":"https:\/\/clinicapeu.mustachecreative.com\/index.php\/wp-json\/wp\/v2\/pages\/6409\/revisions"}],"predecessor-version":[{"id":6452,"href":"https:\/\/clinicapeu.mustachecreative.com\/index.php\/wp-json\/wp\/v2\/pages\/6409\/revisions\/6452"}],"up":[{"embeddable":true,"href":"https:\/\/clinicapeu.mustachecreative.com\/index.php\/wp-json\/wp\/v2\/pages\/6390"}],"wp:attachment":[{"href":"https:\/\/clinicapeu.mustachecreative.com\/index.php\/wp-json\/wp\/v2\/media?parent=6409"}],"curies":[{"name":"wp","href":"https:\/\/api.w.org\/{rel}","templated":true}]}}