{"id":6407,"date":"2026-03-25T09:19:28","date_gmt":"2026-03-25T08:19:28","guid":{"rendered":"https:\/\/clinicapeu.mustachecreative.com\/?page_id=6407"},"modified":"2026-03-26T10:35:37","modified_gmt":"2026-03-26T09:35:37","slug":"podologia-del-moviment","status":"publish","type":"page","link":"https:\/\/clinicapeu.mustachecreative.com\/index.php\/ca\/especialitats\/podologia-del-moviment\/","title":{"rendered":"Podologia del moviment"},"content":{"rendered":"<div class=\"wpb-content-wrapper\"><p>[vc_row css=\u00bb.vc_custom_1773750684068{margin-top: 50px !important;margin-bottom: 50px !important;}\u00bb][vc_column css_animation=\u00bbfadeInUp\u00bb css=\u00bb.vc_custom_1773744636386{background-color: #ffffff !important;}\u00bb][vc_column_text css=\u00bb.vc_custom_1774434990332{margin-top: 35px !important;}\u00bb]<\/p>\n<p style=\"text-align: center;\">La nostra unitat de podologia del moviment ha estat dissenyada per a atendre a totes aquelles persones que conviuen amb problemes que dificultin el seu moviment en general, des de persones que necessitin poder estar c\u00f2modes drets a la feina o en el seu dia a dia, fins a esportistes professionals que requereixin una important prevenci\u00f3 i control de lesions.<\/p>\n<p>[\/vc_column_text][vc_row_inner css=\u00bb.vc_custom_1773750548591{margin-top: 40px !important;}\u00bb][vc_column_inner][vc_btn title=\u00bbContacta&#8217;ns\u00bb style=\u00bbclassic\u00bb color=\u00bbblack\u00bb align=\u00bbcenter\u00bb css=\u00bb\u00bb link=\u00bburl:%2Findex.php%2Fca%2Fcontacte\u00bb][\/vc_column_inner][\/vc_row_inner][\/vc_column][\/vc_row][vc_row css=\u00bb.vc_custom_1774346494983{padding-top: 0px !important;}\u00bb el_class=\u00bbtabs-verticales\u00bb][vc_column]<div class=\"ult-animation  ult-animate-viewport  ult-no-mobile \" data-animate=\"slideInUp\" data-animation-delay=\"0.3\" data-animation-duration=\"1\" data-animation-iteration=\"1\" style=\"opacity:0;\" data-opacity_start_effect=\"\"><section class='special_tabs icontext vertical'><div class='tab-selector col-xs-12 col-sm-3'><\/div><div class='tab-container col-xs-12 col-sm-9' style='margin-left:0px;'><\/div><div class='label 1'><div class='kraft_icon_special_tabs'><i class='fa none'><\/i><\/div><div class='title'><a class='special_tabs_linkage'>Estudi de la petjada i estudi biomec\u00e0nic<\/a><\/div><div class='divider-vertical-tabs'><\/div><\/div><div class='content 1'><p>[vc_row_inner content_placement=\u00bbmiddle\u00bb][vc_column_inner width=\u00bb1\/3&#8243;][vc_single_image image=\u00bb5796&#8243; img_size=\u00bbmedium\u00bb alignment=\u00bbcenter\u00bb style=\u00bbvc_box_circle_2&#8243; css=\u00bb.vc_custom_1774346439089{margin-bottom: 35px !important;}\u00bb][\/vc_column_inner][vc_column_inner width=\u00bb2\/3&#8243; css=\u00bb.vc_custom_1773917677755{padding-right: 75px !important;padding-left: 75px !important;}\u00bb][vc_column_text css=\u00bb\u00bb]Les alteracions de la petjada s\u00f3n un tipus de problema que molt sovint passa desapercebut i que, a poc a poc, pot causar altres afeccions secund\u00e0ries com ara deformitats als peus, galindons, mal d\u2019esquena, genolls o peus, etc.<\/p>\n<p>Aix\u00f2 pot acabar provocant una cadena de problemes que arribi a repercutir seriosament en la teva qualitat de vida, creant dolor i malestar i fent que deixis de gaudir de tot all\u00f2 que abans t\u2019encantava: passejar, ballar, fer esport, etc.<\/p>\n<p>Gr\u00e0cies a aquesta mena d\u2019estudis, podem detectar si existeix alguna alteraci\u00f3 en la biomec\u00e0nica o en la teva trepitjada, situar l\u2019origen del problema i donar amb una soluci\u00f3 espec\u00edfica per al teu cas, com poden ser les plantilles personalitzades.[\/vc_column_text][\/vc_column_inner][\/vc_row_inner]<\/p>\n<\/div><div class='label 2'><div class='kraft_icon_special_tabs'><i class='fa none'><\/i><\/div><div class='title'><a class='special_tabs_linkage'>Plantilles o suports plantars<\/a><\/div><div class='divider-vertical-tabs'><\/div><\/div><div class='content 2'><p>[vc_row_inner content_placement=\u00bbmiddle\u00bb][vc_column_inner width=\u00bb1\/3&#8243;][vc_single_image image=\u00bb5797&#8243; img_size=\u00bbmedium\u00bb alignment=\u00bbcenter\u00bb style=\u00bbvc_box_circle_2&#8243; css=\u00bb.vc_custom_1774346454354{margin-bottom: 35px !important;}\u00bb][\/vc_column_inner][vc_column_inner width=\u00bb2\/3&#8243; css=\u00bb.vc_custom_1773917695138{padding-right: 75px !important;padding-left: 75px !important;}\u00bb][vc_column_text css=\u00bb\u00bb]Les plantilles o suports plantars s\u00f3n una de les possibles solucions a diferents patologies del peu.<\/p>\n<p>Aquest tractament consisteix a compensar les alteracions de la teva trepitjada mitjan\u00e7ant una plantilla amb una forma espec\u00edfica que canviar\u00e0 la teva manera de caminar lleugerament, aconseguint una postura equilibrada i la resoluci\u00f3 o millora dels problemes derivats d\u2019aix\u00f2.<\/p>\n<p>Aquests suports funcionen de la mateixa manera que unes ulleres serveixen per a compensar les alteracions de la visi\u00f3. La persona que necessita portar plantilles, \u00e9s probable que hagi de portar-les la resta de la seva vida, ja que aquestes no tenen la capacitat de corregir el peu.<\/p>\n<p>Qualsevol plantilla o suport plantar requereix d\u2019un per\u00edode d\u2019adaptaci\u00f3 que es controlar\u00e0 mitjan\u00e7ant visites de seguiment amb el teu pod\u00f2leg.<\/p>\n<p>Per a poder crear unes plantilles 100% personalitzades per al teu cas, sempre realitzem un estudi de la trepitjada i un escaneig 3D del peu.[\/vc_column_text][\/vc_column_inner][\/vc_row_inner]<\/p>\n<\/div><div class='label 3'><div class='kraft_icon_special_tabs'><i class='fa none'><\/i><\/div><div class='title'><a class='special_tabs_linkage'>Podologia esportiva<\/a><\/div><div class='divider-vertical-tabs'><\/div><\/div><div class='content 3'><p>[vc_row_inner content_placement=\u00bbmiddle\u00bb][vc_column_inner width=\u00bb1\/3&#8243;][vc_single_image image=\u00bb5798&#8243; img_size=\u00bbmedium\u00bb alignment=\u00bbcenter\u00bb style=\u00bbvc_box_circle_2&#8243; css=\u00bb.vc_custom_1774346467982{margin-bottom: 35px !important;}\u00bb][\/vc_column_inner][vc_column_inner width=\u00bb2\/3&#8243; css=\u00bb.vc_custom_1773917726123{padding-right: 75px !important;padding-left: 75px !important;}\u00bb][vc_column_text css=\u00bb\u00bb]Dins de la nostra unitat de podologia del moviment, tenim pacients amb unes necessitats molt espec\u00edfiques: els esportistes. Ja siguis iniciat o professional, sabem que \u00e9s crucial tenir una bona prevenci\u00f3 i tractament de lesions per a obtenir un m\u00e0xim rendiment.<\/p>\n<p>L\u2019evid\u00e8ncia cient\u00edfica ens indica que el 100% dels esportistes patir\u00e0 alguna lesi\u00f3 durant la seva vida. No obstant aix\u00f2, detectar amb antelaci\u00f3 alteracions de la mec\u00e0nica esportiva, determinaran que aquesta lesi\u00f3 tingui un millor o pitjor pron\u00f2stic. Per aquest motiu, comptar amb un pod\u00f2leg dins de l\u2019equip multidisciplinari que t\u2019acompanya, \u00e9s fonamental per a aconseguir la teva millor versi\u00f3 en l\u2019esport.[\/vc_column_text][\/vc_column_inner][\/vc_row_inner]<\/p>\n<\/div>\n<\/section><\/div>[\/vc_column][\/vc_row][vc_row css=\u00bb.vc_custom_1774346513347{padding-top: 50px !important;}\u00bb el_class=\u00bbtabs-horizontales\u00bb][vc_column]<div class=\"ult-animation  ult-animate-viewport  ult-no-mobile \" data-animate=\"slideInUp\" data-animation-delay=\"0.3\" data-animation-duration=\"1\" data-animation-iteration=\"1\" style=\"opacity:0;\" data-opacity_start_effect=\"\"><section class='special_tabs icontext horizontal'><div class='tab-selector col-xs-12 col-sm-12'><\/div><div class='tab-container col-xs-12 col-sm-12' style='margin-left:0px;'><\/div><div class='label 4'><div class='kraft_icon_special_tabs'><i class='fa none'><\/i><\/div><div class='title'><a class='special_tabs_linkage'>Estudi de la petjada i estudi biomec\u00e0nic<\/a><\/div><div class='divider-vertical-tabs'><\/div><\/div><div class='content 4'><p>[vc_row_inner content_placement=\u00bbmiddle\u00bb][vc_column_inner width=\u00bb1\/3&#8243;][vc_single_image image=\u00bb5796&#8243; img_size=\u00bblarge\u00bb alignment=\u00bbcenter\u00bb style=\u00bbvc_box_circle_2&#8243; css=\u00bb.vc_custom_1774435228250{margin-bottom: 35px !important;}\u00bb][\/vc_column_inner][vc_column_inner width=\u00bb2\/3&#8243; css=\u00bb.vc_custom_1773917677755{padding-right: 75px !important;padding-left: 75px !important;}\u00bb][vc_column_text css=\u00bb\u00bb]Les alteracions de la petjada s\u00f3n un tipus de problema que molt sovint passa desapercebut i que, a poc a poc, pot causar altres afeccions secund\u00e0ries com ara deformitats als peus, galindons, mal d\u2019esquena, genolls o peus, etc.<\/p>\n<p>Aix\u00f2 pot acabar provocant una cadena de problemes que arribi a repercutir seriosament en la teva qualitat de vida, creant dolor i malestar i fent que deixis de gaudir de tot all\u00f2 que abans t\u2019encantava: passejar, ballar, fer esport, etc.<\/p>\n<p>Gr\u00e0cies a aquesta mena d\u2019estudis, podem detectar si existeix alguna alteraci\u00f3 en la biomec\u00e0nica o en la teva trepitjada, situar l\u2019origen del problema i donar amb una soluci\u00f3 espec\u00edfica per al teu cas, com poden ser les plantilles personalitzades.[\/vc_column_text][\/vc_column_inner][\/vc_row_inner]<\/p>\n<\/div><div class='label 5'><div class='kraft_icon_special_tabs'><i class='fa none'><\/i><\/div><div class='title'><a class='special_tabs_linkage'>Plantilles o suports plantars<\/a><\/div><div class='divider-vertical-tabs'><\/div><\/div><div class='content 5'><p>[vc_row_inner content_placement=\u00bbmiddle\u00bb][vc_column_inner width=\u00bb1\/3&#8243;][vc_single_image image=\u00bb5797&#8243; img_size=\u00bblarge\u00bb alignment=\u00bbcenter\u00bb style=\u00bbvc_box_circle_2&#8243; css=\u00bb.vc_custom_1774435233883{margin-bottom: 35px !important;}\u00bb][\/vc_column_inner][vc_column_inner width=\u00bb2\/3&#8243; css=\u00bb.vc_custom_1773917695138{padding-right: 75px !important;padding-left: 75px !important;}\u00bb][vc_column_text css=\u00bb\u00bb]Les plantilles o suports plantars s\u00f3n una de les possibles solucions a diferents patologies del peu.<\/p>\n<p>Aquest tractament consisteix a compensar les alteracions de la teva trepitjada mitjan\u00e7ant una plantilla amb una forma espec\u00edfica que canviar\u00e0 la teva manera de caminar lleugerament, aconseguint una postura equilibrada i la resoluci\u00f3 o millora dels problemes derivats d\u2019aix\u00f2.<\/p>\n<p>Aquests suports funcionen de la mateixa manera que unes ulleres serveixen per a compensar les alteracions de la visi\u00f3. La persona que necessita portar plantilles, \u00e9s probable que hagi de portar-les la resta de la seva vida, ja que aquestes no tenen la capacitat de corregir el peu.<\/p>\n<p>Qualsevol plantilla o suport plantar requereix d\u2019un per\u00edode d\u2019adaptaci\u00f3 que es controlar\u00e0 mitjan\u00e7ant visites de seguiment amb el teu pod\u00f2leg.<\/p>\n<p>Per a poder crear unes plantilles 100% personalitzades per al teu cas, sempre realitzem un estudi de la trepitjada i un escaneig 3D del peu.[\/vc_column_text][\/vc_column_inner][\/vc_row_inner]<\/p>\n<\/div><div class='label 6'><div class='kraft_icon_special_tabs'><i class='fa none'><\/i><\/div><div class='title'><a class='special_tabs_linkage'>Podologia esportiva<\/a><\/div><div class='divider-vertical-tabs'><\/div><\/div><div class='content 6'><p>[vc_row_inner content_placement=\u00bbmiddle\u00bb][vc_column_inner width=\u00bb1\/3&#8243;][vc_single_image image=\u00bb5798&#8243; img_size=\u00bblarge\u00bb alignment=\u00bbcenter\u00bb style=\u00bbvc_box_circle_2&#8243; css=\u00bb.vc_custom_1774435238069{margin-bottom: 35px !important;}\u00bb][\/vc_column_inner][vc_column_inner width=\u00bb2\/3&#8243; css=\u00bb.vc_custom_1773917726123{padding-right: 75px !important;padding-left: 75px !important;}\u00bb][vc_column_text css=\u00bb\u00bb]Dins de la nostra unitat de podologia del moviment, tenim pacients amb unes necessitats molt espec\u00edfiques: els esportistes. Ja siguis iniciat o professional, sabem que \u00e9s crucial tenir una bona prevenci\u00f3 i tractament de lesions per a obtenir un m\u00e0xim rendiment.<\/p>\n<p>L\u2019evid\u00e8ncia cient\u00edfica ens indica que el 100% dels esportistes patir\u00e0 alguna lesi\u00f3 durant la seva vida. No obstant aix\u00f2, detectar amb antelaci\u00f3 alteracions de la mec\u00e0nica esportiva, determinaran que aquesta lesi\u00f3 tingui un millor o pitjor pron\u00f2stic. Per aquest motiu, comptar amb un pod\u00f2leg dins de l\u2019equip multidisciplinari que t\u2019acompanya, \u00e9s fonamental per a aconseguir la teva millor versi\u00f3 en l\u2019esport.[\/vc_column_text][\/vc_column_inner][\/vc_row_inner]<\/p>\n<\/div>\n<\/section><div class=\"ult-spacer spacer-69e0f55a68f18\" data-id=\"69e0f55a68f18\" data-height=\"100\" data-height-mobile=\"50\" data-height-tab=\"\" data-height-tab-portrait=\"\" data-height-mobile-landscape=\"50\" style=\"clear:both;display:block;\"><\/div><\/div>[\/vc_column][\/vc_row][vc_row css=\u00bb.vc_custom_1774346393318{margin-bottom: 55px !important;}\u00bb el_class=\u00bbservicios\u00bb][vc_column][vc_custom_heading text=\u00bbEls nostres serveis especialitzats\u00bb font_container=\u00bbtag:h2|font_size:45PX|text_align:center|color:%23000000|line_height:1em%20!important\u00bb use_theme_fonts=\u00bbyes\u00bb css=\u00bb\u00bb el_class=\u00bbsmall-letter-spacing\u00bb]<section class='special_tabs icontext vertical'><div class='tab-selector col-xs-12 col-sm-3'><\/div><div class='tab-container col-xs-12 col-sm-9' style='margin-left:0px;'><\/div><div class='label 7'><div class='kraft_icon_special_tabs'><i class='fa none'><\/i><\/div><div class='title'><a class='special_tabs_linkage'>Estudi biomec\u00e0nic adults<\/a><\/div><div class='divider-vertical-tabs'><\/div><\/div><div class='content 7'><p>[vc_row_inner content_placement=\u00bbmiddle\u00bb][vc_column_inner][vc_column_text css=\u00bb.vc_custom_1774435313101{margin-bottom: 1em !important;}\u00bb]L\u2019estudi biomec\u00e0nic o estudi de la petjada consisteix en:<\/p>\n<ul>\n<li>Entrevista i exploraci\u00f3 en llitera<\/li>\n<li>Tests\u00a0biomec\u00e0nics\u00a0del peu<\/li>\n<li>Estudi de la petjada est\u00e0tica<\/li>\n<li>Informe de resultats<\/li>\n<li>Escaneig 3D del peu en cas de determinar que s\u00f3n necess\u00e0ries les plantilles<\/li>\n<\/ul>\n<p>[\/vc_column_text][vc_column_text css=\u00bb\u00bb]<strong style=\"font-size: 20px;\">Tarifa: 65\u20ac<\/strong>[\/vc_column_text][\/vc_column_inner][\/vc_row_inner]<\/p>\n<\/div><div class='label 8'><div class='kraft_icon_special_tabs'><i class='fa none'><\/i><\/div><div class='title'><a class='special_tabs_linkage'>Plantilles personalitzades adults<\/a><\/div><div class='divider-vertical-tabs'><\/div><\/div><div class='content 8'><p>[vc_row_inner content_placement=\u00bbmiddle\u00bb][vc_column_inner][vc_column_text css=\u00bb.vc_custom_1774435359514{margin-bottom: 1em !important;}\u00bb]Inclou:<\/p>\n<ul>\n<li>Plantilles personalitzades<\/li>\n<li>Visita de lliurament de les plantilles<\/li>\n<li>2 controls de seguiment<\/li>\n<\/ul>\n<p>[\/vc_column_text][vc_column_text css=\u00bb\u00bb]<strong style=\"font-size: 20px;\">Tarifa: 205\u20ac<\/strong>[\/vc_column_text][\/vc_column_inner][\/vc_row_inner]<\/p>\n<\/div>\n<\/section>[\/vc_column][\/vc_row]<\/p>\n<\/div>","protected":false},"excerpt":{"rendered":"<p>[vc_row css=\u00bb.vc_custom_1773750684068{margin-top: 50px !important;margin-bottom: 50px !important;}\u00bb][vc_column css_animation=\u00bbfadeInUp\u00bb css=\u00bb.vc_custom_1773744636386{background-color: #ffffff !important;}\u00bb][vc_column_text css=\u00bb.vc_custom_1774434990332{margin-top: 35px !important;}\u00bb] La nostra unitat de podologia del moviment ha estat dissenyada per a atendre a totes aquelles persones que conviuen amb problemes que dificultin el seu moviment en general, des de persones que necessitin poder estar c\u00f2modes drets a la feina o en [&hellip;]<\/p>\n","protected":false},"author":1,"featured_media":0,"parent":6390,"menu_order":0,"comment_status":"closed","ping_status":"closed","template":"page.php","meta":{"_joinchat":[],"footnotes":""},"class_list":["post-6407","page","type-page","status-publish","hentry"],"_links":{"self":[{"href":"https:\/\/clinicapeu.mustachecreative.com\/index.php\/wp-json\/wp\/v2\/pages\/6407","targetHints":{"allow":["GET"]}}],"collection":[{"href":"https:\/\/clinicapeu.mustachecreative.com\/index.php\/wp-json\/wp\/v2\/pages"}],"about":[{"href":"https:\/\/clinicapeu.mustachecreative.com\/index.php\/wp-json\/wp\/v2\/types\/page"}],"author":[{"embeddable":true,"href":"https:\/\/clinicapeu.mustachecreative.com\/index.php\/wp-json\/wp\/v2\/users\/1"}],"replies":[{"embeddable":true,"href":"https:\/\/clinicapeu.mustachecreative.com\/index.php\/wp-json\/wp\/v2\/comments?post=6407"}],"version-history":[{"count":5,"href":"https:\/\/clinicapeu.mustachecreative.com\/index.php\/wp-json\/wp\/v2\/pages\/6407\/revisions"}],"predecessor-version":[{"id":6456,"href":"https:\/\/clinicapeu.mustachecreative.com\/index.php\/wp-json\/wp\/v2\/pages\/6407\/revisions\/6456"}],"up":[{"embeddable":true,"href":"https:\/\/clinicapeu.mustachecreative.com\/index.php\/wp-json\/wp\/v2\/pages\/6390"}],"wp:attachment":[{"href":"https:\/\/clinicapeu.mustachecreative.com\/index.php\/wp-json\/wp\/v2\/media?parent=6407"}],"curies":[{"name":"wp","href":"https:\/\/api.w.org\/{rel}","templated":true}]}}