{"id":6405,"date":"2026-03-25T09:04:16","date_gmt":"2026-03-25T08:04:16","guid":{"rendered":"https:\/\/clinicapeu.mustachecreative.com\/?page_id=6405"},"modified":"2026-03-26T10:40:32","modified_gmt":"2026-03-26T09:40:32","slug":"ecointervencionisme","status":"publish","type":"page","link":"https:\/\/clinicapeu.mustachecreative.com\/index.php\/ca\/especialitats\/ecointervencionisme\/","title":{"rendered":"Ecointervencionisme"},"content":{"rendered":"<div class=\"wpb-content-wrapper\"><p>[vc_row css=\u00bb.vc_custom_1773750684068{margin-top: 50px !important;margin-bottom: 50px !important;}\u00bb][vc_column css_animation=\u00bbfadeInUp\u00bb css=\u00bb.vc_custom_1773744636386{background-color: #ffffff !important;}\u00bb][vc_column_text css=\u00bb.vc_custom_1774436312033{margin-top: 35px !important;}\u00bb]<\/p>\n<p style=\"text-align: center;\">L&#8217;avan\u00e7ament en les t\u00e8cniques d&#8217;imatge ens permeten ser molt de mes acurats en els nostres diagn\u00f2stics i tractaments. Avui dia l&#8217;\u00fas de l&#8217;ecografia per a procediments com en les infiltracions tant de f\u00e0rmacs com de plasma s\u00f3n l&#8217;element diferenciador entre l&#8217;\u00e8xit o el frac\u00e0s.<br \/>\nAix\u00ed i tot, l&#8217;\u00fas de l&#8217;ecografia en els nostres diagn\u00f2stics ens permet concretar molt mes tant en els tractaments com en el pronostico de les patologies del peu.<\/p>\n<p>[\/vc_column_text][vc_row_inner css=\u00bb.vc_custom_1773750548591{margin-top: 40px !important;}\u00bb][vc_column_inner][vc_btn title=\u00bbContacta&#8217;ns\u00bb style=\u00bbclassic\u00bb color=\u00bbblack\u00bb align=\u00bbcenter\u00bb css=\u00bb\u00bb link=\u00bburl:%2Findex.php%2Fca%2Fcontacte\u00bb][\/vc_column_inner][\/vc_row_inner][\/vc_column][\/vc_row][vc_row disable_element=\u00bbyes\u00bb css=\u00bb.vc_custom_1773922201852{padding-top: 50px !important;}\u00bb][vc_column]<div class=\"ult-animation  ult-animate-viewport  ult-no-mobile \" data-animate=\"slideInUp\" data-animation-delay=\"0.3\" data-animation-duration=\"1\" data-animation-iteration=\"1\" style=\"opacity:0;\" data-opacity_start_effect=\"\"><section class='special_tabs icontext horizontal'><div class='tab-selector col-xs-12 col-sm-12'><\/div><div class='tab-container col-xs-12 col-sm-12' style='margin-left:0px;'><\/div><div class='label 1'><div class='kraft_icon_special_tabs'><i class='fa none'><\/i><\/div><div class='title'><a class='special_tabs_linkage'>Cirug\u00eda m\u00ednimamente invasiva<\/a><\/div><div class='divider-vertical-tabs'><\/div><\/div><div class='content 1'><p>[vc_row_inner content_placement=\u00bbmiddle\u00bb][vc_column_inner width=\u00bb1\/3&#8243;][vc_single_image image=\u00bb5822&#8243; img_size=\u00bblarge\u00bb alignment=\u00bbcenter\u00bb css=\u00bb\u00bb][\/vc_column_inner][vc_column_inner width=\u00bb2\/3&#8243; css=\u00bb.vc_custom_1773917950594{padding-right: 75px !important;padding-left: 75px !important;}\u00bb][vc_column_text css=\u00bb\u00bb]Cuando ofrecemos la cirug\u00eda del pie a nuestros pacientes, siempre imaginan dolor, larga recuperaci\u00f3n y cicatrices. \u00a1Nada m\u00e1s lejos de la realidad!<\/p>\n<p>En la Cl\u00ednica del Peu Maresme somos especialistas en cirug\u00eda m\u00ednimamente invasiva del pie. Esta t\u00e9cnica es un tipo de cirug\u00eda que adem\u00e1s de ser r\u00e1pida y pr\u00e1cticamente indolora, tiene el a\u00f1adido de dejar cicatrices m\u00ednimas, de manera que no perjudica a la est\u00e9tica de t\u00fa pies.<\/p>\n<p>Adem\u00e1s, se trata de una intervenci\u00f3n ambulatoria, por lo que tras la cirug\u00eda podr\u00e1s marcharte y hacer vida normal casi al momento y con pocas restricciones durante tu recuperaci\u00f3n.[\/vc_column_text][\/vc_column_inner][\/vc_row_inner]<\/p>\n<\/div><div class='label 2'><div class='kraft_icon_special_tabs'><i class='fa none'><\/i><\/div><div class='title'><a class='special_tabs_linkage'>Cirug\u00eda del pie<\/a><\/div><div class='divider-vertical-tabs'><\/div><\/div><div class='content 2'><p>[vc_row_inner content_placement=\u00bbmiddle\u00bb][vc_column_inner width=\u00bb1\/3&#8243;][vc_single_image image=\u00bb5824&#8243; img_size=\u00bblarge\u00bb alignment=\u00bbcenter\u00bb css=\u00bb\u00bb][\/vc_column_inner][vc_column_inner width=\u00bb2\/3&#8243; css=\u00bb.vc_custom_1773917959028{padding-right: 75px !important;padding-left: 75px !important;}\u00bb][vc_column_text css=\u00bb\u00bb]<\/p>\n<p data-start=\"0\" data-end=\"443\">La cirug\u00eda del pie m\u00e1s frecuente suele realizarse para tratar <strong data-start=\"62\" data-end=\"90\">juanetes (hallux valgus)<\/strong> y deformidades digitales como los <strong data-start=\"125\" data-end=\"157\">dedos en garra o en martillo<\/strong>, patolog\u00edas que pueden generar dolor, dificultad al caminar y problemas al utilizar calzado. Cuando estas alteraciones avanzan o no responden a tratamientos conservadores, la cirug\u00eda se convierte en la opci\u00f3n m\u00e1s eficaz para corregir la deformidad y recuperar la funcionalidad del pie.<\/p>\n<p data-start=\"445\" data-end=\"890\" data-is-last-node=\"\" data-is-only-node=\"\">Estas intervenciones tienen como objetivo realinear las estructuras \u00f3seas y articulares, eliminar puntos de presi\u00f3n y mejorar la biomec\u00e1nica del pie. Se llevan a cabo mediante t\u00e9cnicas especializadas, cada vez m\u00e1s precisas y menos invasivas, adaptadas a cada caso concreto. El resultado es una mejora significativa tanto a nivel funcional como est\u00e9tico, permitiendo al paciente volver a su actividad diaria con mayor comodidad y calidad de vida.<\/p>\n<p>[\/vc_column_text][\/vc_column_inner][\/vc_row_inner]<\/p>\n<\/div><div class='label 3'><div class='kraft_icon_special_tabs'><i class='fa none'><\/i><\/div><div class='title'><a class='special_tabs_linkage'>Cirug\u00eda de la u\u00f1a<\/a><\/div><div class='divider-vertical-tabs'><\/div><\/div><div class='content 3'><p>[vc_row_inner content_placement=\u00bbmiddle\u00bb][vc_column_inner width=\u00bb1\/3&#8243;][vc_single_image image=\u00bb5823&#8243; img_size=\u00bblarge\u00bb alignment=\u00bbcenter\u00bb css=\u00bb\u00bb][\/vc_column_inner][vc_column_inner width=\u00bb2\/3&#8243; css=\u00bb.vc_custom_1773917976298{padding-right: 75px !important;padding-left: 75px !important;}\u00bb][vc_column_text css=\u00bb\u00bb]<\/p>\n<p data-start=\"0\" data-end=\"404\">La cirug\u00eda de las u\u00f1as m\u00e1s frecuente suele realizarse para tratar la <strong data-start=\"69\" data-end=\"86\">u\u00f1a encarnada<\/strong>, una afecci\u00f3n com\u00fan que se produce cuando el borde de la u\u00f1a crece hacia el interior de la piel, provocando dolor, inflamaci\u00f3n e incluso infecci\u00f3n. Cuando los tratamientos conservadores no son suficientes o el problema aparece de forma recurrente, la cirug\u00eda ungueal se presenta como una soluci\u00f3n eficaz y definitiva.<\/p>\n<p data-start=\"406\" data-end=\"897\" data-is-last-node=\"\" data-is-only-node=\"\">Este procedimiento consiste en intervenir \u00fanicamente la zona afectada de la u\u00f1a para eliminar la parte que causa la molestia y evitar que vuelva a crecer de la misma forma. Gracias a las t\u00e9cnicas actuales, se trata de una intervenci\u00f3n poco invasiva que busca resolver el problema de forma duradera y mejorar significativamente la calidad de vida del paciente.<\/p>\n<p>[\/vc_column_text][\/vc_column_inner][\/vc_row_inner]<\/p>\n<\/div>\n<\/section><div class=\"ult-spacer spacer-69e0f6e941962\" data-id=\"69e0f6e941962\" data-height=\"100\" data-height-mobile=\"50\" data-height-tab=\"\" data-height-tab-portrait=\"\" data-height-mobile-landscape=\"50\" style=\"clear:both;display:block;\"><\/div><\/div>[\/vc_column][\/vc_row]<\/p>\n<\/div>","protected":false},"excerpt":{"rendered":"<p>[vc_row css=\u00bb.vc_custom_1773750684068{margin-top: 50px !important;margin-bottom: 50px !important;}\u00bb][vc_column css_animation=\u00bbfadeInUp\u00bb css=\u00bb.vc_custom_1773744636386{background-color: #ffffff !important;}\u00bb][vc_column_text css=\u00bb.vc_custom_1774436312033{margin-top: 35px !important;}\u00bb] L&#8217;avan\u00e7ament en les t\u00e8cniques d&#8217;imatge ens permeten ser molt de mes acurats en els nostres diagn\u00f2stics i tractaments. Avui dia l&#8217;\u00fas de l&#8217;ecografia per a procediments com en les infiltracions tant de f\u00e0rmacs com de plasma s\u00f3n l&#8217;element diferenciador entre l&#8217;\u00e8xit o [&hellip;]<\/p>\n","protected":false},"author":1,"featured_media":0,"parent":6390,"menu_order":0,"comment_status":"closed","ping_status":"closed","template":"page.php","meta":{"_joinchat":[],"footnotes":""},"class_list":["post-6405","page","type-page","status-publish","hentry"],"_links":{"self":[{"href":"https:\/\/clinicapeu.mustachecreative.com\/index.php\/wp-json\/wp\/v2\/pages\/6405","targetHints":{"allow":["GET"]}}],"collection":[{"href":"https:\/\/clinicapeu.mustachecreative.com\/index.php\/wp-json\/wp\/v2\/pages"}],"about":[{"href":"https:\/\/clinicapeu.mustachecreative.com\/index.php\/wp-json\/wp\/v2\/types\/page"}],"author":[{"embeddable":true,"href":"https:\/\/clinicapeu.mustachecreative.com\/index.php\/wp-json\/wp\/v2\/users\/1"}],"replies":[{"embeddable":true,"href":"https:\/\/clinicapeu.mustachecreative.com\/index.php\/wp-json\/wp\/v2\/comments?post=6405"}],"version-history":[{"count":5,"href":"https:\/\/clinicapeu.mustachecreative.com\/index.php\/wp-json\/wp\/v2\/pages\/6405\/revisions"}],"predecessor-version":[{"id":6491,"href":"https:\/\/clinicapeu.mustachecreative.com\/index.php\/wp-json\/wp\/v2\/pages\/6405\/revisions\/6491"}],"up":[{"embeddable":true,"href":"https:\/\/clinicapeu.mustachecreative.com\/index.php\/wp-json\/wp\/v2\/pages\/6390"}],"wp:attachment":[{"href":"https:\/\/clinicapeu.mustachecreative.com\/index.php\/wp-json\/wp\/v2\/media?parent=6405"}],"curies":[{"name":"wp","href":"https:\/\/api.w.org\/{rel}","templated":true}]}}