{"id":6403,"date":"2026-03-25T09:01:48","date_gmt":"2026-03-25T08:01:48","guid":{"rendered":"https:\/\/clinicapeu.mustachecreative.com\/?page_id=6403"},"modified":"2026-03-26T10:32:04","modified_gmt":"2026-03-26T09:32:04","slug":"cirurgia-del-peu","status":"publish","type":"page","link":"https:\/\/clinicapeu.mustachecreative.com\/index.php\/ca\/especialitats\/cirurgia-del-peu\/","title":{"rendered":"Cirurgia del peu"},"content":{"rendered":"<div class=\"wpb-content-wrapper\"><p>[vc_row css=\u00bb.vc_custom_1773750684068{margin-top: 50px !important;margin-bottom: 50px !important;}\u00bb][vc_column css_animation=\u00bbfadeInUp\u00bb css=\u00bb.vc_custom_1773744636386{background-color: #ffffff !important;}\u00bb][vc_column_text css=\u00bb.vc_custom_1774433236647{margin-top: 35px !important;}\u00bb]<\/p>\n<p style=\"text-align: center;\">Molts problemes del peu es poden abordar amb tractaments conservadors com a f\u00e0rmacs, plantilles, fisioter\u00e0pia, etc. per\u00f2 en algunes ocasions, aquests tractaments no poden solucionar l\u2019origen del problema i solo ens ajuden a millorar els s\u00edmptomes durant algun temps.<\/p>\n<p style=\"text-align: center;\">Per a aquests casos, l\u2019\u00fanica soluci\u00f3 definitiva \u00e9s la cirurgia del peu.<\/p>\n<p style=\"text-align: center;\">Sabem que la paraula cirurgia no agrada a ning\u00fa, per\u00f2 en aquest cas veur\u00e0s que \u00e9s molt m\u00e9s senzill del que pensaves.<\/p>\n<p style=\"text-align: center;\">Si creus que el teu cas pot beneficiar-se d&#8217;aquesta t\u00e8cnica, pots demanar una valoraci\u00f3 gratu\u00efta de cirurgia en els nostres centres de Matar\u00f3 i Valls, sense cap comprom\u00eds.<\/p>\n<p>[\/vc_column_text][vc_row_inner css=\u00bb.vc_custom_1773750548591{margin-top: 40px !important;}\u00bb][vc_column_inner][vc_btn title=\u00bbContacta&#8217;ns\u00bb style=\u00bbclassic\u00bb color=\u00bbblack\u00bb align=\u00bbcenter\u00bb css=\u00bb\u00bb link=\u00bburl:%2Findex.php%2Fca%2Fcontacte\u00bb][\/vc_column_inner][\/vc_row_inner][\/vc_column][\/vc_row][vc_row css=\u00bb.vc_custom_1774346021139{padding-top: 0px !important;}\u00bb el_class=\u00bbtabs-verticales\u00bb][vc_column]<div class=\"ult-animation  ult-animate-viewport  ult-no-mobile \" data-animate=\"slideInUp\" data-animation-delay=\"0.3\" data-animation-duration=\"1\" data-animation-iteration=\"1\" style=\"opacity:0;\" data-opacity_start_effect=\"\"><section class='special_tabs icontext vertical'><div class='tab-selector col-xs-12 col-sm-3'><\/div><div class='tab-container col-xs-12 col-sm-9' style='margin-left:0px;'><\/div><div class='label 1'><div class='kraft_icon_special_tabs'><i class='fa none'><\/i><\/div><div class='title'><a class='special_tabs_linkage'>Cirurgia m\u00ednimament invasiva<\/a><\/div><div class='divider-vertical-tabs'><\/div><\/div><div class='content 1'><p>[vc_row_inner content_placement=\u00bbmiddle\u00bb][vc_column_inner width=\u00bb1\/3&#8243;][vc_single_image image=\u00bb5822&#8243; img_size=\u00bbmedium\u00bb alignment=\u00bbcenter\u00bb style=\u00bbvc_box_circle_2&#8243; css=\u00bb.vc_custom_1774345248484{margin-bottom: 35px !important;}\u00bb][\/vc_column_inner][vc_column_inner width=\u00bb2\/3&#8243; css=\u00bb.vc_custom_1773917950594{padding-right: 75px !important;padding-left: 75px !important;}\u00bb][vc_column_text css=\u00bb\u00bb]Quan oferim la cirurgia del peu als nostres pacients, sempre imaginen dolor, una llarga recuperaci\u00f3 i cicatrius. Res m\u00e9s lluny de la realitat!<\/p>\n<p>En la Cl\u00ednica del Peu Maresme som especialistes en cirurgia m\u00ednimament invasiva del peu. Aquesta t\u00e8cnica \u00e9s un tipus de cirurgia que a m\u00e9s de ser r\u00e0pida i pr\u00e0cticament indolora, t\u00e9 l\u2019afegit de deixar cicatrius m\u00ednimes, de manera que no perjudica l\u2019est\u00e8tica dels teus peus.<\/p>\n<p>A m\u00e9s, es tracta d\u2019una intervenci\u00f3 ambulat\u00f2ria, per la qual cosa despr\u00e9s de la cirurgia podr\u00e0s marxar i fer vida normal gaireb\u00e9 al moment i amb poques restriccions durant la teva recuperaci\u00f3.[\/vc_column_text][\/vc_column_inner][\/vc_row_inner]<\/p>\n<\/div><div class='label 2'><div class='kraft_icon_special_tabs'><i class='fa none'><\/i><\/div><div class='title'><a class='special_tabs_linkage'>Cirurgia del peu<\/a><\/div><div class='divider-vertical-tabs'><\/div><\/div><div class='content 2'><p>[vc_row_inner content_placement=\u00bbmiddle\u00bb][vc_column_inner width=\u00bb1\/3&#8243;][vc_single_image image=\u00bb5824&#8243; img_size=\u00bbmedium\u00bb alignment=\u00bbcenter\u00bb style=\u00bbvc_box_circle_2&#8243; css=\u00bb.vc_custom_1774345402049{margin-bottom: 35px !important;}\u00bb][\/vc_column_inner][vc_column_inner width=\u00bb2\/3&#8243; css=\u00bb.vc_custom_1773917959028{padding-right: 75px !important;padding-left: 75px !important;}\u00bb][vc_column_text css=\u00bb\u00bb]<\/p>\n<p data-start=\"0\" data-end=\"443\">La cirurgia del peu m\u00e9s freq\u00fcent sol realitzar-se per a tractar <strong data-start=\"62\" data-end=\"90\">galindons (h\u00e0l\u00b7lux valgus)<\/strong> i deformitats digitals com els <strong data-start=\"125\" data-end=\"157\">dits en arpa o en martell<\/strong>, patologies que poden generar dolor, dificultat en caminar i problemes en utilitzar cal\u00e7at. Quan aquestes alteracions avancen o no responen a tractaments conservadors, la cirurgia es converteix en l&#8217;opci\u00f3 m\u00e9s efica\u00e7 per a corregir la deformitat i recuperar la funcionalitat del peu.<\/p>\n<p data-start=\"445\" data-end=\"890\" data-is-last-node=\"\" data-is-only-node=\"\">Aquestes intervencions tenen com a objectiu realinear les estructures \u00f2ssies i articulars, eliminar punts de pressi\u00f3 i millorar la biomec\u00e0nica del peu. Es duen a terme mitjan\u00e7ant t\u00e8cniques especialitzades, cada vegada m\u00e9s precises i menys invasives, adaptades a cada cas concret. El resultat \u00e9s una millora significativa tant a nivell funcional com est\u00e8tic, permetent al pacient tornar a la seva activitat di\u00e0ria amb major comoditat i qualitat de vida.<\/p>\n<p>[\/vc_column_text][\/vc_column_inner][\/vc_row_inner]<\/p>\n<\/div><div class='label 3'><div class='kraft_icon_special_tabs'><i class='fa none'><\/i><\/div><div class='title'><a class='special_tabs_linkage'>Cirurgia de l'ungla<\/a><\/div><div class='divider-vertical-tabs'><\/div><\/div><div class='content 3'><p>[vc_row_inner content_placement=\u00bbmiddle\u00bb][vc_column_inner width=\u00bb1\/3&#8243;][vc_single_image image=\u00bb5823&#8243; img_size=\u00bbmedium\u00bb alignment=\u00bbcenter\u00bb style=\u00bbvc_box_circle_2&#8243; css=\u00bb.vc_custom_1774345415988{margin-bottom: 35px !important;}\u00bb][\/vc_column_inner][vc_column_inner width=\u00bb2\/3&#8243; css=\u00bb.vc_custom_1773917976298{padding-right: 75px !important;padding-left: 75px !important;}\u00bb][vc_column_text css=\u00bb\u00bb]<\/p>\n<p data-start=\"0\" data-end=\"404\">La cirug\u00eda de las u\u00f1as m\u00e1s frecuente suele realizarse para tratar la <strong data-start=\"69\" data-end=\"86\">u\u00f1a encarnada<\/strong>, una afecci\u00f3n com\u00fan que se produce cuando el borde de la u\u00f1a crece hacia el interior de la piel, provocando dolor, inflamaci\u00f3n e incluso infecci\u00f3n. Cuando los tratamientos conservadores no son suficientes o el problema aparece de forma recurrente, la cirug\u00eda ungueal se presenta como una soluci\u00f3n eficaz y definitiva.<\/p>\n<p data-start=\"406\" data-end=\"897\" data-is-last-node=\"\" data-is-only-node=\"\">Este procedimiento consiste en intervenir \u00fanicamente la zona afectada de la u\u00f1a para eliminar la parte que causa la molestia y evitar que vuelva a crecer de la misma forma. Gracias a las t\u00e9cnicas actuales, se trata de una intervenci\u00f3n poco invasiva que busca resolver el problema de forma duradera y mejorar significativamente la calidad de vida del paciente.<\/p>\n<p>[\/vc_column_text][\/vc_column_inner][\/vc_row_inner]<\/p>\n<\/div>\n<\/section><\/div>[\/vc_column][\/vc_row][vc_row css=\u00bb.vc_custom_1774345062994{padding-top: 50px !important;}\u00bb el_class=\u00bbtabs-horizontales\u00bb][vc_column]<div class=\"ult-animation  ult-animate-viewport  ult-no-mobile \" data-animate=\"slideInUp\" data-animation-delay=\"0.3\" data-animation-duration=\"1\" data-animation-iteration=\"1\" style=\"opacity:0;\" data-opacity_start_effect=\"\"><section class='special_tabs icontext horizontal'><div class='tab-selector col-xs-12 col-sm-12'><\/div><div class='tab-container col-xs-12 col-sm-12' style='margin-left:0px;'><\/div><div class='label 4'><div class='kraft_icon_special_tabs'><i class='fa none'><\/i><\/div><div class='title'><a class='special_tabs_linkage'>Cirurgia m\u00ednimament invasiva<\/a><\/div><div class='divider-vertical-tabs'><\/div><\/div><div class='content 4'><p>[vc_row_inner content_placement=\u00bbmiddle\u00bb][vc_column_inner width=\u00bb1\/3&#8243;][vc_single_image image=\u00bb5822&#8243; img_size=\u00bblarge\u00bb alignment=\u00bbcenter\u00bb style=\u00bbvc_box_circle_2&#8243; css=\u00bb.vc_custom_1774433660714{margin-bottom: 35px !important;}\u00bb][\/vc_column_inner][vc_column_inner width=\u00bb2\/3&#8243; css=\u00bb.vc_custom_1773917950594{padding-right: 75px !important;padding-left: 75px !important;}\u00bb][vc_column_text css=\u00bb\u00bb]Quan oferim la cirurgia del peu als nostres pacients, sempre imaginen dolor, una llarga recuperaci\u00f3 i cicatrius. Res m\u00e9s lluny de la realitat!<\/p>\n<p>En la Cl\u00ednica del Peu Maresme som especialistes en cirurgia m\u00ednimament invasiva del peu. Aquesta t\u00e8cnica \u00e9s un tipus de cirurgia que a m\u00e9s de ser r\u00e0pida i pr\u00e0cticament indolora, t\u00e9 l\u2019afegit de deixar cicatrius m\u00ednimes, de manera que no perjudica l\u2019est\u00e8tica dels teus peus.<\/p>\n<p>A m\u00e9s, es tracta d\u2019una intervenci\u00f3 ambulat\u00f2ria, per la qual cosa despr\u00e9s de la cirurgia podr\u00e0s marxar i fer vida normal gaireb\u00e9 al moment i amb poques restriccions durant la teva recuperaci\u00f3.[\/vc_column_text][\/vc_column_inner][\/vc_row_inner]<\/p>\n<\/div><div class='label 5'><div class='kraft_icon_special_tabs'><i class='fa none'><\/i><\/div><div class='title'><a class='special_tabs_linkage'>Cirurgia del peu<\/a><\/div><div class='divider-vertical-tabs'><\/div><\/div><div class='content 5'><p>[vc_row_inner content_placement=\u00bbmiddle\u00bb][vc_column_inner width=\u00bb1\/3&#8243;][vc_single_image image=\u00bb5824&#8243; img_size=\u00bblarge\u00bb alignment=\u00bbcenter\u00bb style=\u00bbvc_box_circle_2&#8243; css=\u00bb.vc_custom_1774433666086{margin-bottom: 35px !important;}\u00bb][\/vc_column_inner][vc_column_inner width=\u00bb2\/3&#8243; css=\u00bb.vc_custom_1773917959028{padding-right: 75px !important;padding-left: 75px !important;}\u00bb][vc_column_text css=\u00bb\u00bb]<\/p>\n<p data-start=\"0\" data-end=\"443\">La cirurgia del peu m\u00e9s freq\u00fcent sol realitzar-se per a tractar <strong data-start=\"62\" data-end=\"90\">galindons (h\u00e0l\u00b7lux valgus)<\/strong> i deformitats digitals com els <strong data-start=\"125\" data-end=\"157\">dits en arpa o en martell<\/strong>, patologies que poden generar dolor, dificultat en caminar i problemes en utilitzar cal\u00e7at. Quan aquestes alteracions avancen o no responen a tractaments conservadors, la cirurgia es converteix en l&#8217;opci\u00f3 m\u00e9s efica\u00e7 per a corregir la deformitat i recuperar la funcionalitat del peu.<\/p>\n<p data-start=\"445\" data-end=\"890\" data-is-last-node=\"\" data-is-only-node=\"\">Aquestes intervencions tenen com a objectiu realinear les estructures \u00f2ssies i articulars, eliminar punts de pressi\u00f3 i millorar la biomec\u00e0nica del peu. Es duen a terme mitjan\u00e7ant t\u00e8cniques especialitzades, cada vegada m\u00e9s precises i menys invasives, adaptades a cada cas concret. El resultat \u00e9s una millora significativa tant a nivell funcional com est\u00e8tic, permetent al pacient tornar a la seva activitat di\u00e0ria amb major comoditat i qualitat de vida.<\/p>\n<p>[\/vc_column_text][\/vc_column_inner][\/vc_row_inner]<\/p>\n<\/div><div class='label 6'><div class='kraft_icon_special_tabs'><i class='fa none'><\/i><\/div><div class='title'><a class='special_tabs_linkage'>Cirurgia de l'ungla<\/a><\/div><div class='divider-vertical-tabs'><\/div><\/div><div class='content 6'><p>[vc_row_inner content_placement=\u00bbmiddle\u00bb][vc_column_inner width=\u00bb1\/3&#8243;][vc_single_image image=\u00bb5823&#8243; img_size=\u00bblarge\u00bb alignment=\u00bbcenter\u00bb style=\u00bbvc_box_circle_2&#8243; css=\u00bb.vc_custom_1774433691095{margin-bottom: 35px !important;}\u00bb][\/vc_column_inner][vc_column_inner width=\u00bb2\/3&#8243; css=\u00bb.vc_custom_1773917976298{padding-right: 75px !important;padding-left: 75px !important;}\u00bb][vc_column_text css=\u00bb\u00bb]<\/p>\n<p data-start=\"0\" data-end=\"404\">La cirug\u00eda de las u\u00f1as m\u00e1s frecuente suele realizarse para tratar la <strong data-start=\"69\" data-end=\"86\">u\u00f1a encarnada<\/strong>, una afecci\u00f3n com\u00fan que se produce cuando el borde de la u\u00f1a crece hacia el interior de la piel, provocando dolor, inflamaci\u00f3n e incluso infecci\u00f3n. Cuando los tratamientos conservadores no son suficientes o el problema aparece de forma recurrente, la cirug\u00eda ungueal se presenta como una soluci\u00f3n eficaz y definitiva.<\/p>\n<p data-start=\"406\" data-end=\"897\" data-is-last-node=\"\" data-is-only-node=\"\">Este procedimiento consiste en intervenir \u00fanicamente la zona afectada de la u\u00f1a para eliminar la parte que causa la molestia y evitar que vuelva a crecer de la misma forma. Gracias a las t\u00e9cnicas actuales, se trata de una intervenci\u00f3n poco invasiva que busca resolver el problema de forma duradera y mejorar significativamente la calidad de vida del paciente.<\/p>\n<p>[\/vc_column_text][\/vc_column_inner][\/vc_row_inner]<\/p>\n<\/div>\n<\/section><div class=\"ult-spacer spacer-69e0f53b054bb\" data-id=\"69e0f53b054bb\" data-height=\"100\" data-height-mobile=\"50\" data-height-tab=\"\" data-height-tab-portrait=\"\" data-height-mobile-landscape=\"50\" style=\"clear:both;display:block;\"><\/div><\/div>[\/vc_column][\/vc_row][vc_row css=\u00bb.vc_custom_1774344427728{margin-bottom: 55px !important;}\u00bb el_class=\u00bbservicios\u00bb][vc_column][vc_custom_heading text=\u00bbEls nostres serveis especialitzats\u00bb font_container=\u00bbtag:h2|font_size:45PX|text_align:center|color:%23000000|line_height:1em%20!important\u00bb use_theme_fonts=\u00bbyes\u00bb css=\u00bb\u00bb el_class=\u00bbsmall-letter-spacing\u00bb]<section class='special_tabs icontext vertical'><div class='tab-selector col-xs-12 col-sm-3'><\/div><div class='tab-container col-xs-12 col-sm-9' style='margin-left:0px;'><\/div><div class='label 7'><div class='kraft_icon_special_tabs'><i class='fa none'><\/i><\/div><div class='title'><a class='special_tabs_linkage'>Valoraci\u00f3 gratu\u00efta de cirurgia<\/a><\/div><div class='divider-vertical-tabs'><\/div><\/div><div class='content 7'><p>[vc_row_inner content_placement=\u00bbmiddle\u00bb][vc_column_inner][vc_column_text css=\u00bb.vc_custom_1774433505381{margin-bottom: 1em !important;}\u00bb]En la valoraci\u00f3 de cirurgia s&#8217;efectuar\u00e0 una exploraci\u00f3 per a determinar si la cirurgia pot ser la soluci\u00f3 a la teva patologia i, en cas de ser-ho, se&#8217;t lliurar\u00e0 un pressupost personalitzat sense comprom\u00eds.[\/vc_column_text][vc_column_text css=\u00bb\u00bb]<strong style=\"font-size: 20px;\">Tarifa: 0\u20ac<\/strong>[\/vc_column_text][\/vc_column_inner][\/vc_row_inner]<\/p>\n<\/div><div class='label 8'><div class='kraft_icon_special_tabs'><i class='fa none'><\/i><\/div><div class='title'><a class='special_tabs_linkage'>Cirurgia de l'ungla<\/a><\/div><div class='divider-vertical-tabs'><\/div><\/div><div class='content 8'><p>[vc_row_inner content_placement=\u00bbmiddle\u00bb][vc_column_inner][vc_column_text css=\u00bb.vc_custom_1774433551310{margin-bottom: 1em !important;}\u00bb]La cirurgia de l&#8217;ungla \u00e9s un servei completament personalitzat, per la qual cosa el seu preu varia en funci\u00f3 del problema a tractar, la seva magnitud, extensi\u00f3, etc.[\/vc_column_text][vc_column_text css=\u00bb\u00bb]<strong style=\"font-size: 20px;\">Tarifa: 320\u20ac &#8211; 480\u20ac<\/strong>[\/vc_column_text][\/vc_column_inner][\/vc_row_inner]<\/p>\n<\/div><div class='label 9'><div class='kraft_icon_special_tabs'><i class='fa none'><\/i><\/div><div class='title'><a class='special_tabs_linkage'>Cirurgia del peu<\/a><\/div><div class='divider-vertical-tabs'><\/div><\/div><div class='content 9'><p>[vc_row_inner content_placement=\u00bbmiddle\u00bb][vc_column_inner][vc_column_text css=\u00bb.vc_custom_1774433605349{margin-bottom: 1em !important;}\u00bb]La cirurgia de peus \u00e9s un servei completament personalitzat, per la qual cosa el seu preu varia en funci\u00f3 del problema a tractar, la seva magnitud, extensi\u00f3, etc.<\/p>\n<p>En la Cl\u00ednica del Peu Maresme som especialistes en cirurgia m\u00ednimament invasiva, l&#8217;\u00fanica t\u00e8cnica que deixa cicatrius m\u00ednimes, cuidant aix\u00ed tant la salut com l&#8217;est\u00e8tica dels teus peus.[\/vc_column_text][vc_column_text css=\u00bb\u00bb]<strong style=\"font-size: 20px;\">Tarifa: A consultar<\/strong>[\/vc_column_text][\/vc_column_inner][\/vc_row_inner]<\/p>\n<\/div>\n<\/section>[\/vc_column][\/vc_row]<\/p>\n<\/div>","protected":false},"excerpt":{"rendered":"<p>[vc_row css=\u00bb.vc_custom_1773750684068{margin-top: 50px !important;margin-bottom: 50px !important;}\u00bb][vc_column css_animation=\u00bbfadeInUp\u00bb css=\u00bb.vc_custom_1773744636386{background-color: #ffffff !important;}\u00bb][vc_column_text css=\u00bb.vc_custom_1774433236647{margin-top: 35px !important;}\u00bb] Molts problemes del peu es poden abordar amb tractaments conservadors com a f\u00e0rmacs, plantilles, fisioter\u00e0pia, etc. per\u00f2 en algunes ocasions, aquests tractaments no poden solucionar l\u2019origen del problema i solo ens ajuden a millorar els s\u00edmptomes durant algun temps. Per a aquests [&hellip;]<\/p>\n","protected":false},"author":1,"featured_media":0,"parent":6390,"menu_order":0,"comment_status":"closed","ping_status":"closed","template":"page.php","meta":{"_joinchat":[],"footnotes":""},"class_list":["post-6403","page","type-page","status-publish","hentry"],"_links":{"self":[{"href":"https:\/\/clinicapeu.mustachecreative.com\/index.php\/wp-json\/wp\/v2\/pages\/6403","targetHints":{"allow":["GET"]}}],"collection":[{"href":"https:\/\/clinicapeu.mustachecreative.com\/index.php\/wp-json\/wp\/v2\/pages"}],"about":[{"href":"https:\/\/clinicapeu.mustachecreative.com\/index.php\/wp-json\/wp\/v2\/types\/page"}],"author":[{"embeddable":true,"href":"https:\/\/clinicapeu.mustachecreative.com\/index.php\/wp-json\/wp\/v2\/users\/1"}],"replies":[{"embeddable":true,"href":"https:\/\/clinicapeu.mustachecreative.com\/index.php\/wp-json\/wp\/v2\/comments?post=6403"}],"version-history":[{"count":5,"href":"https:\/\/clinicapeu.mustachecreative.com\/index.php\/wp-json\/wp\/v2\/pages\/6403\/revisions"}],"predecessor-version":[{"id":6463,"href":"https:\/\/clinicapeu.mustachecreative.com\/index.php\/wp-json\/wp\/v2\/pages\/6403\/revisions\/6463"}],"up":[{"embeddable":true,"href":"https:\/\/clinicapeu.mustachecreative.com\/index.php\/wp-json\/wp\/v2\/pages\/6390"}],"wp:attachment":[{"href":"https:\/\/clinicapeu.mustachecreative.com\/index.php\/wp-json\/wp\/v2\/media?parent=6403"}],"curies":[{"name":"wp","href":"https:\/\/api.w.org\/{rel}","templated":true}]}}