{"id":6398,"date":"2026-03-25T08:58:48","date_gmt":"2026-03-25T07:58:48","guid":{"rendered":"https:\/\/clinicapeu.mustachecreative.com\/?page_id=6398"},"modified":"2026-03-25T12:14:31","modified_gmt":"2026-03-25T11:14:31","slug":"politica-de-cookies-ca","status":"publish","type":"page","link":"https:\/\/clinicapeu.mustachecreative.com\/index.php\/ca\/politica-de-cookies-ca\/","title":{"rendered":"Pol\u00edtica de Cookies"},"content":{"rendered":"<div class=\"wpb-content-wrapper\"><p>[vc_row css=\u00bb.vc_custom_1773910649281{margin-bottom: 50px !important;}\u00bb][vc_column][vc_empty_space][vc_custom_heading text=\u00bbPol\u00edtica de Cookies\u00bb font_container=\u00bbtag:h1|text_align:center\u00bb google_fonts=\u00bbfont_family:Marcellus%3Aregular|font_style:400%20regular%3A400%3Anormal\u00bb css=\u00bb\u00bb][vc_empty_space][vc_column_text css=\u00bb\u00bb]<\/p>\n<p class=\"MsoNormal\" style=\"margin: 12pt 0cm; line-height: normal; font-size: 11pt; font-family: Helvetica; text-align: justify;\"><span lang=\"CA\" style=\"font-size: 12pt;\">L\u2019acc\u00e9s a aquest Lloc Web pot implicar la utilitzaci\u00f3 de cookies. Les cookies s\u00f3n petites quantitats d\u2019informaci\u00f3 que s\u2019emmagatzemen al navegador utilitzat per cada Usuari \u2014en els diferents dispositius que pugui utilitzar per navegar\u2014 perqu\u00e8 el servidor recordi certa informaci\u00f3 que posteriorment i \u00fanicament llegir\u00e0 el servidor que la va implementar. Les cookies faciliten la navegaci\u00f3, la fan m\u00e9s amigable i no danyen el dispositiu de navegaci\u00f3.<\/span><\/p>\n<p class=\"MsoNormal\" style=\"margin: 12pt 0cm; line-height: normal; font-size: 11pt; font-family: Helvetica; text-align: justify;\"><span lang=\"CA\" style=\"font-size: 12pt;\">Les cookies s\u00f3n procediments autom\u00e0tics de recollida d\u2019informaci\u00f3 relativa a les prefer\u00e8ncies determinades per l\u2019Usuari durant la seva visita al Lloc Web amb la finalitat de recon\u00e8ixer-lo com a Usuari, i personalitzar la seva experi\u00e8ncia i l\u2019\u00fas del Lloc Web, i tamb\u00e9 poden, per exemple, ajudar a identificar i resoldre errors.<\/span><\/p>\n<p class=\"MsoNormal\" style=\"margin: 12pt 0cm; line-height: normal; font-size: 11pt; font-family: Helvetica; text-align: justify;\"><span lang=\"CA\" style=\"font-size: 12pt;\">La informaci\u00f3 recollida a trav\u00e9s de les cookies pot incloure la data i l\u2019hora de les visites al Lloc Web, les p\u00e0gines visualitzades, el temps que s\u2019hi ha estat i els llocs visitats just abans i despr\u00e9s del mateix. Tanmateix, cap cookie permet que aquesta mateixa pugui contactar amb el n\u00famero de tel\u00e8fon de l\u2019Usuari o amb qualsevol altre mitj\u00e0 de contacte personal. Cap cookie no pot extreure informaci\u00f3 del disc dur de l\u2019Usuari ni robar informaci\u00f3 personal. L\u2019\u00fanica manera que la informaci\u00f3 privada de l\u2019Usuari formi part de l\u2019arxiu Cookie \u00e9s que l\u2019usuari doni personalment aquesta informaci\u00f3 al servidor.<\/span><\/p>\n<p class=\"MsoNormal\" style=\"margin: 12pt 0cm; line-height: normal; font-size: 11pt; font-family: Helvetica; text-align: justify;\"><span lang=\"CA\" style=\"font-size: 12pt;\">Les cookies que permeten identificar una persona es consideren dades personals. Per tant, els ser\u00e0 aplicable la Pol\u00edtica de Privacitat descrita anteriorment. En aquest sentit, per a la seva utilitzaci\u00f3 ser\u00e0 necessari el consentiment de l\u2019Usuari. Aquest consentiment ser\u00e0 comunicat, sobre la base d\u2019una elecci\u00f3 aut\u00e8ntica, ofert mitjan\u00e7ant una decisi\u00f3 afirmativa i positiva, abans del tractament inicial, revocable i documentat.<\/span><\/p>\n<p class=\"MsoNormal\" style=\"margin: 12pt 0cm 12pt 22.5pt; line-height: normal; font-size: 11pt; font-family: Helvetica; text-align: justify;\"><b><span lang=\"CA\" style=\"font-size: 12pt;\">Cookies pr\u00f2pies<\/span><\/b><\/p>\n<p class=\"MsoNormal\" style=\"margin: 12pt 0cm; line-height: normal; font-size: 11pt; font-family: Helvetica; text-align: justify;\"><span lang=\"CA\" style=\"font-size: 12pt;\">S\u00f3n aquelles cookies que s\u2019envien a l\u2019ordinador o dispositiu de l\u2019Usuari i gestionades exclusivament per Cl\u00ednica del Peu Maresme per al millor funcionament del Lloc Web. La informaci\u00f3 que es recull s\u2019utilitza per millorar la qualitat del Lloc Web i el seu Contingut i la seva experi\u00e8ncia com a Usuari. Aquestes cookies permeten recon\u00e8ixer l\u2019Usuari com a visitant recurrent del Lloc Web i adaptar el contingut per oferir-li continguts que s\u2019ajustin a les seves prefer\u00e8ncies.<\/span><\/p>\n<p class=\"MsoNormal\" style=\"margin: 12pt 0cm 12pt 22.5pt; line-height: normal; font-size: 11pt; font-family: Helvetica; text-align: justify;\"><b><span lang=\"CA\" style=\"font-size: 12pt;\">Cookies de tercers<\/span><\/b><\/p>\n<p class=\"MsoNormal\" style=\"margin: 12pt 0cm; line-height: normal; font-size: 11pt; font-family: Helvetica; text-align: justify;\"><span lang=\"CA\" style=\"font-size: 12pt;\">S\u00f3n cookies utilitzades i gestionades per entitats externes que proporcionen a Cl\u00ednica del Peu Maresme serveis sol\u00b7licitats per aquesta mateixa per millorar el Lloc Web i l\u2019experi\u00e8ncia de l\u2019usuari en navegar pel Lloc Web. Els principals objectius per als quals s\u2019utilitzen cookies de tercers s\u00f3n l\u2019obtenci\u00f3 d\u2019estad\u00edstiques d\u2019acc\u00e9s i analitzar la informaci\u00f3 de la navegaci\u00f3, \u00e9s a dir, com interactua l\u2019Usuari amb el Lloc Web.<\/span><\/p>\n<p class=\"MsoNormal\" style=\"margin: 12pt 0cm; line-height: normal; font-size: 11pt; font-family: Helvetica; text-align: justify;\"><span lang=\"CA\" style=\"font-size: 12pt;\">La informaci\u00f3 que s\u2019obt\u00e9 es refereix, per exemple, al nombre de p\u00e0gines visitades, l\u2019idioma, el lloc al qual pertany l\u2019adre\u00e7a IP des de la qual accedeix l\u2019Usuari, el nombre d\u2019Usuaris que hi accedeixen, la freq\u00fc\u00e8ncia i reincid\u00e8ncia de les visites, el temps de visita, el navegador que utilitzen, l\u2019operador o tipus de dispositiu des del qual es fa la visita. Aquesta informaci\u00f3 s\u2019utilitza per millorar el Lloc Web i detectar noves necessitats per oferir als Usuaris un Contingut i\/o servei d\u2019\u00f2ptima qualitat. En tot cas, la informaci\u00f3 es recull de manera an\u00f2nima i s\u2019elaboren informes de tend\u00e8ncies del Lloc Web sense identificar usuaris individuals.<\/span><\/p>\n<p class=\"MsoNormal\" style=\"margin: 12pt 0cm; line-height: normal; font-size: 11pt; font-family: Helvetica; text-align: justify;\"><span lang=\"CA\" style=\"font-size: 12pt;\">L\u2019entitat o entitats encarregades del subministrament de cookies podran cedir aquesta informaci\u00f3 a tercers, sempre que ho exigeixi la llei o sigui un tercer qui processi aquesta informaci\u00f3 per a aquestes entitats.<\/span><\/p>\n<p class=\"MsoNormal\" style=\"margin: 12pt 0cm 12pt 22.5pt; line-height: normal; font-size: 11pt; font-family: Helvetica; text-align: justify;\"><b><span lang=\"CA\" style=\"font-size: 12pt;\">Cookies de xarxes socials<\/span><\/b><\/p>\n<p class=\"MsoNormal\" style=\"margin: 12pt 0cm; line-height: normal; font-size: 11pt; font-family: Helvetica; text-align: justify;\"><span lang=\"CA\" style=\"font-size: 12pt;\">Cl\u00ednica del Peu Maresme incorpora connectors de xarxes socials, que permeten accedir-hi a partir del Lloc Web. Per aquesta ra\u00f3, les cookies de xarxes socials poden emmagatzemar-se al navegador de l\u2019Usuari. Els titulars d\u2019aquestes xarxes socials disposen de les seves pr\u00f2pies pol\u00edtiques de protecci\u00f3 de dades i de cookies, essent ells mateixos, en cada cas, responsables dels seus propis fitxers i de les seves pr\u00f2pies pr\u00e0ctiques de privacitat. L\u2019Usuari ha de referir-s\u2019hi per informar-se sobre aquestes cookies i, si escau, del tractament de les seves dades personals. \u00danicament a t\u00edtol informatiu s\u2019indiquen a continuaci\u00f3 els enlla\u00e7os on es poden consultar aquestes pol\u00edtiques de privacitat i\/o de cookies:<\/span><\/p>\n<p class=\"MsoNormal\" style=\"margin: 12pt 0cm 12pt 22.5pt; line-height: normal; font-size: 11pt; font-family: Helvetica; text-align: justify;\"><span lang=\"CA\" style=\"font-size: 12pt;\">Facebook: https:\/\/www.facebook.com\/policies\/cookies\/<\/span><\/p>\n<p class=\"MsoNormal\" style=\"margin: 12pt 0cm 12pt 22.5pt; line-height: normal; font-size: 11pt; font-family: Helvetica; text-align: justify;\"><span lang=\"CA\" style=\"font-size: 12pt;\">Twitter: https:\/\/twitter.com\/es\/privacy<\/span><\/p>\n<p class=\"MsoNormal\" style=\"margin: 12pt 0cm 12pt 22.5pt; line-height: normal; font-size: 11pt; font-family: Helvetica; text-align: justify;\"><span lang=\"CA\" style=\"font-size: 12pt;\">Instagram: https:\/\/help.instagram.com\/1896641480634370?ref=ig<\/span><\/p>\n<p class=\"MsoNormal\" style=\"margin: 12pt 0cm 12pt 22.5pt; line-height: normal; font-size: 11pt; font-family: Helvetica; text-align: justify;\"><span lang=\"CA\" style=\"font-size: 12pt;\">Youtube: https:\/\/policies.google.com\/privacy?hl=es-419&amp;gl=mx<\/span><\/p>\n<p class=\"MsoNormal\" style=\"margin: 12pt 0cm 12pt 22.5pt; line-height: normal; font-size: 11pt; font-family: Helvetica; text-align: justify;\"><span lang=\"CA\" style=\"font-size: 12pt;\">Google+: https:\/\/policies.google.com\/technologies\/cookies?hl=es<\/span><\/p>\n<p class=\"MsoNormal\" style=\"margin: 12pt 0cm 12pt 22.5pt; line-height: normal; font-size: 11pt; font-family: Helvetica; text-align: justify;\"><span lang=\"CA\" style=\"font-size: 12pt;\">Pinterest: https:\/\/policy.pinterest.com\/es\/privacy-policy<\/span><\/p>\n<p class=\"MsoNormal\" style=\"margin: 12pt 0cm 12pt 22.5pt; line-height: normal; font-size: 11pt; font-family: Helvetica; text-align: justify;\"><span lang=\"CA\" style=\"font-size: 12pt;\">LinkedIn: https:\/\/www.linkedin.com\/legal\/cookie-policy?trk=hp-cookies<\/span><\/p>\n<p class=\"MsoNormal\" style=\"margin: 12pt 0cm 12pt 22.5pt; line-height: normal; font-size: 11pt; font-family: Helvetica; text-align: justify;\"><b><span lang=\"CA\" style=\"font-size: 12pt;\">Deshabilitar, rebutjar i eliminar cookies<\/span><\/b><\/p>\n<p class=\"MsoNormal\" style=\"margin: 12pt 0cm; line-height: normal; font-size: 11pt; font-family: Helvetica; text-align: justify;\"><span lang=\"CA\" style=\"font-size: 12pt;\">L\u2019Usuari pot deshabilitar, rebutjar i eliminar les cookies \u2014totalment o parcialment\u2014 instal\u00b7lades al seu dispositiu mitjan\u00e7ant la configuraci\u00f3 del seu navegador (entre els quals es troben, per exemple, Chrome, Firefox, Safari, Explorer). En aquest sentit, els procediments per rebutjar i eliminar les cookies poden diferir d\u2019un navegador d\u2019Internet a un altre. En conseq\u00fc\u00e8ncia, l\u2019Usuari ha d\u2019acudir a les instruccions facilitades pel mateix navegador d\u2019Internet que estigui utilitzant. En el cas que rebutgi l\u2019\u00fas de cookies \u2014totalment o parcialment\u2014 podr\u00e0 continuar utilitzant el Lloc Web, si b\u00e9 podr\u00e0 tenir limitada la utilitzaci\u00f3 d\u2019algunes de les seves prestacions.<\/span><\/p>\n<p class=\"MsoNormal\" style=\"margin: 12pt 0cm 12pt 22.5pt; line-height: normal; font-size: 11pt; font-family: Helvetica; text-align: justify;\"><b><span lang=\"CA\" style=\"font-size: 12pt;\">Canvis en la Pol\u00edtica de Cookies<\/span><\/b><\/p>\n<p class=\"MsoNormal\" style=\"margin: 12pt 0cm; line-height: normal; font-size: 11pt; font-family: Helvetica; text-align: justify;\"><span lang=\"CA\" style=\"font-size: 12pt;\">\u00c9s possible que la Pol\u00edtica de Cookies del Lloc Web canvi\u00ef o s\u2019actualitzi, per aix\u00f2 \u00e9s recomanable que l\u2019Usuari revisi aquesta pol\u00edtica cada vegada que accedeixi al Lloc Web amb l\u2019objectiu d\u2019estar adequadament informat sobre com i per a qu\u00e8 utilitzem les cookies.<\/span><\/p>\n<p class=\"MsoNormal\" style=\"margin: 12pt 0cm; line-height: normal; font-size: 11pt; font-family: Helvetica; text-align: justify;\"><span lang=\"CA\" style=\"font-size: 12pt;\">\u00daltima modificaci\u00f3: 30 de gener de 2023<\/span><\/p>\n<p>[\/vc_column_text][\/vc_column][\/vc_row]<\/p>\n<\/div>","protected":false},"excerpt":{"rendered":"<p>[vc_row css=\u00bb.vc_custom_1773910649281{margin-bottom: 50px !important;}\u00bb][vc_column][vc_empty_space][vc_custom_heading text=\u00bbPol\u00edtica de Cookies\u00bb font_container=\u00bbtag:h1|text_align:center\u00bb google_fonts=\u00bbfont_family:Marcellus%3Aregular|font_style:400%20regular%3A400%3Anormal\u00bb css=\u00bb\u00bb][vc_empty_space][vc_column_text css=\u00bb\u00bb] L\u2019acc\u00e9s a aquest Lloc Web pot implicar la utilitzaci\u00f3 de cookies. Les cookies s\u00f3n petites quantitats d\u2019informaci\u00f3 que s\u2019emmagatzemen al navegador utilitzat per cada Usuari \u2014en els diferents dispositius que pugui utilitzar per navegar\u2014 perqu\u00e8 el servidor recordi certa informaci\u00f3 que posteriorment i \u00fanicament [&hellip;]<\/p>\n","protected":false},"author":1,"featured_media":0,"parent":0,"menu_order":0,"comment_status":"closed","ping_status":"closed","template":"page.php","meta":{"_joinchat":[],"footnotes":""},"class_list":["post-6398","page","type-page","status-publish","hentry"],"_links":{"self":[{"href":"https:\/\/clinicapeu.mustachecreative.com\/index.php\/wp-json\/wp\/v2\/pages\/6398","targetHints":{"allow":["GET"]}}],"collection":[{"href":"https:\/\/clinicapeu.mustachecreative.com\/index.php\/wp-json\/wp\/v2\/pages"}],"about":[{"href":"https:\/\/clinicapeu.mustachecreative.com\/index.php\/wp-json\/wp\/v2\/types\/page"}],"author":[{"embeddable":true,"href":"https:\/\/clinicapeu.mustachecreative.com\/index.php\/wp-json\/wp\/v2\/users\/1"}],"replies":[{"embeddable":true,"href":"https:\/\/clinicapeu.mustachecreative.com\/index.php\/wp-json\/wp\/v2\/comments?post=6398"}],"version-history":[{"count":2,"href":"https:\/\/clinicapeu.mustachecreative.com\/index.php\/wp-json\/wp\/v2\/pages\/6398\/revisions"}],"predecessor-version":[{"id":6468,"href":"https:\/\/clinicapeu.mustachecreative.com\/index.php\/wp-json\/wp\/v2\/pages\/6398\/revisions\/6468"}],"wp:attachment":[{"href":"https:\/\/clinicapeu.mustachecreative.com\/index.php\/wp-json\/wp\/v2\/media?parent=6398"}],"curies":[{"name":"wp","href":"https:\/\/api.w.org\/{rel}","templated":true}]}}