{"id":6396,"date":"2026-03-24T13:58:12","date_gmt":"2026-03-24T12:58:12","guid":{"rendered":"https:\/\/clinicapeu.mustachecreative.com\/?page_id=6396"},"modified":"2026-03-25T12:03:16","modified_gmt":"2026-03-25T11:03:16","slug":"avis-legal","status":"publish","type":"page","link":"https:\/\/clinicapeu.mustachecreative.com\/index.php\/ca\/avis-legal\/","title":{"rendered":"Av\u00eds Legal"},"content":{"rendered":"<div class=\"wpb-content-wrapper\"><p>[vc_row css=\u00bb.vc_custom_1773910162265{margin-bottom: 50px !important;}\u00bb][vc_column][vc_empty_space][vc_custom_heading text=\u00bbAv\u00eds legal\u00bb font_container=\u00bbtag:h1|text_align:center\u00bb google_fonts=\u00bbfont_family:Marcellus%3Aregular|font_style:400%20regular%3A400%3Anormal\u00bb css=\u00bb\u00bb][vc_empty_space][vc_column_text css=\u00bb\u00bb]<\/p>\n<p class=\"MsoNormal\" style=\"margin: 12pt 0cm; line-height: normal; font-size: 11pt; font-family: Helvetica; text-align: center;\" align=\"center\"><b><span lang=\"ES\" style=\"font-size: 12pt;\">I. INFORMACI\u00d3 GENERAL<\/span><\/b><\/p>\n<p class=\"MsoNormal\" style=\"margin: 12pt 0cm; line-height: normal; font-size: 11pt; font-family: Helvetica; text-align: justify;\"><span lang=\"ES\" style=\"font-size: 12pt;\"><br \/>\nEn compliment amb el deure d&#8217;informaci\u00f3 disposat en la Llei 34\/2002 de Serveis de la Societat de la Informaci\u00f3 i el Comer\u00e7 Electr\u00f2nic (LSSI-CE) d&#8217;11 de juliol, es faciliten a continuaci\u00f3 les seg\u00fcents dades d&#8217;informaci\u00f3 general d&#8217;aquest lloc web:<\/span><\/p>\n<p class=\"MsoNormal\" style=\"margin: 12pt 0cm; line-height: normal; font-size: 11pt; font-family: Helvetica; text-align: justify;\"><span lang=\"ES\" style=\"font-size: 12pt;\">La titularitat d&#8217;aquest lloc web, www.clinicadelpeumaresme.cat, (d&#8217;ara endavant, lloc web) l&#8217;ostenta: Jordi S\u00e1nchez Merc\u00e8, amb NIF: 39704514M, i les dades de contacte del qual s\u00f3n:<\/span><\/p>\n<p class=\"MsoNormal\" style=\"margin: 12pt 0cm 12pt 22.5pt; line-height: normal; font-size: 11pt; font-family: Helvetica; text-align: justify;\"><span lang=\"ES\" style=\"font-size: 12pt;\">Adre\u00e7a:<br \/>\nCam\u00ed Ral de la Merc\u00e8, 482, local<br \/>\n08302, Matar\u00f3<br \/>\nBarcelona, Espanya<br \/>\nTel\u00e8fon de contacte: 937 57 96 76<br \/>\nEmail de contacte: info@clinicadelpeumaresme.cat<\/span><\/p>\n<p class=\"MsoNormal\" style=\"margin: 12pt 0cm; line-height: normal; font-size: 11pt; font-family: Helvetica; text-align: justify;\"><span lang=\"ES\" style=\"font-size: 12pt;\">Aix\u00ed mateix, donada la naturalesa de l&#8217;activitat desenvolupada per Cl\u00ednica del Peu Maresme, es troba registrat en: el Departament de Salut amb les seg\u00fcents dades registrals: N\u00fam. de registre: E08582983. De la mateixa manera, sent l&#8217;activitat exercida per Cl\u00ednica del Peu Maresme una activitat regulada es fa constar que, com a tal, est\u00e0 en possessi\u00f3 de:<\/span><\/p>\n<p class=\"MsoNormal\" style=\"margin: 12pt 0cm 12pt 22.5pt; line-height: normal; font-size: 11pt; font-family: Helvetica; text-align: justify;\"><span lang=\"ES\" style=\"font-size: 12pt;\">Diplomat en Podologia, Universitat de Barcelona (2002) amb N\u00fam. Col\u00b7legiat: 1032<\/span><\/p>\n<p class=\"MsoNormal\" style=\"margin: 12pt 0cm; line-height: normal; font-size: 11pt; font-family: Helvetica; text-align: justify;\"><span lang=\"ES\" style=\"font-size: 12pt;\">Cl\u00ednica del Peu Maresme est\u00e0 adherit a: Codi Deontol\u00f2gic l&#8217;aprovaci\u00f3 del qual ve donada per l&#8217;organisme seg\u00fcent: Col\u00b7legi Oficial de Pod\u00f2legs de Catalunya i que es pot consultar en el lloc web: https:\/\/www.podocat.cat\/portals\/0\/codig%20DEONTOLOGIC%20-%20PODOCAT%20maig%202022.pdf.<\/span><\/p>\n<p class=\"MsoNormal\" style=\"margin: 12pt 0cm; line-height: normal; font-size: 11pt; font-family: Helvetica; text-align: center;\" align=\"center\"><b><span lang=\"ES\" style=\"font-size: 12pt;\"><br \/>\nII. TERMES I CONDICIONS GENERALS D&#8217;\u00daS<\/span><\/b><\/p>\n<p class=\"MsoNormal\" style=\"margin: 12pt 0cm 12pt 22.5pt; line-height: normal; font-size: 11pt; font-family: Helvetica; text-align: justify;\"><b><span lang=\"ES\" style=\"font-size: 12pt;\"><br \/>\nL&#8217;objecte de les condicions: El lloc web<\/span><\/b><\/p>\n<p class=\"MsoNormal\" style=\"margin: 12pt 0cm; line-height: normal; font-size: 11pt; font-family: Helvetica; text-align: justify;\"><span lang=\"ES\" style=\"font-size: 12pt;\"><br \/>\nL&#8217;objecte de les presents Condicions Generals d&#8217;\u00das (d&#8217;ara endavant, Condicions) \u00e9s regular l&#8217;acc\u00e9s i la utilitzaci\u00f3 del lloc web. A l&#8217;efecte de les presents Condicions s&#8217;entendr\u00e0 com a lloc web: l&#8217;aparen\u00e7a externa de les interf\u00edcies de pantalla, tant de manera est\u00e0tica com de manera din\u00e0mica, \u00e9s a dir, l&#8217;arbre de navegaci\u00f3; i tots els elements integrats tant en les interf\u00edcies de pantalla com en l&#8217;arbre de navegaci\u00f3 (d&#8217;ara endavant, Continguts) i tots aquells serveis o recursos en l\u00ednia que si \u00e9s el cas ofereixi als Usuaris (d&#8217;ara endavant, Serveis).<\/span><\/p>\n<p class=\"MsoNormal\" style=\"margin: 12pt 0cm; line-height: normal; font-size: 11pt; font-family: Helvetica; text-align: justify;\"><span lang=\"ES\" style=\"font-size: 12pt;\">Cl\u00ednica del Peu Maresme es reserva la facultat de modificar, en qualsevol moment, i sense av\u00eds previ, la presentaci\u00f3 i configuraci\u00f3 del lloc web i dels Continguts i Serveis que en ell poguessin estar incorporats. L&#8217;Usuari reconeix i accepta que en qualsevol moment Cl\u00ednica del Peu Maresme pugui interrompre, desactivar i\/o cancel\u00b7lar qualsevol d&#8217;aquests elements que s&#8217;integren en el lloc web o l&#8217;acc\u00e9s a aquests.<\/span><\/p>\n<p class=\"MsoNormal\" style=\"margin: 12pt 0cm; line-height: normal; font-size: 11pt; font-family: Helvetica; text-align: justify;\"><span lang=\"ES\" style=\"font-size: 12pt;\">L&#8217;acc\u00e9s al lloc web per l&#8217;Usuari t\u00e9 car\u00e0cter lliure i, per regla general, \u00e9s gratu\u00eft sense que l&#8217;Usuari hagi de proporcionar una contraprestaci\u00f3 per a poder gaudir d&#8217;aix\u00f2, excepte en el relatiu al cost de connexi\u00f3 a trav\u00e9s de la xarxa de telecomunicacions subministrada pel prove\u00efdor d&#8217;acc\u00e9s que hagu\u00e9s contractat l&#8217;Usuari.<\/span><\/p>\n<p class=\"MsoNormal\" style=\"margin: 12pt 0cm; line-height: normal; font-size: 11pt; font-family: Helvetica; text-align: justify;\"><span lang=\"ES\" style=\"font-size: 12pt;\">La utilitzaci\u00f3 d&#8217;algun dels Continguts o Serveis del lloc web podr\u00e0 fer-se mitjan\u00e7ant la subscripci\u00f3 o registre previ de l&#8217;Usuari.<\/span><\/p>\n<p class=\"MsoNormal\" style=\"margin: 12pt 0cm 12pt 22.5pt; line-height: normal; font-size: 11pt; font-family: Helvetica; text-align: justify;\"><b><span lang=\"ES\" style=\"font-size: 12pt;\">L&#8217;Usuari<\/span><\/b><\/p>\n<p class=\"MsoNormal\" style=\"margin: 12pt 0cm; line-height: normal; font-size: 11pt; font-family: Helvetica; text-align: justify;\"><span lang=\"ES\" style=\"font-size: 12pt;\">L&#8217;acc\u00e9s, la navegaci\u00f3 i \u00fas del lloc web, aix\u00ed com pels espais habilitats per a interactuar entre els Usuaris, i l&#8217;Usuari i Cl\u00ednica del Peu Maresme, com els comentaris i\/o espais de blogging, confereix la condici\u00f3 d&#8217;Usuari, per la qual cosa s&#8217;accepten, des que s&#8217;inicia la navegaci\u00f3 pel lloc web, totes les Condicions aqu\u00ed establertes, aix\u00ed com les seves ulteriors modificacions, sense perjudici de l&#8217;aplicaci\u00f3 de la corresponent normativa legal d&#8217;obligat compliment segons el cas. Donada la rellev\u00e0ncia de l&#8217;anterior, es recomana a l&#8217;Usuari llegir-les cada vegada que visiti el lloc web.<\/span><\/p>\n<p class=\"MsoNormal\" style=\"margin: 12pt 0cm; line-height: normal; font-size: 11pt; font-family: Helvetica; text-align: justify;\"><span lang=\"ES\" style=\"font-size: 12pt;\">El lloc web de Cl\u00ednica del Peu Maresme proporciona gran diversitat d&#8217;informaci\u00f3, serveis i dades. L&#8217;Usuari assumeix la seva responsabilitat per a realitzar un \u00fas correcte del lloc web. Aquesta responsabilitat s&#8217;estendr\u00e0 a:<\/span><\/p>\n<ul style=\"margin-bottom: 0cm; font-size: medium; margin-top: 0cm;\" type=\"disc\">\n<li class=\"MsoNormal\" style=\"margin: 0cm; line-height: normal; font-size: 11pt; font-family: Helvetica; text-align: justify;\"><span lang=\"ES\" style=\"font-size: 12pt;\">Un \u00fas de la informaci\u00f3, Continguts i\/o Serveis i dades ofertes per Cl\u00ednica del Peu Maresme sense que sigui contrari al que es disposa per les presents Condicions, la Llei, la moral o l&#8217;ordre p\u00fablic, o que de qualsevol altre mode puguin suposar lesi\u00f3 dels drets de tercers o del mateix funcionament del lloc web.<\/span><\/li>\n<li class=\"MsoNormal\" style=\"margin: 0cm; line-height: normal; font-size: 11pt; font-family: Helvetica; text-align: justify;\"><span lang=\"ES\" style=\"font-size: 12pt;\">La veracitat i licitud de les informacions aportades per l&#8217;Usuari en els formularis estesos per Cl\u00ednica del Peu Maresme per a l&#8217;acc\u00e9s a uns certs Continguts o Serveis oferts pel lloc web. En tot cas, l&#8217;Usuari notificar\u00e0 de manera immediata a Cl\u00ednica del Peu Maresme sobre qualsevol fet que permeti l&#8217;\u00fas indegut de la informaci\u00f3 registrada en aquests formularis, com ara, per\u00f2 no sols, el robatori, extraviament, o l&#8217;acc\u00e9s no autoritzat a identificadors i\/o contrasenyes, amb la finalitat de procedir a la seva immediata cancel\u00b7laci\u00f3.<\/span><\/li>\n<\/ul>\n<p class=\"MsoNormal\" style=\"margin: 12pt 0cm; line-height: normal; font-size: 11pt; font-family: Helvetica; text-align: justify;\"><span lang=\"ES\" style=\"font-size: 12pt;\">Cl\u00ednica del Peu Maresme es reserva el dret de retirar tots aquells comentaris i aportacions que vulnerin la llei, el respecte a la dignitat de la persona, que siguin discriminatoris, xen\u00f2fobs, racistes, pornogr\u00e0fics, spamming, que atemptin contra la joventut o la inf\u00e0ncia, l&#8217;ordre o la seguretat p\u00fablica o que, al seu judici, no resultessin adequats per a la seva publicaci\u00f3.<\/span><\/p>\n<p class=\"MsoNormal\" style=\"margin: 12pt 0cm; line-height: normal; font-size: 11pt; font-family: Helvetica; text-align: justify;\"><span lang=\"ES\" style=\"font-size: 12pt;\">En qualsevol cas, Cl\u00ednica del Peu Maresme no ser\u00e0 responsable de les opinions abocades pels Usuaris a trav\u00e9s de comentaris o altres eines de blogging o de participaci\u00f3 que pugui haver-hi.<\/span><\/p>\n<p class=\"MsoNormal\" style=\"margin: 12pt 0cm; line-height: normal; font-size: 11pt; font-family: Helvetica; text-align: justify;\"><span lang=\"ES\" style=\"font-size: 12pt;\">El mer acc\u00e9s a aquest lloc web no suposa entaular cap mena de relaci\u00f3 de car\u00e0cter comercial entre Cl\u00ednica del Peu Maresme i l&#8217;Usuari.<\/span><\/p>\n<p class=\"MsoNormal\" style=\"margin: 12pt 0cm; line-height: normal; font-size: 11pt; font-family: Helvetica; text-align: justify;\"><span lang=\"ES\" style=\"font-size: 12pt;\">Sempre en el respecte de la legislaci\u00f3 vigent, aquest lloc web de Cl\u00ednica del Peu Maresme es dirigeix a totes les persones, sense importar la seva edat, que puguin accedir i\/o navegar per les p\u00e0gines del lloc web.<\/span><\/p>\n<p class=\"MsoNormal\" style=\"margin: 12pt 0cm; line-height: normal; font-size: 11pt; font-family: Helvetica; text-align: justify;\"><span lang=\"ES\" style=\"font-size: 12pt;\">El lloc web est\u00e0 dirigit principalment a Usuaris residents a Espanya. Cl\u00ednica del Peu Maresme no assegura que el lloc web compleixi amb legislacions d&#8217;altres pa\u00efsos, ja sigui totalment o parcialment. Si l&#8217;Usuari resideix o t\u00e9 el seu domiciliat en un altre lloc i decideix accedir i\/o navegar en el lloc web el far\u00e0 sota la seva pr\u00f2pia responsabilitat, haur\u00e0 d&#8217;assegurar-se que tal acc\u00e9s i navegaci\u00f3 compleix amb la legislaci\u00f3 local que li \u00e9s aplicable, no assumint Cl\u00ednica del Peu Maresme cap responsabilitat que es pugui derivar d&#8217;aquest acc\u00e9s.<\/span><\/p>\n<p class=\"MsoNormal\" style=\"margin: 12pt 0cm; line-height: normal; font-size: 11pt; font-family: Helvetica; text-align: center;\" align=\"center\"><b><span lang=\"ES\" style=\"font-size: 12pt;\"><br \/>\nIII. ACC\u00c9S I NAVEGACI\u00d3 EN EL LLOC WEB: EXCLUSI\u00d3 DE GARANTIES I RESPONSABILITAT<\/span><\/b><\/p>\n<p class=\"MsoNormal\" style=\"margin: 12pt 0cm; line-height: normal; font-size: 11pt; font-family: Helvetica; text-align: justify;\"><span lang=\"ES\" style=\"font-size: 12pt;\">Cl\u00ednica del Peu Maresme no garanteix la continu\u00eftat, disponibilitat i utilitat del lloc web, ni dels Continguts o Serveis. Cl\u00ednica del Peu Maresme far\u00e0 tot el possible pel bon funcionament del lloc web, no obstant aix\u00f2, no es responsabilitza ni garanteix que l&#8217;acc\u00e9s a aquest lloc web no vagi a ser ininterromput o que estigui lliure d&#8217;error.<\/span><\/p>\n<p class=\"MsoNormal\" style=\"margin: 12pt 0cm; line-height: normal; font-size: 11pt; font-family: Helvetica; text-align: justify;\"><span lang=\"ES\" style=\"font-size: 12pt;\"><br \/>\nTampoc es responsabilitza o garanteix que el contingut o programari al qual pugui accedir-se a trav\u00e9s d&#8217;aquest lloc web, estigui lliure d&#8217;error o causi un mal al sistema inform\u00e0tic (programari i maquinari) de l&#8217;Usuari. En cap cas Cl\u00ednica del Peu Maresme ser\u00e0 responsable per les p\u00e8rdues, danys o perjudicis de qualsevol tipus que sorgeixin per l&#8217;acc\u00e9s, navegaci\u00f3 i l&#8217;\u00fas del lloc web, incloent-se, per\u00f2 no limitant-se, als ocasionats als sistemes inform\u00e0tics o els provocats per la introducci\u00f3 de virus.<\/span><\/p>\n<p class=\"MsoNormal\" style=\"margin: 12pt 0cm; line-height: normal; font-size: 11pt; font-family: Helvetica; text-align: justify;\"><span lang=\"ES\" style=\"font-size: 12pt;\">Cl\u00ednica del Peu Maresme tampoc es fa responsable dels danys que poguessin ocasionar-se als usuaris per un \u00fas inadequat d&#8217;aquest lloc web. En particular, no es fa responsable de cap manera de les caigudes, interrupcions, falta o defecte de les telecomunicacions que poguessin oc\u00f3rrer.<\/span><\/p>\n<p class=\"MsoNormal\" style=\"margin: 12pt 0cm; line-height: normal; font-size: 11pt; font-family: Helvetica; text-align: center;\" align=\"center\"><b><span lang=\"ES\" style=\"font-size: 12pt;\"><br \/>\nIV. POL\u00cdTICA DE PRIVACITAT I PROTECCI\u00d3 DE DADES<\/span><\/b><\/p>\n<ul>\n<li class=\"MsoNormal\" style=\"margin: 0cm; line-height: normal; font-size: 11pt; font-family: Helvetica; text-align: justify;\">Respectant el que s&#8217;estableix en la legislaci\u00f3 vigent, Cl\u00ednica del Peu Maresme es compromet a adoptar les mesures t\u00e8cniques i organitzatives necess\u00e0ries, segons el nivell de seguretat adequat al risc de les dades recollides.\n<p class=\"MsoNormal\" style=\"margin: 12pt 0cm 12pt 22.5pt; line-height: normal; font-size: 11pt; font-family: Helvetica; text-align: justify;\"><b><span lang=\"ES\" style=\"font-size: 12pt;\">Lleis que incorpora aquesta pol\u00edtica de privacitat<\/span><\/b><\/p>\n<p class=\"MsoNormal\" style=\"margin: 12pt 0cm; line-height: normal; font-size: 11pt; font-family: Helvetica; text-align: justify;\"><span lang=\"ES\" style=\"font-size: 12pt;\">Aquesta pol\u00edtica de privacitat est\u00e0 adaptada a la normativa espanyola i europea vigent en mat\u00e8ria de protecci\u00f3 de dades personals en internet. En concret, la mateixa respecta les seg\u00fcents normes:<\/span><\/p>\n<ul style=\"margin-bottom: 0cm; font-size: medium; margin-top: 0cm;\" type=\"disc\">\n<li class=\"MsoNormal\" style=\"margin: 0cm; line-height: normal; font-size: 11pt; font-family: Helvetica; text-align: justify;\"><span lang=\"ES\" style=\"font-size: 12pt;\">El Reglament (UE) 2016\/679 del Parlament Europeu i del Consell, de 27 d&#8217;abril de 2016, relatiu a la protecci\u00f3 de les persones f\u00edsiques pel que fa al tractament de dades personals i a la lliure circulaci\u00f3 d&#8217;aquestes dades (RGPD).<\/span><\/li>\n<li class=\"MsoNormal\" style=\"margin: 0cm; line-height: normal; font-size: 11pt; font-family: Helvetica; text-align: justify;\"><span lang=\"ES\" style=\"font-size: 12pt;\">La Llei org\u00e0nica 3\/2018, de 5 de desembre, de Protecci\u00f3 de Dades Personals i garantia dels drets digitals (LOPD-GDD).<\/span><\/li>\n<li class=\"MsoNormal\" style=\"margin: 0cm; line-height: normal; font-size: 11pt; font-family: Helvetica; text-align: justify;\"><span lang=\"ES\" style=\"font-size: 12pt;\">El Reial decret 1720\/2007, de 21 de desembre, pel qual s&#8217;aprova el Reglament de desenvolupament de la Llei org\u00e0nica 15\/1999, de 13 de desembre, de Protecci\u00f3 de Dades de Car\u00e0cter Personal (RDLOPD).<\/span><\/li>\n<li class=\"MsoNormal\" style=\"margin: 0cm; line-height: normal; font-size: 11pt; font-family: Helvetica; text-align: justify;\"><span lang=\"ES\" style=\"font-size: 12pt;\">La Llei 34\/2002, d&#8217;11 de juliol, de Serveis de la Societat de la Informaci\u00f3 i de Comer\u00e7 Electr\u00f2nic (LSSI-CE).<\/span><\/li>\n<\/ul>\n<p class=\"MsoNormal\" style=\"margin: 12pt 0cm 12pt 22.5pt; line-height: normal; font-size: 11pt; font-family: Helvetica; text-align: justify;\"><b><span lang=\"ES\" style=\"font-size: 12pt;\">Identitat del responsable del tractament de les dades personals<\/span><\/b><\/p>\n<p class=\"MsoNormal\" style=\"margin: 12pt 0cm; line-height: normal; font-size: 11pt; font-family: Helvetica; text-align: justify;\"><span lang=\"ES\" style=\"font-size: 12pt;\">El responsable del tractament de les dades personals recollits en Cl\u00ednica del Peu Maresme \u00e9s: Jordi S\u00e1nchez Merc\u00e8, amb NIF: 39704514M (d&#8217;ara endavant, tamb\u00e9 Responsable del tractament). Les seves dades de contacte s\u00f3n els seg\u00fcents:<\/span><\/p>\n<p class=\"MsoNormal\" style=\"margin: 12pt 0cm 12pt 22.5pt; line-height: normal; font-size: 11pt; font-family: Helvetica; text-align: justify;\"><span lang=\"ES\" style=\"font-size: 12pt;\">Adre\u00e7a:<br \/>\nCam\u00ed Ral de la Merc\u00e8, 482, local<br \/>\n08302, Matar\u00f3<br \/>\nBarcelona, Espanya<br \/>\nTel\u00e8fon de contacte: 937 57 96 76<br \/>\nEmail de contacte: info@clinicadelpeumaresme.cat<\/span><\/p>\n<p class=\"MsoNormal\" style=\"margin: 12pt 0cm 12pt 22.5pt; line-height: normal; font-size: 11pt; font-family: Helvetica; text-align: justify;\"><b><span lang=\"ES\" style=\"font-size: 12pt;\">Delegat de Protecci\u00f3 de Dades (DPD)<\/span><\/b><\/p>\n<p class=\"MsoNormal\" style=\"margin: 12pt 0cm; line-height: normal; font-size: 11pt; font-family: Helvetica; text-align: justify;\"><span lang=\"ES\" style=\"font-size: 12pt;\">El Delegat de Protecci\u00f3 de Dades (DPD, o DPO per les seves sigles en angl\u00e8s) \u00e9s l&#8217;encarregat de vetllar pel compliment de la normativa de protecci\u00f3 de dades a la qual es troba subjecta Cl\u00ednica del Peu Maresme. L&#8217;Usuari pot contactar amb el DPD designat pel Responsable del tractament utilitzant les seg\u00fcents dades de contacte: info@clinicadelpeumaresme.cat, 937 57 96 76.<\/span><\/p>\n<p class=\"MsoNormal\" style=\"margin: 12pt 0cm 12pt 22.5pt; line-height: normal; font-size: 11pt; font-family: Helvetica; text-align: justify;\"><b><span lang=\"ES\" style=\"font-size: 12pt;\">Registre de Dades de Car\u00e0cter Personal<\/span><\/b><\/p>\n<p class=\"MsoNormal\" style=\"margin: 12pt 0cm; line-height: normal; font-size: 11pt; font-family: Helvetica; text-align: justify;\"><span lang=\"ES\" style=\"font-size: 12pt;\">En compliment del que s&#8217;estableix en el RGPD i la LOPD-GDD, l&#8217;informem que les dades personals recaptades per Cl\u00ednica del Peu Maresme mitjan\u00e7ant els formularis estesos en les seves p\u00e0gines quedaran incorporats i seran tractats en el nostre fitxers amb la finalitat de poder facilitar, agilitzar i complir els compromisos establerts entre Cl\u00ednica del Peu Maresme i l&#8217;Usuari o el manteniment de la relaci\u00f3 que s&#8217;estableixi en els formularis que aquest empleni, o per a atendre una sol\u00b7licitud o consulta d&#8217;aquest. Aix\u00ed mateix, de conformitat amb el que es preveu en el RGPD i la LOPD-GDD, tret que sigui aplicable l&#8217;excepci\u00f3 prevista en l&#8217;article 30.5 del RGPD, es mant\u00e9 un registre d&#8217;activitats de tractament que especifica, segons les seves finalitats, les activitats de tractament dutes a terme i les altres circumst\u00e0ncies establertes en el RGPD.<\/span><\/p>\n<p class=\"MsoNormal\" style=\"margin: 12pt 0cm 12pt 22.5pt; line-height: normal; font-size: 11pt; font-family: Helvetica; text-align: justify;\"><b><span lang=\"ES\" style=\"font-size: 12pt;\">Principis aplicables al tractament de les dades personals<\/span><\/b><\/p>\n<p class=\"MsoNormal\" style=\"margin: 12pt 0cm; line-height: normal; font-size: 11pt; font-family: Helvetica; text-align: justify;\"><span lang=\"ES\" style=\"font-size: 12pt;\">El tractament de les dades personals de l&#8217;Usuari se sotmetr\u00e0 als seg\u00fcents principis recollits en l&#8217;article 5 del RGPD:<\/span><\/p>\n<ul style=\"margin-bottom: 0cm; font-size: medium; margin-top: 0cm;\" type=\"disc\">\n<li class=\"MsoNormal\" style=\"margin: 0cm; line-height: normal; font-size: 11pt; font-family: Helvetica; text-align: justify;\"><span lang=\"ES\" style=\"font-size: 12pt;\">Principi de licitud, lleialtat i transpar\u00e8ncia: es requerir\u00e0 en tot moment el consentiment de l&#8217;Usuari pr\u00e8via informaci\u00f3 completament transparent dels fins per als quals es recullen les dades personals.<\/span><\/li>\n<li class=\"MsoNormal\" style=\"margin: 0cm; line-height: normal; font-size: 11pt; font-family: Helvetica; text-align: justify;\"><span lang=\"ES\" style=\"font-size: 12pt;\">Principi de limitaci\u00f3 de la finalitat: les dades personals seran recollits amb finalitats determinats, expl\u00edcits i leg\u00edtims.<\/span><\/li>\n<li class=\"MsoNormal\" style=\"margin: 0cm; line-height: normal; font-size: 11pt; font-family: Helvetica; text-align: justify;\"><span lang=\"ES\" style=\"font-size: 12pt;\">Principi de minimitzaci\u00f3 de dades: les dades personals recollits seran \u00fanicament els estrictament necessaris en relaci\u00f3 amb els fins per als quals s\u00f3n tractats.<\/span><\/li>\n<\/ul>\n<\/li>\n<\/ul>\n<p>[\/vc_column_text][\/vc_column][\/vc_row]<\/p>\n<\/div>","protected":false},"excerpt":{"rendered":"<p>[vc_row css=\u00bb.vc_custom_1773910162265{margin-bottom: 50px !important;}\u00bb][vc_column][vc_empty_space][vc_custom_heading text=\u00bbAv\u00eds legal\u00bb font_container=\u00bbtag:h1|text_align:center\u00bb google_fonts=\u00bbfont_family:Marcellus%3Aregular|font_style:400%20regular%3A400%3Anormal\u00bb css=\u00bb\u00bb][vc_empty_space][vc_column_text css=\u00bb\u00bb] I. INFORMACI\u00d3 GENERAL En compliment amb el deure d&#8217;informaci\u00f3 disposat en la Llei 34\/2002 de Serveis de la Societat de la Informaci\u00f3 i el Comer\u00e7 Electr\u00f2nic (LSSI-CE) d&#8217;11 de juliol, es faciliten a continuaci\u00f3 les seg\u00fcents dades d&#8217;informaci\u00f3 general d&#8217;aquest lloc web: La titularitat d&#8217;aquest [&hellip;]<\/p>\n","protected":false},"author":1,"featured_media":0,"parent":0,"menu_order":0,"comment_status":"closed","ping_status":"closed","template":"page.php","meta":{"_joinchat":[],"footnotes":""},"class_list":["post-6396","page","type-page","status-publish","hentry"],"_links":{"self":[{"href":"https:\/\/clinicapeu.mustachecreative.com\/index.php\/wp-json\/wp\/v2\/pages\/6396","targetHints":{"allow":["GET"]}}],"collection":[{"href":"https:\/\/clinicapeu.mustachecreative.com\/index.php\/wp-json\/wp\/v2\/pages"}],"about":[{"href":"https:\/\/clinicapeu.mustachecreative.com\/index.php\/wp-json\/wp\/v2\/types\/page"}],"author":[{"embeddable":true,"href":"https:\/\/clinicapeu.mustachecreative.com\/index.php\/wp-json\/wp\/v2\/users\/1"}],"replies":[{"embeddable":true,"href":"https:\/\/clinicapeu.mustachecreative.com\/index.php\/wp-json\/wp\/v2\/comments?post=6396"}],"version-history":[{"count":3,"href":"https:\/\/clinicapeu.mustachecreative.com\/index.php\/wp-json\/wp\/v2\/pages\/6396\/revisions"}],"predecessor-version":[{"id":6465,"href":"https:\/\/clinicapeu.mustachecreative.com\/index.php\/wp-json\/wp\/v2\/pages\/6396\/revisions\/6465"}],"wp:attachment":[{"href":"https:\/\/clinicapeu.mustachecreative.com\/index.php\/wp-json\/wp\/v2\/media?parent=6396"}],"curies":[{"name":"wp","href":"https:\/\/api.w.org\/{rel}","templated":true}]}}