{"id":6390,"date":"2026-03-24T13:55:07","date_gmt":"2026-03-24T12:55:07","guid":{"rendered":"https:\/\/clinicapeu.mustachecreative.com\/?page_id=6390"},"modified":"2026-03-25T10:45:17","modified_gmt":"2026-03-25T09:45:17","slug":"especialitats","status":"publish","type":"page","link":"https:\/\/clinicapeu.mustachecreative.com\/index.php\/ca\/especialitats\/","title":{"rendered":"Especialitats"},"content":{"rendered":"<div class=\"wpb-content-wrapper\"><p>[vc_row css=\u00bb.vc_custom_1773749448741{margin-top: 25px !important;margin-bottom: 50px !important;}\u00bb][vc_column css_animation=\u00bbfadeInUp\u00bb css=\u00bb.vc_custom_1773744636386{background-color: #ffffff !important;}\u00bb][vc_column_text css=\u00bb.vc_custom_1774431250110{margin-top: 35px !important;}\u00bb]<\/p>\n<p style=\"text-align: center;\">Els nostres centres ofereixen un enfocament integral de la salut del peu a trav\u00e9s de diferents \u00e0rees especialitzades.<br \/>\nComptem amb serveis de <strong data-start=\"154\" data-end=\"175\">podologia general<\/strong>, <strong data-start=\"177\" data-end=\"205\">podologia del moviment<\/strong>, <strong data-start=\"207\" data-end=\"229\">podologia infantil<\/strong>, <strong data-start=\"231\" data-end=\"250\">cirurgia del peu<\/strong> i <strong data-start=\"253\" data-end=\"275\">podologia est\u00e8tica<\/strong>, la qual cosa ens permet abordar tant les patologies m\u00e9s comunes com tractaments m\u00e9s espec\u00edfics.<br \/>\nGr\u00e0cies a un equip professional qualificat i a la utilitzaci\u00f3 de t\u00e8cniques i equipament especialitzat, oferim solucions adaptades a les necessitats de cada pacient en totes les etapes de la vida.<\/p>\n<p>[\/vc_column_text][\/vc_column][\/vc_row][vc_row css=\u00bb.vc_custom_1773747659781{margin-bottom: 40px !important;}\u00bb][vc_column css_animation=\u00bbfadeInUp\u00bb css=\u00bb.vc_custom_1774341953362{background-color: #ffffff !important;}\u00bb el_class=\u00bbofrecemos\u00bb][vc_custom_heading text=\u00bbQu\u00e8 oferim\u00bb font_container=\u00bbtag:h2|text_align:center|color:%23000000&#8243; use_theme_fonts=\u00bbyes\u00bb css_animation=\u00bbfadeInUp\u00bb css=\u00bb\u00bb][\/vc_column][\/vc_row][vc_row el_class=\u00bbservicios-pantallas-grandes\u00bb][vc_column css_animation=\u00bbfadeInLeft\u00bb width=\u00bb1\/3&#8243;]<div class=\"ult-new-ib ult-ib-effect-style13  ult-ib-resp ult-ib2-min-height \" data-min-width=\"768\" data-max-width=\"900\" style=\"background:#3a3737; opacity:0; \" data-opacity=\"0.5\" data-hover-opacity=\"0.1\"  data-min-height=\"400\" ><img decoding=\"async\" class=\"ult-new-ib-img\" style=\"opacity:0.5;\" alt=\"null\" src=\"https:\/\/clinicapeu.mustachecreative.com\/wp-content\/uploads\/2026\/03\/4.jpg\"  data-min-height=\"400\"   \/><div id=\"interactive-banner-wrap-1846\" class=\"ult-new-ib-desc\" style=\"\"><h2 class=\"ult-new-ib-title ult-responsive\"  data-ultimate-target='#interactive-banner-wrap-1846 .ult-new-ib-title'  data-responsive-json-new='{\"font-size\":\"desktop:20px;\",\"line-height\":\"\"}'  style=\"font-family:&#039;Roboto&#039;;font-weight:600;color:#ffffff;\">Cirurgia del peu<\/h2><div class=\"ult-new-ib-content ult-responsive\"  data-ultimate-target='#interactive-banner-wrap-1846 .ult-new-ib-content'  data-responsive-json-new='{\"font-size\":\"desktop:14px;\",\"line-height\":\"\"}'  style=\"font-family:&#039;Roboto&#039;;font-weight:normal;color:#eaeaea;\"><p>Oferim solucions quir\u00fargiques per a tractar patologies del peu que no poden resoldre's mitjan\u00e7ant tractaments conservadors. Realitzem intervencions podol\u00f2giques amb t\u00e8cniques especialitzades, orientades a corregir deformitats i millorar la funcionalitat del peu.<\/p><\/div><\/div><a class=\"ult-new-ib-link\" href=\"\/index.php\/ca\/especialitats\/cirurgia-del-peu\/\" title=\"Cirurgia del peu\"  ><\/a><\/div>[\/vc_column][vc_column css_animation=\u00bbfadeInLeft\u00bb width=\u00bb1\/3&#8243;]<div class=\"ult-new-ib ult-ib-effect-style13  ult-ib-resp ult-ib2-min-height \" data-min-width=\"768\" data-max-width=\"900\" style=\"background:#3a3737; opacity:0; \" data-opacity=\"0.5\" data-hover-opacity=\"0.1\"  data-min-height=\"400\" ><img decoding=\"async\" class=\"ult-new-ib-img\" style=\"opacity:0.5;\" alt=\"null\" src=\"https:\/\/clinicapeu.mustachecreative.com\/wp-content\/uploads\/2026\/03\/1.jpg\"  data-min-height=\"400\"   \/><div id=\"interactive-banner-wrap-5756\" class=\"ult-new-ib-desc\" style=\"\"><h2 class=\"ult-new-ib-title ult-responsive\"  data-ultimate-target='#interactive-banner-wrap-5756 .ult-new-ib-title'  data-responsive-json-new='{\"font-size\":\"desktop:20px;\",\"line-height\":\"\"}'  style=\"font-family:&#039;Roboto&#039;;font-weight:600;color:#ffffff;\">Podologia general<\/h2><div class=\"ult-new-ib-content ult-responsive\"  data-ultimate-target='#interactive-banner-wrap-5756 .ult-new-ib-content'  data-responsive-json-new='{\"font-size\":\"desktop:14px;\",\"line-height\":\"\"}'  style=\"font-family:&#039;Roboto&#039;;font-weight:normal;color:#eaeaea;\"><p>La podologia general es centra en el diagn\u00f2stic, tractament i prevenci\u00f3 de les afeccions m\u00e9s comunes del peu. Tractem problemes com dureses, callositats, ungles encarnades, alteracions ungueales o infeccions, ajudant a mantenir una correcta salut podol\u00f2gica i a prevenir complicacions futures.<\/p><\/div><\/div><a class=\"ult-new-ib-link\" href=\"\/index.php\/ca\/especialitats\/podologia-general\/\" title=\"Podologia general\"  ><\/a><\/div>[\/vc_column][vc_column css_animation=\u00bbfadeInLeft\u00bb width=\u00bb1\/3&#8243;]<div class=\"ult-new-ib ult-ib-effect-style13  ult-ib-resp ult-ib2-min-height \" data-min-width=\"768\" data-max-width=\"900\" style=\"background:#3a3737; opacity:0; \" data-opacity=\"0.5\" data-hover-opacity=\"0.1\"  data-min-height=\"400\" ><img decoding=\"async\" class=\"ult-new-ib-img\" style=\"opacity:0.5;\" alt=\"null\" src=\"https:\/\/clinicapeu.mustachecreative.com\/wp-content\/uploads\/2026\/03\/2.jpg\"  data-min-height=\"400\"   \/><div id=\"interactive-banner-wrap-5330\" class=\"ult-new-ib-desc\" style=\"\"><h2 class=\"ult-new-ib-title ult-responsive\"  data-ultimate-target='#interactive-banner-wrap-5330 .ult-new-ib-title'  data-responsive-json-new='{\"font-size\":\"desktop:20px;\",\"line-height\":\"\"}'  style=\"font-family:&#039;Roboto&#039;;font-weight:600;color:#ffffff;\">Podologia del moviment<\/h2><div class=\"ult-new-ib-content ult-responsive\"  data-ultimate-target='#interactive-banner-wrap-5330 .ult-new-ib-content'  data-responsive-json-new='{\"font-size\":\"desktop:14px;\",\"line-height\":\"\"}'  style=\"font-family:&#039;Roboto&#039;;font-weight:normal;color:#eaeaea;\"><p>Aquesta especialitat analitza la trepitjada i la biomec\u00e0nica del peu durant la marxa o la pr\u00e0ctica esportiva. A trav\u00e9s d'estudis biomec\u00e1nicos i l'\u00fas de suports plantars personalitzats, busquem millorar la distribuci\u00f3 de c\u00e0rregues, prevenir lesions i optimitzar el moviment.<\/p><\/div><\/div><a class=\"ult-new-ib-link\" href=\"\/index.php\/ca\/especialitats\/podologia-del-moviment\/\" title=\"Podologia del moviment\"  ><\/a><\/div>[\/vc_column][\/vc_row][vc_row el_class=\u00bbservicios-movil\u00bb][vc_column css_animation=\u00bbfadeInLeft\u00bb width=\u00bb1\/3&#8243;]<div class=\"ult-new-ib ult-ib-effect-style13  ult-ib-resp ult-ib2-min-height \" data-min-width=\"768\" data-max-width=\"900\" style=\"background:#3a3737; opacity:0; \" data-opacity=\"0.5\" data-hover-opacity=\"0.1\"  data-min-height=\"400\" ><img decoding=\"async\" class=\"ult-new-ib-img\" style=\"opacity:0.5;\" alt=\"null\" src=\"https:\/\/clinicapeu.mustachecreative.com\/wp-content\/uploads\/2026\/03\/4.jpg\"  data-min-height=\"400\"   \/><div id=\"interactive-banner-wrap-7587\" class=\"ult-new-ib-desc\" style=\"\"><h2 class=\"ult-new-ib-title ult-responsive\"  data-ultimate-target='#interactive-banner-wrap-7587 .ult-new-ib-title'  data-responsive-json-new='{\"font-size\":\"desktop:20px;\",\"line-height\":\"\"}'  style=\"font-family:&#039;Roboto&#039;;font-weight:600;color:#ffffff;\">Cirurgia del peu<\/h2><div class=\"ult-new-ib-content ult-responsive\"  data-ultimate-target='#interactive-banner-wrap-7587 .ult-new-ib-content'  data-responsive-json-new='{\"font-size\":\"desktop:14px;\",\"line-height\":\"\"}'  style=\"font-family:&#039;Roboto&#039;;font-weight:normal;color:#eaeaea;\"><p>Oferim solucions quir\u00fargiques per a tractar patologies del peu que no poden resoldre's mitjan\u00e7ant tractaments conservadors. Realitzem intervencions podol\u00f2giques amb t\u00e8cniques especialitzades, orientades a corregir deformitats i millorar la funcionalitat del peu.<\/p><\/div><\/div><\/div>[vc_btn title=\u00bbLlegir m\u00e9s\u00bb style=\u00bbclassic\u00bb color=\u00bbblack\u00bb align=\u00bbcenter\u00bb css=\u00bb.vc_custom_1774431368010{margin-top: 20px !important;margin-bottom: 20px !important;}\u00bb link=\u00bburl:%2Findex.php%2Fca%2Fespecialitats%2Fcirurgia-del-peu%2F|title:Cirug%C3%ADa%20del%20pie\u00bb][\/vc_column][vc_column css_animation=\u00bbfadeInLeft\u00bb width=\u00bb1\/3&#8243;]<div class=\"ult-new-ib ult-ib-effect-style13  ult-ib-resp ult-ib2-min-height \" data-min-width=\"768\" data-max-width=\"900\" style=\"background:#3a3737; opacity:0; \" data-opacity=\"0.5\" data-hover-opacity=\"0.1\"  data-min-height=\"400\" ><img decoding=\"async\" class=\"ult-new-ib-img\" style=\"opacity:0.5;\" alt=\"null\" src=\"https:\/\/clinicapeu.mustachecreative.com\/wp-content\/uploads\/2026\/03\/1.jpg\"  data-min-height=\"400\"   \/><div id=\"interactive-banner-wrap-7485\" class=\"ult-new-ib-desc\" style=\"\"><h2 class=\"ult-new-ib-title ult-responsive\"  data-ultimate-target='#interactive-banner-wrap-7485 .ult-new-ib-title'  data-responsive-json-new='{\"font-size\":\"desktop:20px;\",\"line-height\":\"\"}'  style=\"font-family:&#039;Roboto&#039;;font-weight:600;color:#ffffff;\">Podologia general<\/h2><div class=\"ult-new-ib-content ult-responsive\"  data-ultimate-target='#interactive-banner-wrap-7485 .ult-new-ib-content'  data-responsive-json-new='{\"font-size\":\"desktop:14px;\",\"line-height\":\"\"}'  style=\"font-family:&#039;Roboto&#039;;font-weight:normal;color:#eaeaea;\"><p>La podologia general es centra en el diagn\u00f2stic, tractament i prevenci\u00f3 de les afeccions m\u00e9s comunes del peu. Tractem problemes com dureses, callositats, ungles encarnades, alteracions ungueales o infeccions, ajudant a mantenir una correcta salut podol\u00f2gica i a prevenir complicacions futures.<\/p><\/div><\/div><\/div>[vc_btn title=\u00bbLlegir m\u00e9s\u00bb style=\u00bbclassic\u00bb color=\u00bbblack\u00bb align=\u00bbcenter\u00bb css=\u00bb.vc_custom_1774431472184{margin-top: 20px !important;margin-bottom: 20px !important;}\u00bb link=\u00bburl:%2Findex.php%2Fca%2Fespecialitats%2Fpodologia-general%2F|title:Cirug%C3%ADa%20del%20pie\u00bb][\/vc_column][vc_column css_animation=\u00bbfadeInLeft\u00bb width=\u00bb1\/3&#8243;]<div class=\"ult-new-ib ult-ib-effect-style13  ult-ib-resp ult-ib2-min-height \" data-min-width=\"768\" data-max-width=\"900\" style=\"background:#3a3737; opacity:0; \" data-opacity=\"0.5\" data-hover-opacity=\"0.1\"  data-min-height=\"400\" ><img decoding=\"async\" class=\"ult-new-ib-img\" style=\"opacity:0.5;\" alt=\"null\" src=\"https:\/\/clinicapeu.mustachecreative.com\/wp-content\/uploads\/2026\/03\/2.jpg\"  data-min-height=\"400\"   \/><div id=\"interactive-banner-wrap-8111\" class=\"ult-new-ib-desc\" style=\"\"><h2 class=\"ult-new-ib-title ult-responsive\"  data-ultimate-target='#interactive-banner-wrap-8111 .ult-new-ib-title'  data-responsive-json-new='{\"font-size\":\"desktop:20px;\",\"line-height\":\"\"}'  style=\"font-family:&#039;Roboto&#039;;font-weight:600;color:#ffffff;\">Podologia del moviment<\/h2><div class=\"ult-new-ib-content ult-responsive\"  data-ultimate-target='#interactive-banner-wrap-8111 .ult-new-ib-content'  data-responsive-json-new='{\"font-size\":\"desktop:14px;\",\"line-height\":\"\"}'  style=\"font-family:&#039;Roboto&#039;;font-weight:normal;color:#eaeaea;\"><p>Aquesta especialitat analitza la trepitjada i la biomec\u00e0nica del peu durant la marxa o la pr\u00e0ctica esportiva. A trav\u00e9s d'estudis biomec\u00e1nicos i l'\u00fas de suports plantars personalitzats, busquem millorar la distribuci\u00f3 de c\u00e0rregues, prevenir lesions i optimitzar el moviment.<\/p><\/div><\/div><\/div>[vc_btn title=\u00bbLlegir m\u00e9s\u00bb style=\u00bbclassic\u00bb color=\u00bbblack\u00bb align=\u00bbcenter\u00bb css=\u00bb.vc_custom_1774431582017{margin-top: 20px !important;margin-bottom: 20px !important;}\u00bb link=\u00bburl:%2Findex.php%2Fca%2Fespecialitats%2Fpodologia-del-moviment%2F%20|title:Cirug%C3%ADa%20del%20pie\u00bb][\/vc_column][\/vc_row][vc_row el_class=\u00bbservicios-pantallas-grandes\u00bb][vc_column css_animation=\u00bbfadeInLeft\u00bb width=\u00bb1\/3&#8243;]<div class=\"ult-new-ib ult-ib-effect-style13  ult-ib-resp ult-ib2-min-height \" data-min-width=\"768\" data-max-width=\"900\" style=\"background:#3a3737; opacity:0; \" data-opacity=\"0.5\" data-hover-opacity=\"0.1\"  data-min-height=\"400\" ><img decoding=\"async\" class=\"ult-new-ib-img\" style=\"opacity:0.5;\" alt=\"null\" src=\"https:\/\/clinicapeu.mustachecreative.com\/wp-content\/uploads\/2026\/03\/3.jpg\"  data-min-height=\"400\"   \/><div id=\"interactive-banner-wrap-3374\" class=\"ult-new-ib-desc\" style=\"\"><h2 class=\"ult-new-ib-title ult-responsive\"  data-ultimate-target='#interactive-banner-wrap-3374 .ult-new-ib-title'  data-responsive-json-new='{\"font-size\":\"desktop:20px;\",\"line-height\":\"\"}'  style=\"font-family:&#039;Roboto&#039;;font-weight:600;color:#ffffff;\">Podologia infantil<\/h2><div class=\"ult-new-ib-content ult-responsive\"  data-ultimate-target='#interactive-banner-wrap-3374 .ult-new-ib-content'  data-responsive-json-new='{\"font-size\":\"desktop:14px;\",\"line-height\":\"\"}'  style=\"font-family:&#039;Roboto&#039;;font-weight:normal;color:#eaeaea;\"><p>La podologia infantil s'enfoca en la cura del peu durant les etapes de creixement. Avaluem el desenvolupament de la trepitjada, detectem possibles alteracions i realitzem tractaments preventius o correctius que afavoreixin un desenvolupament saludable del peu.<\/p><\/div><\/div><a class=\"ult-new-ib-link\" href=\"\/index.php\/ca\/especialitats\/podologia-infantil\/\" title=\"Podologia infantil\"  ><\/a><\/div>[\/vc_column][vc_column css_animation=\u00bbfadeInLeft\u00bb width=\u00bb1\/3&#8243;]<div class=\"ult-new-ib ult-ib-effect-style13  ult-ib-resp ult-ib2-min-height  vc_custom_1774431724644\" data-min-width=\"768\" data-max-width=\"900\" style=\"background:#3a3737; opacity:0; \" data-opacity=\"0.5\" data-hover-opacity=\"0.1\"  data-min-height=\"400\" ><img decoding=\"async\" class=\"ult-new-ib-img\" style=\"opacity:0.5;\" alt=\"null\" src=\"https:\/\/clinicapeu.mustachecreative.com\/wp-content\/uploads\/2026\/03\/5.jpg\"  data-min-height=\"400\"   \/><div id=\"interactive-banner-wrap-7549\" class=\"ult-new-ib-desc\" style=\"\"><h2 class=\"ult-new-ib-title ult-responsive\"  data-ultimate-target='#interactive-banner-wrap-7549 .ult-new-ib-title'  data-responsive-json-new='{\"font-size\":\"desktop:20px;\",\"line-height\":\"\"}'  style=\"font-family:&#039;Roboto&#039;;font-weight:600;color:#ffffff;\">Podologia est\u00e8tica<\/h2><div class=\"ult-new-ib-content ult-responsive\"  data-ultimate-target='#interactive-banner-wrap-7549 .ult-new-ib-content'  data-responsive-json-new='{\"font-size\":\"desktop:14px;\",\"line-height\":\"\"}'  style=\"font-family:&#039;Roboto&#039;;font-weight:normal;color:#eaeaea;\"><p>La podologia est\u00e8tica combina salut i cura del peu, oferint tractaments que milloren el seu aspecte i benestar. Inclou cures espec\u00edfiques d'ungles i pell, ajudant a mantenir uns peus sans, cures i est\u00e8ticament equilibrats.<\/p><\/div><\/div><a class=\"ult-new-ib-link\" href=\"\/index.php\/ca\/especialitats\/podologia-estetica\/\" title=\"Podologia est\u00e8tica\"  ><\/a><\/div>[\/vc_column][vc_column css_animation=\u00bbfadeInLeft\u00bb width=\u00bb1\/3&#8243;]<div class=\"ult-new-ib ult-ib-effect-style13  ult-ib-resp ult-ib2-min-height  vc_custom_1774431843732\" data-min-width=\"768\" data-max-width=\"900\" style=\"background:#3a3737; opacity:0; \" data-opacity=\"0.5\" data-hover-opacity=\"0.1\"  data-min-height=\"400\" ><img decoding=\"async\" class=\"ult-new-ib-img\" style=\"opacity:0.5;\" alt=\"null\" src=\"https:\/\/clinicapeu.mustachecreative.com\/wp-content\/uploads\/2026\/03\/9b87c894-512f-428a-b008-c35bff512f90-scaled.jpg\"  data-min-height=\"400\"   \/><div id=\"interactive-banner-wrap-3233\" class=\"ult-new-ib-desc\" style=\"\"><h2 class=\"ult-new-ib-title ult-responsive\"  data-ultimate-target='#interactive-banner-wrap-3233 .ult-new-ib-title'  data-responsive-json-new='{\"font-size\":\"desktop:20px;\",\"line-height\":\"\"}'  style=\"font-family:&#039;Roboto&#039;;font-weight:600;color:#ffffff;\">Ecointervencionisme<\/h2><div class=\"ult-new-ib-content ult-responsive\"  data-ultimate-target='#interactive-banner-wrap-3233 .ult-new-ib-content'  data-responsive-json-new='{\"font-size\":\"desktop:14px;\",\"line-height\":\"\"}'  style=\"font-family:&#039;Roboto&#039;;font-weight:normal;color:#eaeaea;\"><p>L' ecointervencionismo permet realitzar tractaments guiats per ecografia per a aconseguir una major precisi\u00f3 i seguretat en cada intervenci\u00f3. Aquesta t\u00e8cnica facilita la localitzaci\u00f3 exacta d'estructures lesionades o inflamades del peu, millorant el diagn\u00f2stic i permetent aplicar tractaments m\u00ednimament invasius de forma m\u00e9s controlada, efica\u00e7 i personalitzada.<\/p><\/div><\/div><a class=\"ult-new-ib-link\" href=\"\/index.php\/ca\/especialitats\/ecointervencionisme\/\"  ><\/a><\/div>[\/vc_column][\/vc_row][vc_row el_class=\u00bbservicios-movil\u00bb][vc_column css_animation=\u00bbfadeInLeft\u00bb width=\u00bb1\/3&#8243;]<div class=\"ult-new-ib ult-ib-effect-style13  ult-ib-resp ult-ib2-min-height \" data-min-width=\"768\" data-max-width=\"900\" style=\"background:#3a3737; opacity:0; \" data-opacity=\"0.5\" data-hover-opacity=\"0.1\"  data-min-height=\"400\" ><img decoding=\"async\" class=\"ult-new-ib-img\" style=\"opacity:0.5;\" alt=\"null\" src=\"https:\/\/clinicapeu.mustachecreative.com\/wp-content\/uploads\/2026\/03\/3.jpg\"  data-min-height=\"400\"   \/><div id=\"interactive-banner-wrap-6433\" class=\"ult-new-ib-desc\" style=\"\"><h2 class=\"ult-new-ib-title ult-responsive\"  data-ultimate-target='#interactive-banner-wrap-6433 .ult-new-ib-title'  data-responsive-json-new='{\"font-size\":\"desktop:20px;\",\"line-height\":\"\"}'  style=\"font-family:&#039;Roboto&#039;;font-weight:600;color:#ffffff;\">Podologia infantil<\/h2><div class=\"ult-new-ib-content ult-responsive\"  data-ultimate-target='#interactive-banner-wrap-6433 .ult-new-ib-content'  data-responsive-json-new='{\"font-size\":\"desktop:14px;\",\"line-height\":\"\"}'  style=\"font-family:&#039;Roboto&#039;;font-weight:normal;color:#eaeaea;\"><p>La podologia infantil s'enfoca en la cura del peu durant les etapes de creixement. Avaluem el desenvolupament de la trepitjada, detectem possibles alteracions i realitzem tractaments preventius o correctius que afavoreixin un desenvolupament saludable del peu.<\/p><\/div><\/div><\/div>[vc_btn title=\u00bbLlegir m\u00e9s\u00bb style=\u00bbclassic\u00bb color=\u00bbblack\u00bb align=\u00bbcenter\u00bb css=\u00bb.vc_custom_1774431661768{margin-top: 20px !important;margin-bottom: 20px !important;}\u00bb link=\u00bburl:%2Findex.php%2Fca%2Fespecialitats%2Fpodologia-infantil%2F|title:Cirug%C3%ADa%20del%20pie\u00bb][\/vc_column][vc_column css_animation=\u00bbfadeInLeft\u00bb width=\u00bb1\/3&#8243;]<div class=\"ult-new-ib ult-ib-effect-style13  ult-ib-resp ult-ib2-min-height  vc_custom_1774431702355\" data-min-width=\"768\" data-max-width=\"900\" style=\"background:#3a3737; opacity:0; \" data-opacity=\"0.5\" data-hover-opacity=\"0.1\"  data-min-height=\"400\" ><img decoding=\"async\" class=\"ult-new-ib-img\" style=\"opacity:0.5;\" alt=\"null\" src=\"https:\/\/clinicapeu.mustachecreative.com\/wp-content\/uploads\/2026\/03\/5.jpg\"  data-min-height=\"400\"   \/><div id=\"interactive-banner-wrap-3660\" class=\"ult-new-ib-desc\" style=\"\"><h2 class=\"ult-new-ib-title ult-responsive\"  data-ultimate-target='#interactive-banner-wrap-3660 .ult-new-ib-title'  data-responsive-json-new='{\"font-size\":\"desktop:20px;\",\"line-height\":\"\"}'  style=\"font-family:&#039;Roboto&#039;;font-weight:600;color:#ffffff;\">Podologia est\u00e8tica<\/h2><div class=\"ult-new-ib-content ult-responsive\"  data-ultimate-target='#interactive-banner-wrap-3660 .ult-new-ib-content'  data-responsive-json-new='{\"font-size\":\"desktop:14px;\",\"line-height\":\"\"}'  style=\"font-family:&#039;Roboto&#039;;font-weight:normal;color:#eaeaea;\"><p>La podologia est\u00e8tica combina salut i cura del peu, oferint tractaments que milloren el seu aspecte i benestar. Inclou cures espec\u00edfiques d'ungles i pell, ajudant a mantenir uns peus sans, cures i est\u00e8ticament equilibrats.<\/p><\/div><\/div><\/div>[vc_btn title=\u00bbLlegir m\u00e9s\u00bb style=\u00bbclassic\u00bb color=\u00bbblack\u00bb align=\u00bbcenter\u00bb css=\u00bb.vc_custom_1774431738464{margin-top: 20px !important;margin-bottom: 20px !important;}\u00bb link=\u00bburl:%2Findex.php%2Fca%2Fespecialitats%2Fpodologia-estetica%2F|title:Cirug%C3%ADa%20del%20pie\u00bb][\/vc_column][vc_column css_animation=\u00bbfadeInLeft\u00bb width=\u00bb1\/3&#8243;]<div class=\"ult-new-ib ult-ib-effect-style13  ult-ib-resp ult-ib2-min-height  vc_custom_1774431824636\" data-min-width=\"768\" data-max-width=\"900\" style=\"background:#3a3737; opacity:0; \" data-opacity=\"0.5\" data-hover-opacity=\"0.1\"  data-min-height=\"400\" ><img decoding=\"async\" class=\"ult-new-ib-img\" style=\"opacity:0.5;\" alt=\"null\" src=\"https:\/\/clinicapeu.mustachecreative.com\/wp-content\/uploads\/2026\/03\/9b87c894-512f-428a-b008-c35bff512f90-scaled.jpg\"  data-min-height=\"400\"   \/><div id=\"interactive-banner-wrap-2630\" class=\"ult-new-ib-desc\" style=\"\"><h2 class=\"ult-new-ib-title ult-responsive\"  data-ultimate-target='#interactive-banner-wrap-2630 .ult-new-ib-title'  data-responsive-json-new='{\"font-size\":\"desktop:20px;\",\"line-height\":\"\"}'  style=\"font-family:&#039;Roboto&#039;;font-weight:600;color:#ffffff;\">Ecointervencionisme<\/h2><div class=\"ult-new-ib-content ult-responsive\"  data-ultimate-target='#interactive-banner-wrap-2630 .ult-new-ib-content'  data-responsive-json-new='{\"font-size\":\"desktop:14px;\",\"line-height\":\"\"}'  style=\"font-family:&#039;Roboto&#039;;font-weight:normal;color:#eaeaea;\"><p>L' ecointervencionismo permet realitzar tractaments guiats per ecografia per a aconseguir una major precisi\u00f3 i seguretat en cada intervenci\u00f3. Aquesta t\u00e8cnica facilita la localitzaci\u00f3 exacta d'estructures lesionades o inflamades del peu, millorant el diagn\u00f2stic i permetent aplicar tractaments m\u00ednimament invasius de forma m\u00e9s controlada, efica\u00e7 i personalitzada.<\/p><\/div><\/div><\/div>[vc_btn title=\u00bbLlegir m\u00e9s\u00bb style=\u00bbclassic\u00bb color=\u00bbblack\u00bb align=\u00bbcenter\u00bb css=\u00bb.vc_custom_1774431833674{margin-top: 20px !important;margin-bottom: 20px !important;}\u00bb link=\u00bburl:%2Findex.php%2Fca%2Fespecialitats%2Fecointervencionisme%2F|title:Cirug%C3%ADa%20del%20pie\u00bb][\/vc_column][\/vc_row][vc_row bg_type=\u00bbbg_color\u00bb bg_override=\u00bbex-full\u00bb css=\u00bb.vc_custom_1774258695557{padding-top: 160px !important;padding-bottom: 160px !important;}\u00bb bg_color_value=\u00bb#f2f2f2&#8243; el_class=\u00bbbanner-contacto\u00bb][vc_column css_animation=\u00bbfadeInUp\u00bb]<div class=\"ult-animation  ult-animate-viewport  ult-no-mobile \" data-animate=\"fadeInUp\" data-animation-delay=\"0.3\" data-animation-duration=\"1\" data-animation-iteration=\"1\" style=\"opacity:0;\" data-opacity_start_effect=\"\">[vc_custom_heading text=\u00bbFES EL PRIMER PAS<br \/>\nCAP A UNS PEUS SENSE DOLOR\u00bb font_container=\u00bbtag:h2|text_align:center\u00bb use_theme_fonts=\u00bbyes\u00bb css=\u00bb\u00bb][vc_empty_space height=\u00bb15px\u00bb][vc_custom_heading text=\u00bbContacta amb el nostre equip i t&#8217;ajudarem a trobar la millor soluci\u00f3.\u00bb font_container=\u00bbtag:h3|font_size:20px|text_align:center\u00bb use_theme_fonts=\u00bbyes\u00bb css=\u00bb\u00bb el_class=\u00bbno-letter-spacing\u00bb][vc_empty_space height=\u00bb20px\u00bb][vc_btn title=\u00bbContacta&#8217;ns\u00bb style=\u00bbclassic\u00bb color=\u00bbblack\u00bb align=\u00bbcenter\u00bb css=\u00bb\u00bb link=\u00bburl:%2Findex.php%2Fca%2Fcontacte\u00bb]<\/div>[\/vc_column][\/vc_row]<\/p>\n<\/div>","protected":false},"excerpt":{"rendered":"<p>[vc_row css=\u00bb.vc_custom_1773749448741{margin-top: 25px !important;margin-bottom: 50px !important;}\u00bb][vc_column css_animation=\u00bbfadeInUp\u00bb css=\u00bb.vc_custom_1773744636386{background-color: #ffffff !important;}\u00bb][vc_column_text css=\u00bb.vc_custom_1774431250110{margin-top: 35px !important;}\u00bb] Els nostres centres ofereixen un enfocament integral de la salut del peu a trav\u00e9s de diferents \u00e0rees especialitzades. Comptem amb serveis de podologia general, podologia del moviment, podologia infantil, cirurgia del peu i podologia est\u00e8tica, la qual cosa ens permet abordar tant [&hellip;]<\/p>\n","protected":false},"author":1,"featured_media":0,"parent":0,"menu_order":0,"comment_status":"closed","ping_status":"closed","template":"page.php","meta":{"_joinchat":[],"footnotes":""},"class_list":["post-6390","page","type-page","status-publish","hentry"],"_links":{"self":[{"href":"https:\/\/clinicapeu.mustachecreative.com\/index.php\/wp-json\/wp\/v2\/pages\/6390","targetHints":{"allow":["GET"]}}],"collection":[{"href":"https:\/\/clinicapeu.mustachecreative.com\/index.php\/wp-json\/wp\/v2\/pages"}],"about":[{"href":"https:\/\/clinicapeu.mustachecreative.com\/index.php\/wp-json\/wp\/v2\/types\/page"}],"author":[{"embeddable":true,"href":"https:\/\/clinicapeu.mustachecreative.com\/index.php\/wp-json\/wp\/v2\/users\/1"}],"replies":[{"embeddable":true,"href":"https:\/\/clinicapeu.mustachecreative.com\/index.php\/wp-json\/wp\/v2\/comments?post=6390"}],"version-history":[{"count":3,"href":"https:\/\/clinicapeu.mustachecreative.com\/index.php\/wp-json\/wp\/v2\/pages\/6390\/revisions"}],"predecessor-version":[{"id":6441,"href":"https:\/\/clinicapeu.mustachecreative.com\/index.php\/wp-json\/wp\/v2\/pages\/6390\/revisions\/6441"}],"wp:attachment":[{"href":"https:\/\/clinicapeu.mustachecreative.com\/index.php\/wp-json\/wp\/v2\/media?parent=6390"}],"curies":[{"name":"wp","href":"https:\/\/api.w.org\/{rel}","templated":true}]}}