{"id":5514,"date":"2026-03-13T09:27:41","date_gmt":"2026-03-13T08:27:41","guid":{"rendered":"https:\/\/clinicapeu.mustachecreative.com\/?page_id=5514"},"modified":"2026-03-26T09:12:47","modified_gmt":"2026-03-26T08:12:47","slug":"la-clinica","status":"publish","type":"page","link":"https:\/\/clinicapeu.mustachecreative.com\/index.php\/la-clinica\/","title":{"rendered":"La cl\u00ednica"},"content":{"rendered":"<div class=\"wpb-content-wrapper\"><p>[vc_row gap=\u00bb15&#8243; content_placement=\u00bbmiddle\u00bb bg_type=\u00bbimage\u00bb parallax_style=\u00bbvcpb-default\u00bb bg_image_new=\u00bbid^397|url^https:\/\/preview.naapothemes.net\/kraft\/demo1\/wp-content\/uploads\/sites\/4\/2020\/07\/slide12.jpg|caption^null|alt^null|title^slide12|description^null\u00bb bg_image_repeat=\u00bbno-repeat\u00bb bg_override=\u00bbex-full\u00bb css=\u00bb.vc_custom_1774266001147{margin-top: 30px !important;margin-bottom: 0px !important;padding-top: 30px !important;padding-bottom: 30px !important;}\u00bb el_class=\u00bbnosotros\u00bb][vc_column width=\u00bb1\/2&#8243; el_class=\u00bbwide-box-mobile\u00bb offset=\u00bbvc_col-lg-6 vc_col-md-12&#8243;][vc_column_text css=\u00bb\u00bb]<\/p>\n<p data-start=\"0\" data-end=\"160\">Estamos aqu\u00ed para ayudarte a dejar atr\u00e1s el dolor y la incomodidad en tus pies, para que vuelvas a sentirte seguro al cuidarlos y mostrarlos sin preocupaciones.<\/p>\n<p data-start=\"162\" data-end=\"351\">En nuestras cl\u00ednicas de Matar\u00f3 y Valls trabajamos cada d\u00eda con un objetivo claro: mejorar la salud y el bienestar de cada paciente a trav\u00e9s de un trato cercano, profesional y personalizado.<\/p>\n<p data-start=\"353\" data-end=\"607\" data-is-last-node=\"\" data-is-only-node=\"\">Hemos formado un equipo de profesionales apasionados por su trabajo y especializados en distintas \u00e1reas de la podolog\u00eda, lo que nos permite ofrecerte la mejor soluci\u00f3n en cada caso. As\u00ed, tu problema estar\u00e1 siempre en las manos m\u00e1s adecuadas para tratarlo.<\/p>\n<p>[\/vc_column_text][vc_empty_space height=\u00bb20px\u00bb][vc_single_image image=\u00bb5924&#8243; img_size=\u00bbmedium\u00bb css=\u00bb\u00bb][vc_empty_space height=\u00bb20px\u00bb][vc_column_text css=\u00bb\u00bb]<strong style=\"font-size: 18px;\">N\u00fam. Colegiado: 1032<\/strong>[\/vc_column_text][vc_column_text css=\u00bb\u00bb]Nuestro equipo est\u00e1 colegiado en el <strong data-start=\"1357\" data-end=\"1402\">Col\u00b7legi Oficial de Pod\u00f2legs de Catalunya<\/strong>, lo que garantiza que todos los tratamientos se realizan siguiendo los est\u00e1ndares profesionales y sanitarios establecidos.[\/vc_column_text][\/vc_column][vc_column width=\u00bb1\/2&#8243; el_class=\u00bbwide-box-mobile\u00bb offset=\u00bbvc_col-lg-6 vc_col-md-12&#8243;][vc_single_image image=\u00bb6149&#8243; img_size=\u00bblarge\u00bb alignment=\u00bbcenter\u00bb css=\u00bb\u00bb el_class=\u00bblogo-clinica-nosotros\u00bb][vc_empty_space height=\u00bb40px\u00bb][vc_row_inner el_class=\u00bbfila-datos\u00bb][vc_column_inner width=\u00bb1\/2&#8243; offset=\u00bbvc_col-lg-6&#8243;]<div class=\"stats-block stats-left  \"><div class=\"aio-icon-left\"><div class=\"ult-just-icon-wrapper  \"><div class=\"align-icon\" style=\"text-align:center;\">\n<div class=\"aio-icon none \"  style=\"color:__USE_THEME_MAIN_COLOR__;font-size:35px;display:inline-block;\">\n\t<i class=\"linearicons-history\"><\/i>\n<\/div><\/div><\/div><\/div><div class=\"stats-desc\" id=\"counter-responsv-wrap-5314\"><div class=\"counter_prefix mycust ult-responsive\"  data-ultimate-target='#counter-responsv-wrap-5314 .mycust'  data-responsive-json-new='{\"font-size\":\"desktop:30px;\",\"line-height\":\"\"}'  style=\" color:\">+<\/div><div id=\"counter_209130041469e0de7c226d3\" data-id=\"counter_209130041469e0de7c226d3\"  data-ultimate-target='#counter-responsv-wrap-5314 .stats-number'  data-responsive-json-new='{\"font-size\":\"desktop:30px;\",\"line-height\":\"\"}'  class=\"stats-number ult-responsive\" style=\" color:#000000; font-family:&#039;Roboto&#039;;font-weight:600;color:#303030;\" data-speed=\"2\" data-counter-value=\"20\" data-separator=\"none\" data-decimal=\".\">0<\/div><div id=\"title-counter_209130041469e0de7c226d3\"  data-ultimate-target='#counter-responsv-wrap-5314 .stats-text'  data-responsive-json-new='{\"font-size\":\"desktop:10px;\",\"line-height\":\"desktop:16px;\"}'  class=\"stats-text ult-responsive\" style=\"font-size:px; color:#000000; font-family:&#039;Roboto&#039;;font-weight:600;\">A\u00d1OS DE EXPERIENCIA<\/div><\/div><\/div>[\/vc_column_inner][vc_column_inner width=\u00bb1\/2&#8243; offset=\u00bbvc_col-lg-6&#8243;]<div class=\"stats-block stats-left  \"><div class=\"aio-icon-left\"><div class=\"ult-just-icon-wrapper  \"><div class=\"align-icon\" style=\"text-align:center;\">\n<div class=\"aio-icon none \"  style=\"color:__USE_THEME_MAIN_COLOR__;font-size:35px;display:inline-block;\">\n\t<i class=\"linearicons-thumbs-up2\"><\/i>\n<\/div><\/div><\/div><\/div><div class=\"stats-desc\" id=\"counter-responsv-wrap-3790\"><div class=\"counter_prefix mycust ult-responsive\"  data-ultimate-target='#counter-responsv-wrap-3790 .mycust'  data-responsive-json-new='{\"font-size\":\"desktop:30px;\",\"line-height\":\"\"}'  style=\" color:\">+<\/div><div id=\"counter_271598304169e0de7c227e1\" data-id=\"counter_271598304169e0de7c227e1\"  data-ultimate-target='#counter-responsv-wrap-3790 .stats-number'  data-responsive-json-new='{\"font-size\":\"desktop:30px;\",\"line-height\":\"\"}'  class=\"stats-number ult-responsive\" style=\" color:#000000; font-family:&#039;Roboto&#039;;font-weight:600;color:#303030;\" data-speed=\"3\" data-counter-value=\"1000\" data-separator=\"none\" data-decimal=\".\">0<\/div><div id=\"title-counter_271598304169e0de7c227e1\"  data-ultimate-target='#counter-responsv-wrap-3790 .stats-text'  data-responsive-json-new='{\"font-size\":\"desktop:10px;\",\"line-height\":\"desktop:16px;\"}'  class=\"stats-text ult-responsive\" style=\"font-size:px; color:#000000; font-family:&#039;Roboto&#039;;font-weight:600;\">PACIENTES SATISFECHOS<\/div><\/div><\/div>[\/vc_column_inner][\/vc_row_inner][\/vc_column][\/vc_row][vc_row full_width=\u00bbstretch_row\u00bb content_placement=\u00bbmiddle\u00bb bg_type=\u00bbimage\u00bb parallax_style=\u00bbvcpb-default\u00bb bg_override=\u00bbex-full\u00bb enable_overlay=\u00bbenable_overlay_value\u00bb overlay_color=\u00bbrgba(255,255,255,0.33)\u00bb css=\u00bb.vc_custom_1774266449449{padding-top: 50px !important;padding-bottom: 50px !important;}\u00bb el_class=\u00bblogros\u00bb][vc_column css_animation=\u00bbfadeInUp\u00bb el_class=\u00bbwide-testimonials-mobile\u00bb][vc_custom_heading text=\u00bbEstamos orgullosos de:\u00bb font_container=\u00bbtag:h2|text_align:center\u00bb use_theme_fonts=\u00bbyes\u00bb css=\u00bb\u00bb el_class=\u00bbalign-center\u00bb][\/vc_column][\/vc_row][vc_row full_width=\u00bbstretch_row\u00bb content_placement=\u00bbmiddle\u00bb bg_type=\u00bbimage\u00bb parallax_style=\u00bbvcpb-default\u00bb bg_image_new=\u00bbid^2094|url^https:\/\/preview.naapothemes.net\/kraft\/demo1\/wp-content\/uploads\/sites\/4\/2024\/03\/bench-accounting-nvzvOPQW0gc-unsplash.jpg|caption^null|alt^null|title^bench-accounting-nvzvOPQW0gc-unsplash|description^null\u00bb bg_override=\u00bbex-full\u00bb enable_overlay=\u00bbenable_overlay_value\u00bb overlay_color=\u00bbrgba(255,255,255,0.33)\u00bb css=\u00bb.vc_custom_1774266680259{padding-top: 0px !important;padding-bottom: 50px !important;}\u00bb][vc_column css_animation=\u00bbfadeInUp\u00bb width=\u00bb1\/2&#8243; el_class=\u00bblogro\u00bb offset=\u00bbvc_col-lg-6 vc_col-md-6 vc_col-xs-12&#8243;][vc_single_image image=\u00bb5920&#8243; img_size=\u00bblarge\u00bb alignment=\u00bbright\u00bb css=\u00bb\u00bb][\/vc_column][vc_column css_animation=\u00bbfadeInUp\u00bb width=\u00bb1\/2&#8243; offset=\u00bbvc_col-lg-6 vc_col-md-6 vc_col-xs-12&#8243; el_class=\u00bblogro\u00bb][vc_single_image image=\u00bb5919&#8243; img_size=\u00bblarge\u00bb css=\u00bb\u00bb][\/vc_column][\/vc_row][vc_row full_width=\u00bbstretch_row_content_no_spaces\u00bb equal_height=\u00bbyes\u00bb content_placement=\u00bbmiddle\u00bb bg_type=\u00bbbg_color\u00bb bg_color_value=\u00bb#ffffff\u00bb][vc_column width=\u00bb3\/4&#8243; css=\u00bb.vc_custom_1774266491619{padding-top: 60px !important;padding-right: 60px !important;padding-bottom: 60px !important;padding-left: 60px !important;background-color: #171717 !important;}\u00bb offset=\u00bbvc_col-lg-9 vc_col-md-6&#8243; el_class=\u00bbnuestro-equipo\u00bb][vc_column_text css=\u00bb\u00bb]<\/p>\n<h2 style=\"text-align: center;\"><span style=\"color: #f2f2f2;\">Nuestro equipo de especialistas<\/span><\/h2>\n<p>[\/vc_column_text][\/vc_column][vc_column width=\u00bb1\/4&#8243; offset=\u00bbvc_col-lg-3 vc_col-md-6&#8243; el_class=\u00bbcolumna-jordi\u00bb]<div class=\"ult-team-member-wrap ult-style-2 jordi \" data-responsive_width=\"\" style=\"background-color:#ffffff\"><div class=\"ult-team-member-image\" style=\"\" data-opacity=\"0.85\" data-hover_opacity=\"0.65\" > <img decoding=\"async\" src=\"https:\/\/clinicapeu.mustachecreative.com\/wp-content\/uploads\/2026\/03\/Jordi-sanchez.jpg\" alt=\"null\"  style=\"opacity:0.85\"><\/div><div class=\"ult-team-member-bio-wrap ultimate-heading69e0de7c22a1c\"><div class=\"ult-team-member-name-wrap\"  style=\"text-align:left;padding:30px; \"><h2 class=\"ult-team-member-name ult-responsive\"  data-ultimate-target='.ult-team-member-bio-wrap.ultimate-heading69e0de7c22a1c .ult-team-member-name'  data-responsive-json-new='{\"font-size\":\"desktop:20px;\",\"line-height\":\"\"}'  style=\"font-family:Marcellus;font-weight:600;color:#000000;\">Jordi S\u00e1nchez<\/h2><div class=\"ult-team-member-position ult-responsive\"  data-ultimate-target='.ult-team-member-bio-wrap.ultimate-heading69e0de7c22a1c .ult-team-member-position'  data-responsive-json-new='{\"font-size\":\"desktop:14px;\",\"line-height\":\"\"}'  style=\"font-family:Roboto;font-weight:600;;color:#000000;\">Fundador y pod\u00f3logo<\/div><\/div><div class=\"ult-team_description_slide\"  style=\"text-align:left;padding:30px; \"><div style=\"margin-bottom:15px\"><\/div><\/div><\/div><\/div>[\/vc_column][\/vc_row][vc_row full_width=\u00bbstretch_row_content_no_spaces\u00bb content_placement=\u00bbmiddle\u00bb bg_type=\u00bbimage\u00bb parallax_style=\u00bbvcpb-default\u00bb bg_override=\u00bbex-full\u00bb enable_overlay=\u00bbenable_overlay_value\u00bb overlay_color=\u00bbrgba(255,255,255,0.33)\u00bb css=\u00bb.vc_custom_1774265855831{padding-top: 0px !important;padding-bottom: 0px !important;}\u00bb][vc_column css_animation=\u00bbfadeInUp\u00bb el_class=\u00bbequipo\u00bb css=\u00bb.vc_custom_1774265861289{margin-right: 0px !important;margin-left: 0px !important;padding-right: 0px !important;padding-left: 0px !important;}\u00bb]<div id=\"ult-carousel-413473719569e0de7c22bde\" class=\"ult-carousel-wrapper  vc_custom_1774265834002  ult_horizontal\" data-gutter=\"0\" data-rtl=\"false\" ><div class=\"ult-carousel-101317538069e0de7c22b13 \" ><div class=\"ult-team-member-wrap ult-style-2  \" data-responsive_width=\"\" style=\"background-color:#ffffff\"><div class=\"ult-team-member-image\" style=\"\" data-opacity=\"0.85\" data-hover_opacity=\"0.65\" > <img decoding=\"async\" src=\"https:\/\/clinicapeu.mustachecreative.com\/wp-content\/uploads\/2026\/03\/3-3.jpg\" alt=\"null\"  style=\"opacity:0.85\"><\/div><div class=\"ult-team-member-bio-wrap ultimate-heading69e0de7c22dc6\"><div class=\"ult-team-member-name-wrap\"  style=\"text-align:left;padding:30px; \"><h2 class=\"ult-team-member-name ult-responsive\"  data-ultimate-target='.ult-team-member-bio-wrap.ultimate-heading69e0de7c22dc6 .ult-team-member-name'  data-responsive-json-new='{\"font-size\":\"desktop:20px;\",\"line-height\":\"\"}'  style=\"font-family:Marcellus;font-weight:600;color:#050505;\">Catalina de Gea<\/h2><div class=\"ult-team-member-position ult-responsive\"  data-ultimate-target='.ult-team-member-bio-wrap.ultimate-heading69e0de7c22dc6 .ult-team-member-position'  data-responsive-json-new='{\"font-size\":\"desktop:14px;\",\"line-height\":\"\"}'  style=\"font-family:Roboto;font-weight:600;;color:#070707;\">Atenci\u00f3n al p\u00fablico<\/div><\/div><div class=\"ult-team_description_slide\"  style=\"text-align:left;padding:30px; \"><div style=\"margin-bottom:15px\"><\/div><\/div><\/div><\/div><div class=\"ult-team-member-wrap ult-style-2  \" data-responsive_width=\"\" style=\"background-color:#ffffff\"><div class=\"ult-team-member-image\" style=\"\" data-opacity=\"0.9\" data-hover_opacity=\"0.7\" > <img decoding=\"async\" src=\"https:\/\/clinicapeu.mustachecreative.com\/wp-content\/uploads\/2026\/03\/Equipo-clinica-peu.jpg\" alt=\"null\"  style=\"opacity:0.9\"><\/div><div class=\"ult-team-member-bio-wrap ultimate-heading69e0de7c22fb9\"><div class=\"ult-team-member-name-wrap\"  style=\"text-align:left;padding:30px; \"><h2 class=\"ult-team-member-name ult-responsive\"  data-ultimate-target='.ult-team-member-bio-wrap.ultimate-heading69e0de7c22fb9 .ult-team-member-name'  data-responsive-json-new='{\"font-size\":\"desktop:20px;\",\"line-height\":\"\"}'  style=\"font-family:Marcellus;font-weight:600;color:#050505;\">Helena Supelano<\/h2><div class=\"ult-team-member-position ult-responsive\"  data-ultimate-target='.ult-team-member-bio-wrap.ultimate-heading69e0de7c22fb9 .ult-team-member-position'  data-responsive-json-new='{\"font-size\":\"desktop:14px;\",\"line-height\":\"\"}'  style=\"font-family:Roboto;font-weight:600;;color:#050505;\">Pod\u00f3loga<\/div><\/div><div class=\"ult-team_description_slide\"  style=\"text-align:left;padding:30px; \"><div style=\"margin-bottom:15px\"><\/div><\/div><\/div><\/div><div class=\"ult-team-member-wrap ult-style-2  \" data-responsive_width=\"\" style=\"background-color:#ffffff\"><div class=\"ult-team-member-image\" style=\"\" data-opacity=\"0.85\" data-hover_opacity=\"0.65\" > <img decoding=\"async\" src=\"https:\/\/clinicapeu.mustachecreative.com\/wp-content\/uploads\/2026\/03\/2-3.jpg\" alt=\"null\"  style=\"opacity:0.85\"><\/div><div class=\"ult-team-member-bio-wrap ultimate-heading69e0de7c2315b\"><div class=\"ult-team-member-name-wrap\"  style=\"text-align:left;padding:30px; \"><h2 class=\"ult-team-member-name ult-responsive\"  data-ultimate-target='.ult-team-member-bio-wrap.ultimate-heading69e0de7c2315b .ult-team-member-name'  data-responsive-json-new='{\"font-size\":\"desktop:20px;\",\"line-height\":\"\"}'  style=\"font-family:Marcellus;font-weight:600;color:#050505;\">Desir\u00e9e Rivera<\/h2><div class=\"ult-team-member-position ult-responsive\"  data-ultimate-target='.ult-team-member-bio-wrap.ultimate-heading69e0de7c2315b .ult-team-member-position'  data-responsive-json-new='{\"font-size\":\"desktop:14px;\",\"line-height\":\"\"}'  style=\"font-family:Roboto;font-weight:600;;color:#050505;\">Pod\u00f3loga<\/div><\/div><div class=\"ult-team_description_slide\"  style=\"text-align:left;padding:30px; \"><div style=\"margin-bottom:15px\"><\/div><\/div><\/div><\/div><div class=\"ult-team-member-wrap ult-style-2  \" data-responsive_width=\"\" style=\"background-color:#ffffff\"><div class=\"ult-team-member-image\" style=\"\" data-opacity=\"0.85\" data-hover_opacity=\"0.65\" > <img decoding=\"async\" src=\"https:\/\/clinicapeu.mustachecreative.com\/wp-content\/uploads\/2026\/03\/5-1.jpg\" alt=\"null\"  style=\"opacity:0.85\"><\/div><div class=\"ult-team-member-bio-wrap ultimate-heading69e0de7c232eb\"><div class=\"ult-team-member-name-wrap\"  style=\"text-align:left;padding:30px; \"><h2 class=\"ult-team-member-name ult-responsive\"  data-ultimate-target='.ult-team-member-bio-wrap.ultimate-heading69e0de7c232eb .ult-team-member-name'  data-responsive-json-new='{\"font-size\":\"desktop:20px;\",\"line-height\":\"\"}'  style=\"font-family:Marcellus;font-weight:600;color:#050505;\">Xavi Alf\u00e9rez<\/h2><div class=\"ult-team-member-position ult-responsive\"  data-ultimate-target='.ult-team-member-bio-wrap.ultimate-heading69e0de7c232eb .ult-team-member-position'  data-responsive-json-new='{\"font-size\":\"desktop:14px;\",\"line-height\":\"\"}'  style=\"font-family:Roboto;font-weight:600;;color:#050505;\">Pod\u00f3logo<\/div><\/div><div class=\"ult-team_description_slide\"  style=\"text-align:left;padding:30px; \"><div style=\"margin-bottom:15px\"><\/div><\/div><\/div><\/div><div class=\"ult-team-member-wrap ult-style-2  \" data-responsive_width=\"\" style=\"background-color:#ffffff\"><div class=\"ult-team-member-image\" style=\"\" data-opacity=\"0.85\" data-hover_opacity=\"0.65\" > <img decoding=\"async\" src=\"https:\/\/clinicapeu.mustachecreative.com\/wp-content\/uploads\/2026\/03\/4-1.jpg\" alt=\"null\"  style=\"opacity:0.85\"><\/div><div class=\"ult-team-member-bio-wrap ultimate-heading69e0de7c23493\"><div class=\"ult-team-member-name-wrap\"  style=\"text-align:left;padding:30px; \"><h2 class=\"ult-team-member-name ult-responsive\"  data-ultimate-target='.ult-team-member-bio-wrap.ultimate-heading69e0de7c23493 .ult-team-member-name'  data-responsive-json-new='{\"font-size\":\"desktop:20px;\",\"line-height\":\"\"}'  style=\"font-family:Marcellus;font-weight:600;color:#050505;\">Estefania Gonz\u00e0lez<\/h2><div class=\"ult-team-member-position ult-responsive\"  data-ultimate-target='.ult-team-member-bio-wrap.ultimate-heading69e0de7c23493 .ult-team-member-position'  data-responsive-json-new='{\"font-size\":\"desktop:14px;\",\"line-height\":\"\"}'  style=\"font-family:Roboto;font-weight:600;;color:#050505;\">Pod\u00f3loga<\/div><\/div><div class=\"ult-team_description_slide\"  style=\"text-align:left;padding:30px; \"><div style=\"margin-bottom:15px\"><\/div><\/div><\/div><\/div><div class=\"ult-team-member-wrap ult-style-2  \" data-responsive_width=\"\" style=\"background-color:#ffffff\"><div class=\"ult-team-member-image\" style=\"\" data-opacity=\"0.85\" data-hover_opacity=\"0.65\" > <img decoding=\"async\" src=\"https:\/\/clinicapeu.mustachecreative.com\/wp-content\/uploads\/2026\/03\/Fotos-Equipo-Clinica-del-peu.jpg\" alt=\"null\"  style=\"opacity:0.85\"><\/div><div class=\"ult-team-member-bio-wrap ultimate-heading69e0de7c23648\"><div class=\"ult-team-member-name-wrap\"  style=\"text-align:left;padding:30px; \"><h2 class=\"ult-team-member-name ult-responsive\"  data-ultimate-target='.ult-team-member-bio-wrap.ultimate-heading69e0de7c23648 .ult-team-member-name'  data-responsive-json-new='{\"font-size\":\"desktop:20px;\",\"line-height\":\"\"}'  style=\"font-family:Marcellus;font-weight:600;color:#050505;\">Alex Amor<\/h2><div class=\"ult-team-member-position ult-responsive\"  data-ultimate-target='.ult-team-member-bio-wrap.ultimate-heading69e0de7c23648 .ult-team-member-position'  data-responsive-json-new='{\"font-size\":\"desktop:14px;\",\"line-height\":\"\"}'  style=\"font-family:Roboto;font-weight:600;;color:#050505;\">Atenci\u00f3n al p\u00fablico<\/div><\/div><div class=\"ult-team_description_slide\"  style=\"text-align:left;padding:30px; \"><div style=\"margin-bottom:15px\"><\/div><\/div><\/div><\/div><div class=\"ult-team-member-wrap ult-style-2  \" data-responsive_width=\"\" style=\"background-color:#ffffff\"><div class=\"ult-team-member-image\" style=\"\" data-opacity=\"0.85\" data-hover_opacity=\"0.65\" > <img decoding=\"async\" src=\"https:\/\/clinicapeu.mustachecreative.com\/wp-content\/uploads\/2026\/03\/1-3.jpg\" alt=\"null\"  style=\"opacity:0.85\"><\/div><div class=\"ult-team-member-bio-wrap ultimate-heading69e0de7c23800\"><div class=\"ult-team-member-name-wrap\"  style=\"text-align:left;padding:30px; \"><h2 class=\"ult-team-member-name ult-responsive\"  data-ultimate-target='.ult-team-member-bio-wrap.ultimate-heading69e0de7c23800 .ult-team-member-name'  data-responsive-json-new='{\"font-size\":\"desktop:20px;\",\"line-height\":\"\"}'  style=\"font-family:Marcellus;font-weight:600;color:#050505;\">Gemma de Sardi<\/h2><div class=\"ult-team-member-position ult-responsive\"  data-ultimate-target='.ult-team-member-bio-wrap.ultimate-heading69e0de7c23800 .ult-team-member-position'  data-responsive-json-new='{\"font-size\":\"desktop:14px;\",\"line-height\":\"\"}'  style=\"font-family:Roboto;font-weight:600;;color:#050505;\">Atenci\u00f3n al p\u00fablico<\/div><\/div><div class=\"ult-team_description_slide\"  style=\"text-align:left;padding:30px; \"><div style=\"margin-bottom:15px\"><\/div><\/div><\/div><\/div><\/div><\/div>\t\t\t<script type=\"text\/javascript\">\n\t\t\t\tjQuery(document).ready(function ($) {\n\t\t\t\t\tif( typeof jQuery('.ult-carousel-101317538069e0de7c22b13').slick == \"function\"){\n\t\t\t\t\t\t$('.ult-carousel-101317538069e0de7c22b13').slick({dots: false,autoplay: true,autoplaySpeed: \"4000\",speed: \"300\",infinite: true,arrows: false,slidesToScroll:1,slidesToShow:4,swipe: true,draggable: true,touchMove: true,pauseOnHover: false,pauseOnFocus: false,adaptiveHeight: true,responsive: [\n\t\t\t\t\t\t\t{\n\t\t\t\t\t\t\t  breakpoint: 1026,\n\t\t\t\t\t\t\t  settings: {\n\t\t\t\t\t\t\t\tslidesToShow: 4,\n\t\t\t\t\t\t\t\tslidesToScroll: 1,  \n\t\t\t\t\t\t\t  }\n\t\t\t\t\t\t\t},\n\t\t\t\t\t\t\t{\n\t\t\t\t\t\t\t  breakpoint: 1025,\n\t\t\t\t\t\t\t  settings: {\n\t\t\t\t\t\t\t\tslidesToShow: 2,\n\t\t\t\t\t\t\t\tslidesToScroll: 1\n\t\t\t\t\t\t\t  }\n\t\t\t\t\t\t\t},\n\t\t\t\t\t\t\t{\n\t\t\t\t\t\t\t  breakpoint: 760,\n\t\t\t\t\t\t\t  settings: {\n\t\t\t\t\t\t\t\tslidesToShow: 1,\n\t\t\t\t\t\t\t\tslidesToScroll: 1\n\t\t\t\t\t\t\t  }\n\t\t\t\t\t\t\t}\n\t\t\t\t\t\t],pauseOnDotsHover: true,customPaging: function(slider, i) {\n                   return '<i type=\"button\" style= \"color:#333333;\" class=\"ultsl-record\" data-role=\"none\"><\/i>';\n                },});\n\t\t\t\t\t}\n\t\t\t\t});\n\t\t\t<\/script>\n\t\t\t[\/vc_column][\/vc_row][vc_row full_width=\u00bbstretch_row_content\u00bb content_placement=\u00bbmiddle\u00bb bg_type=\u00bbimage\u00bb parallax_style=\u00bbvcpb-default\u00bb bg_override=\u00bbex-full\u00bb enable_overlay=\u00bbenable_overlay_value\u00bb overlay_color=\u00bbrgba(255,255,255,0.33)\u00bb css=\u00bb.vc_custom_1774264709797{padding-top: 50px !important;padding-bottom: 50px !important;}\u00bb el_class=\u00bbcolaboramos\u00bb][vc_column css_animation=\u00bbfadeInUp\u00bb][vc_custom_heading text=\u00bbColaboramos con:\u00bb font_container=\u00bbtag:h2|text_align:center\u00bb use_theme_fonts=\u00bbyes\u00bb css=\u00bb\u00bb el_class=\u00bbalign-center\u00bb][\/vc_column][\/vc_row][vc_row full_width=\u00bbstretch_row\u00bb content_placement=\u00bbmiddle\u00bb bg_type=\u00bbimage\u00bb parallax_style=\u00bbvcpb-default\u00bb bg_image_new=\u00bbid^2094|url^https:\/\/preview.naapothemes.net\/kraft\/demo1\/wp-content\/uploads\/sites\/4\/2024\/03\/bench-accounting-nvzvOPQW0gc-unsplash.jpg|caption^null|alt^null|title^bench-accounting-nvzvOPQW0gc-unsplash|description^null\u00bb bg_override=\u00bbex-full\u00bb enable_overlay=\u00bbenable_overlay_value\u00bb overlay_color=\u00bbrgba(255,255,255,0.33)\u00bb css=\u00bb.vc_custom_1774261773765{padding-top: 0px !important;padding-bottom: 50px !important;}\u00bb][vc_column css_animation=\u00bbfadeInUp\u00bb width=\u00bb1\/2&#8243; el_class=\u00bbcolaboramos-fotos\u00bb][vc_single_image image=\u00bb5600&#8243; img_size=\u00bbmedium\u00bb alignment=\u00bbcenter\u00bb css=\u00bb\u00bb][\/vc_column][vc_column css_animation=\u00bbfadeInUp\u00bb width=\u00bb1\/2&#8243;][vc_single_image image=\u00bb5601&#8243; img_size=\u00bbmedium\u00bb alignment=\u00bbcenter\u00bb css=\u00bb\u00bb][\/vc_column][\/vc_row][vc_row bg_type=\u00bbbg_color\u00bb bg_override=\u00bbex-full\u00bb css=\u00bb.vc_custom_1774258695557{padding-top: 160px !important;padding-bottom: 160px !important;}\u00bb bg_color_value=\u00bb#f2f2f2&#8243; el_class=\u00bbbanner-contacto\u00bb][vc_column css_animation=\u00bbfadeInUp\u00bb]<div class=\"ult-animation  ult-animate-viewport  ult-no-mobile \" data-animate=\"fadeInUp\" data-animation-delay=\"0.3\" data-animation-duration=\"1\" data-animation-iteration=\"1\" style=\"opacity:0;\" data-opacity_start_effect=\"\">[vc_custom_heading text=\u00bbDA EL PRIMER PASO<br \/>\nHACIA UNOS PIES SIN DOLOR\u00bb font_container=\u00bbtag:h2|text_align:center\u00bb use_theme_fonts=\u00bbyes\u00bb css=\u00bb\u00bb][vc_empty_space height=\u00bb15px\u00bb][vc_custom_heading text=\u00bbContacta con nuestro equipo y te ayudaremos a encontrar la mejor soluci\u00f3n.\u00bb font_container=\u00bbtag:h3|font_size:20px|text_align:center\u00bb use_theme_fonts=\u00bbyes\u00bb css=\u00bb\u00bb el_class=\u00bbno-letter-spacing\u00bb][vc_empty_space height=\u00bb20px\u00bb][vc_btn title=\u00bbCont\u00e1ctanos\u00bb style=\u00bbclassic\u00bb color=\u00bbblack\u00bb align=\u00bbcenter\u00bb css=\u00bb\u00bb link=\u00bburl:%2Findex.php%2Fcontacto\u00bb]<\/div>[\/vc_column][\/vc_row]<\/p>\n<\/div>","protected":false},"excerpt":{"rendered":"<p>[vc_row gap=\u00bb15&#8243; content_placement=\u00bbmiddle\u00bb bg_type=\u00bbimage\u00bb parallax_style=\u00bbvcpb-default\u00bb bg_image_new=\u00bbid^397|url^https:\/\/preview.naapothemes.net\/kraft\/demo1\/wp-content\/uploads\/sites\/4\/2020\/07\/slide12.jpg|caption^null|alt^null|title^slide12|description^null\u00bb bg_image_repeat=\u00bbno-repeat\u00bb bg_override=\u00bbex-full\u00bb css=\u00bb.vc_custom_1774266001147{margin-top: 30px !important;margin-bottom: 0px !important;padding-top: 30px !important;padding-bottom: 30px !important;}\u00bb el_class=\u00bbnosotros\u00bb][vc_column width=\u00bb1\/2&#8243; el_class=\u00bbwide-box-mobile\u00bb offset=\u00bbvc_col-lg-6 vc_col-md-12&#8243;][vc_column_text css=\u00bb\u00bb] Estamos aqu\u00ed para ayudarte a dejar atr\u00e1s el dolor y la incomodidad en tus pies, para que vuelvas a sentirte seguro al cuidarlos y mostrarlos sin preocupaciones. En nuestras cl\u00ednicas de Matar\u00f3 [&hellip;]<\/p>\n","protected":false},"author":1,"featured_media":0,"parent":0,"menu_order":0,"comment_status":"closed","ping_status":"closed","template":"page.php","meta":{"_joinchat":[],"footnotes":""},"class_list":["post-5514","page","type-page","status-publish","hentry"],"_links":{"self":[{"href":"https:\/\/clinicapeu.mustachecreative.com\/index.php\/wp-json\/wp\/v2\/pages\/5514","targetHints":{"allow":["GET"]}}],"collection":[{"href":"https:\/\/clinicapeu.mustachecreative.com\/index.php\/wp-json\/wp\/v2\/pages"}],"about":[{"href":"https:\/\/clinicapeu.mustachecreative.com\/index.php\/wp-json\/wp\/v2\/types\/page"}],"author":[{"embeddable":true,"href":"https:\/\/clinicapeu.mustachecreative.com\/index.php\/wp-json\/wp\/v2\/users\/1"}],"replies":[{"embeddable":true,"href":"https:\/\/clinicapeu.mustachecreative.com\/index.php\/wp-json\/wp\/v2\/comments?post=5514"}],"version-history":[{"count":88,"href":"https:\/\/clinicapeu.mustachecreative.com\/index.php\/wp-json\/wp\/v2\/pages\/5514\/revisions"}],"predecessor-version":[{"id":6481,"href":"https:\/\/clinicapeu.mustachecreative.com\/index.php\/wp-json\/wp\/v2\/pages\/5514\/revisions\/6481"}],"wp:attachment":[{"href":"https:\/\/clinicapeu.mustachecreative.com\/index.php\/wp-json\/wp\/v2\/media?parent=5514"}],"curies":[{"name":"wp","href":"https:\/\/api.w.org\/{rel}","templated":true}]}}