{"id":5512,"date":"2026-03-13T09:26:24","date_gmt":"2026-03-13T08:26:24","guid":{"rendered":"https:\/\/clinicapeu.mustachecreative.com\/?page_id=5512"},"modified":"2026-03-26T10:23:44","modified_gmt":"2026-03-26T09:23:44","slug":"podologia-estetica","status":"publish","type":"page","link":"https:\/\/clinicapeu.mustachecreative.com\/index.php\/especialidades\/podologia-estetica\/","title":{"rendered":"Podolog\u00eda est\u00e9tica"},"content":{"rendered":"<div class=\"wpb-content-wrapper\"><p>[vc_row css=\u00bb.vc_custom_1773750684068{margin-top: 50px !important;margin-bottom: 50px !important;}\u00bb][vc_column css_animation=\u00bbfadeInUp\u00bb css=\u00bb.vc_custom_1773744636386{background-color: #ffffff !important;}\u00bb][vc_column_text css=\u00bb.vc_custom_1773825322998{margin-top: 35px !important;}\u00bb]<\/p>\n<p style=\"text-align: center;\">Tras 20 a\u00f1os cuidando de la salud y los pies de nuestros pacientes, hemos ido viendo y escuchando como, en muchos casos, la est\u00e9tica del pie no se ten\u00eda en cuenta a la hora de valorar y dar soluci\u00f3n a los problemas de los pacientes.<\/p>\n<p style=\"text-align: center;\">La mayor\u00eda de afecciones del pie, adem\u00e1s de causar dolor y molestias, tambi\u00e9n perjudica de manera evidente la imagen de los pies. Esto es algo que sabemos que tambi\u00e9n es muy importante para ti.<\/p>\n<p style=\"text-align: center;\">Es por esto que, desde hace a\u00f1os, la est\u00e9tica, igual que la salud, es uno de nuestros pilares fundamentales a la hora de poner soluci\u00f3n a los problemas de los pies de nuestros pacientes.<\/p>\n<p>[\/vc_column_text][vc_row_inner css=\u00bb.vc_custom_1773750548591{margin-top: 40px !important;}\u00bb][vc_column_inner][vc_btn title=\u00bbCont\u00e1ctanos\u00bb style=\u00bbclassic\u00bb color=\u00bbblack\u00bb align=\u00bbcenter\u00bb css=\u00bb\u00bb link=\u00bburl:%2Findex.php%2Fcontacto\u00bb][\/vc_column_inner][\/vc_row_inner][\/vc_column][\/vc_row][vc_row css=\u00bb.vc_custom_1774347464159{padding-top: 0px !important;}\u00bb el_class=\u00bbtabs-verticales\u00bb][vc_column]<div class=\"ult-animation  ult-animate-viewport  ult-no-mobile \" data-animate=\"slideInUp\" data-animation-delay=\"0.3\" data-animation-duration=\"1\" data-animation-iteration=\"1\" style=\"opacity:0;\" data-opacity_start_effect=\"\"><section class='special_tabs icontext vertical'><div class='tab-selector col-xs-12 col-sm-3'><\/div><div class='tab-container col-xs-12 col-sm-9' style='margin-left:0px;'><\/div><div class='label 1'><div class='kraft_icon_special_tabs'><i class='fa none'><\/i><\/div><div class='title'><a class='special_tabs_linkage'>Cirug\u00eda m\u00ednimamente invasiva<\/a><\/div><div class='divider-vertical-tabs'><\/div><\/div><div class='content 1'><p>[vc_row_inner content_placement=\u00bbmiddle\u00bb][vc_column_inner width=\u00bb1\/3&#8243;][vc_single_image image=\u00bb5829&#8243; img_size=\u00bbmedium\u00bb alignment=\u00bbcenter\u00bb style=\u00bbvc_box_circle_2&#8243; css=\u00bb.vc_custom_1774347342123{margin-bottom: 35px !important;}\u00bb][\/vc_column_inner][vc_column_inner width=\u00bb2\/3&#8243; css=\u00bb.vc_custom_1773918047954{padding-right: 75px !important;padding-left: 75px !important;}\u00bb][vc_column_text css=\u00bb\u00bb]Nuestra especialidad en podolog\u00eda est\u00e9tica est\u00e1 muy relacionada con la cirug\u00eda del pie, ya que este procedimiento adem\u00e1s de tratar el origen de muchos de los problemas frecuentes, eliminando el dolor y las molestias, tambi\u00e9n corrige la apariencia f\u00edsica del pie.<\/p>\n<p>Si crees que tu caso puede beneficiarse de esta t\u00e9cnica, puedes pedir una valoraci\u00f3n gratuita de cirug\u00eda en nuestros centros de Matar\u00f3 y Valls, sin ning\u00fan compromiso.[\/vc_column_text][\/vc_column_inner][\/vc_row_inner]<\/p>\n<\/div><div class='label 2'><div class='kraft_icon_special_tabs'><i class='fa none'><\/i><\/div><div class='title'><a class='special_tabs_linkage'>Reconstrucci\u00f3n de u\u00f1as<\/a><\/div><div class='divider-vertical-tabs'><\/div><\/div><div class='content 2'><p>[vc_row_inner content_placement=\u00bbmiddle\u00bb][vc_column_inner width=\u00bb1\/3&#8243;][vc_single_image image=\u00bb5830&#8243; img_size=\u00bbmedium\u00bb alignment=\u00bbcenter\u00bb style=\u00bbvc_box_circle_2&#8243; css=\u00bb.vc_custom_1774347357418{margin-bottom: 35px !important;}\u00bb][\/vc_column_inner][vc_column_inner width=\u00bb2\/3&#8243; css=\u00bb.vc_custom_1773918054169{padding-right: 75px !important;padding-left: 75px !important;}\u00bb][vc_column_text css=\u00bb\u00bb]La ca\u00edda parcial o total de una u\u00f1a es algo de lo m\u00e1s frecuente tras un golpe, una infecci\u00f3n por hongos, etc.<\/p>\n<p>La mayor\u00eda de personas cree que esto no tiene otra soluci\u00f3n que esperar a que esta crezca de nuevo, pero nuestros pacientes saben que esto no es as\u00ed.<\/p>\n<p>Gracias a la reconstrucci\u00f3n de u\u00f1as, puedes lograr la apariencia de una u\u00f1a completamente sana y est\u00e9tica en la superficie, mientras tu propia u\u00f1a crece sana y fuerte por debajo. \u00a1Incluso podr\u00e1s pintarte las u\u00f1as sin ning\u00fan problema!<\/p>\n<p>Esta t\u00e9cnica consiste en aplicar un material espec\u00edfico y exclusivamente de uso sanitario (por lo que no es posible encontrar este servicio en establecimientos no sanitarios), que contiene f\u00e1rmacos para la prevenci\u00f3n de hongos, lo que proporcionar\u00e1 a tu u\u00f1a una protecci\u00f3n adicional durante su crecimiento.<\/p>\n<p>Nuestros pod\u00f3logos se encargar\u00e1n de:<\/p>\n<ul>\n<li>Revisar la salud de la u\u00f1a ca\u00edda para asesorarte y confirmar que es posible realizar la reconstrucci\u00f3n en tu caso.<\/li>\n<li>Aplicar, moldear y dar un acabado a este material para que salgas de la visita con la u\u00f1a como nueva.<\/li>\n<\/ul>\n<p>[\/vc_column_text][\/vc_column_inner][\/vc_row_inner]<\/p>\n<\/div>\n<\/section><\/div>[\/vc_column][\/vc_row][vc_row css=\u00bb.vc_custom_1774347325508{padding-top: 50px !important;}\u00bb el_class=\u00bbtabs-horizontales\u00bb][vc_column]<div class=\"ult-animation  ult-animate-viewport  ult-no-mobile \" data-animate=\"slideInUp\" data-animation-delay=\"0.3\" data-animation-duration=\"1\" data-animation-iteration=\"1\" style=\"opacity:0;\" data-opacity_start_effect=\"\"><section class='special_tabs icontext horizontal'><div class='tab-selector col-xs-12 col-sm-12'><\/div><div class='tab-container col-xs-12 col-sm-12' style='margin-left:0px;'><\/div><div class='label 3'><div class='kraft_icon_special_tabs'><i class='fa none'><\/i><\/div><div class='title'><a class='special_tabs_linkage'>Cirug\u00eda m\u00ednimamente invasiva<\/a><\/div><div class='divider-vertical-tabs'><\/div><\/div><div class='content 3'><p>[vc_row_inner content_placement=\u00bbmiddle\u00bb][vc_column_inner width=\u00bb1\/3&#8243;][vc_single_image image=\u00bb5829&#8243; img_size=\u00bblarge\u00bb alignment=\u00bbcenter\u00bb style=\u00bbvc_box_circle_2&#8243; css=\u00bb\u00bb][\/vc_column_inner][vc_column_inner width=\u00bb2\/3&#8243; css=\u00bb.vc_custom_1773918047954{padding-right: 75px !important;padding-left: 75px !important;}\u00bb][vc_column_text css=\u00bb\u00bb]Nuestra especialidad en podolog\u00eda est\u00e9tica est\u00e1 muy relacionada con la cirug\u00eda del pie, ya que este procedimiento adem\u00e1s de tratar el origen de muchos de los problemas frecuentes, eliminando el dolor y las molestias, tambi\u00e9n corrige la apariencia f\u00edsica del pie.<\/p>\n<p>Si crees que tu caso puede beneficiarse de esta t\u00e9cnica, puedes pedir una valoraci\u00f3n gratuita de cirug\u00eda en nuestros centros de Matar\u00f3 y Valls, sin ning\u00fan compromiso.[\/vc_column_text][\/vc_column_inner][\/vc_row_inner]<\/p>\n<\/div><div class='label 4'><div class='kraft_icon_special_tabs'><i class='fa none'><\/i><\/div><div class='title'><a class='special_tabs_linkage'>Reconstrucci\u00f3n de u\u00f1as<\/a><\/div><div class='divider-vertical-tabs'><\/div><\/div><div class='content 4'><p>[vc_row_inner content_placement=\u00bbmiddle\u00bb][vc_column_inner width=\u00bb1\/3&#8243;][vc_single_image image=\u00bb5830&#8243; img_size=\u00bblarge\u00bb alignment=\u00bbcenter\u00bb style=\u00bbvc_box_circle_2&#8243; css=\u00bb\u00bb][\/vc_column_inner][vc_column_inner width=\u00bb2\/3&#8243; css=\u00bb.vc_custom_1773918054169{padding-right: 75px !important;padding-left: 75px !important;}\u00bb][vc_column_text css=\u00bb\u00bb]La ca\u00edda parcial o total de una u\u00f1a es algo de lo m\u00e1s frecuente tras un golpe, una infecci\u00f3n por hongos, etc.<\/p>\n<p>La mayor\u00eda de personas cree que esto no tiene otra soluci\u00f3n que esperar a que esta crezca de nuevo, pero nuestros pacientes saben que esto no es as\u00ed.<\/p>\n<p>Gracias a la reconstrucci\u00f3n de u\u00f1as, puedes lograr la apariencia de una u\u00f1a completamente sana y est\u00e9tica en la superficie, mientras tu propia u\u00f1a crece sana y fuerte por debajo. \u00a1Incluso podr\u00e1s pintarte las u\u00f1as sin ning\u00fan problema!<\/p>\n<p>Esta t\u00e9cnica consiste en aplicar un material espec\u00edfico y exclusivamente de uso sanitario (por lo que no es posible encontrar este servicio en establecimientos no sanitarios), que contiene f\u00e1rmacos para la prevenci\u00f3n de hongos, lo que proporcionar\u00e1 a tu u\u00f1a una protecci\u00f3n adicional durante su crecimiento.<\/p>\n<p>Nuestros pod\u00f3logos se encargar\u00e1n de:<\/p>\n<ul>\n<li>Revisar la salud de la u\u00f1a ca\u00edda para asesorarte y confirmar que es posible realizar la reconstrucci\u00f3n en tu caso.<\/li>\n<li>Aplicar, moldear y dar un acabado a este material para que salgas de la visita con la u\u00f1a como nueva.<\/li>\n<\/ul>\n<p>[\/vc_column_text][\/vc_column_inner][\/vc_row_inner]<\/p>\n<\/div>\n<\/section><div class=\"ult-spacer spacer-69e0de7ca1982\" data-id=\"69e0de7ca1982\" data-height=\"100\" data-height-mobile=\"50\" data-height-tab=\"\" data-height-tab-portrait=\"\" data-height-mobile-landscape=\"50\" style=\"clear:both;display:block;\"><\/div><\/div>[\/vc_column][\/vc_row][vc_row css=\u00bb.vc_custom_1774347402870{margin-bottom: 55px !important;}\u00bb el_class=\u00bbservicios\u00bb][vc_column][vc_custom_heading text=\u00bbNuestros servicios especializados\u00bb font_container=\u00bbtag:h2|font_size:45PX|text_align:center|color:%23000000|line_height:1em%20!important\u00bb use_theme_fonts=\u00bbyes\u00bb css=\u00bb\u00bb el_class=\u00bbsmall-letter-spacing\u00bb]<section class='special_tabs icontext vertical'><div class='tab-selector col-xs-12 col-sm-3'><\/div><div class='tab-container col-xs-12 col-sm-9' style='margin-left:0px;'><\/div><div class='label 5'><div class='kraft_icon_special_tabs'><i class='fa none'><\/i><\/div><div class='title'><a class='special_tabs_linkage'>Reconstrucci\u00f3n ungueal<\/a><\/div><div class='divider-vertical-tabs'><\/div><\/div><div class='content 5'><p>[vc_row_inner content_placement=\u00bbmiddle\u00bb][vc_column_inner][vc_column_text css=\u00bb.vc_custom_1774000514981{margin-bottom: 1em !important;}\u00bb]Gracias a la reconstrucci\u00f3n de u\u00f1as, puedes lograr la apariencia de una u\u00f1a completamente sana y est\u00e9tica en la superficie, mientras tu propia u\u00f1a crece sana y fuerte por debajo.<\/p>\n<p>Esta t\u00e9cnica consiste en aplicar un material espec\u00edfico y exclusivamente de uso sanitario (por lo que no es posible encontrar este servicio en establecimientos no sanitarios), que contiene f\u00e1rmacos para la prevenci\u00f3n de hongos, lo que proporcionar\u00e1 a tu u\u00f1a una protecci\u00f3n adicional durante su crecimiento.[\/vc_column_text][vc_column_text css=\u00bb\u00bb]<strong style=\"font-size: 20px;\">Tarifa: 50\u20ac<\/strong>[\/vc_column_text][\/vc_column_inner][\/vc_row_inner]<\/p>\n<\/div>\n<\/section>[\/vc_column][\/vc_row]<\/p>\n<\/div>","protected":false},"excerpt":{"rendered":"<p>[vc_row css=\u00bb.vc_custom_1773750684068{margin-top: 50px !important;margin-bottom: 50px !important;}\u00bb][vc_column css_animation=\u00bbfadeInUp\u00bb css=\u00bb.vc_custom_1773744636386{background-color: #ffffff !important;}\u00bb][vc_column_text css=\u00bb.vc_custom_1773825322998{margin-top: 35px !important;}\u00bb] Tras 20 a\u00f1os cuidando de la salud y los pies de nuestros pacientes, hemos ido viendo y escuchando como, en muchos casos, la est\u00e9tica del pie no se ten\u00eda en cuenta a la hora de valorar y dar soluci\u00f3n a los problemas [&hellip;]<\/p>\n","protected":false},"author":1,"featured_media":0,"parent":5502,"menu_order":0,"comment_status":"closed","ping_status":"closed","template":"page.php","meta":{"_joinchat":[],"footnotes":""},"class_list":["post-5512","page","type-page","status-publish","hentry"],"_links":{"self":[{"href":"https:\/\/clinicapeu.mustachecreative.com\/index.php\/wp-json\/wp\/v2\/pages\/5512","targetHints":{"allow":["GET"]}}],"collection":[{"href":"https:\/\/clinicapeu.mustachecreative.com\/index.php\/wp-json\/wp\/v2\/pages"}],"about":[{"href":"https:\/\/clinicapeu.mustachecreative.com\/index.php\/wp-json\/wp\/v2\/types\/page"}],"author":[{"embeddable":true,"href":"https:\/\/clinicapeu.mustachecreative.com\/index.php\/wp-json\/wp\/v2\/users\/1"}],"replies":[{"embeddable":true,"href":"https:\/\/clinicapeu.mustachecreative.com\/index.php\/wp-json\/wp\/v2\/comments?post=5512"}],"version-history":[{"count":10,"href":"https:\/\/clinicapeu.mustachecreative.com\/index.php\/wp-json\/wp\/v2\/pages\/5512\/revisions"}],"predecessor-version":[{"id":6334,"href":"https:\/\/clinicapeu.mustachecreative.com\/index.php\/wp-json\/wp\/v2\/pages\/5512\/revisions\/6334"}],"up":[{"embeddable":true,"href":"https:\/\/clinicapeu.mustachecreative.com\/index.php\/wp-json\/wp\/v2\/pages\/5502"}],"wp:attachment":[{"href":"https:\/\/clinicapeu.mustachecreative.com\/index.php\/wp-json\/wp\/v2\/media?parent=5512"}],"curies":[{"name":"wp","href":"https:\/\/api.w.org\/{rel}","templated":true}]}}