{"id":5510,"date":"2026-03-13T09:25:57","date_gmt":"2026-03-13T08:25:57","guid":{"rendered":"https:\/\/clinicapeu.mustachecreative.com\/?page_id=5510"},"modified":"2026-03-26T10:41:18","modified_gmt":"2026-03-26T09:41:18","slug":"cirugia-del-pie","status":"publish","type":"page","link":"https:\/\/clinicapeu.mustachecreative.com\/index.php\/especialidades\/cirugia-del-pie\/","title":{"rendered":"Cirug\u00eda del pie"},"content":{"rendered":"<div class=\"wpb-content-wrapper\"><p>[vc_row css=\u00bb.vc_custom_1773750684068{margin-top: 50px !important;margin-bottom: 50px !important;}\u00bb][vc_column css_animation=\u00bbfadeInUp\u00bb css=\u00bb.vc_custom_1773744636386{background-color: #ffffff !important;}\u00bb][vc_column_text css=\u00bb.vc_custom_1773825151022{margin-top: 35px !important;}\u00bb]<\/p>\n<p style=\"text-align: center;\">Muchos problemas del pie se pueden abordar con tratamientos conservadores como f\u00e1rmacos, plantillas, fisioterapia, etc. pero en algunas ocasiones, estos tratamientos no pueden solucionar el origen del problema y solo nos ayudan a mejorar los s\u00edntomas durante alg\u00fan tiempo.<\/p>\n<p style=\"text-align: center;\">Para estos casos, la \u00fanica soluci\u00f3n definitiva es la cirug\u00eda del pie.<\/p>\n<p style=\"text-align: center;\">Sabemos que la palabra cirug\u00eda no gusta a nadie, pero en este caso ver\u00e1s que es mucho m\u00e1s sencillo de lo que crees.<\/p>\n<p style=\"text-align: center;\">Si crees que tu caso puede beneficiarse de esta t\u00e9cnica, puedes pedir una valoraci\u00f3n gratuita de cirug\u00eda en nuestros centros de Matar\u00f3 y Valls, sin ning\u00fan compromiso.<\/p>\n<p>[\/vc_column_text][vc_row_inner css=\u00bb.vc_custom_1773750548591{margin-top: 40px !important;}\u00bb][vc_column_inner][vc_btn title=\u00bbCont\u00e1ctanos\u00bb style=\u00bbclassic\u00bb color=\u00bbblack\u00bb align=\u00bbcenter\u00bb css=\u00bb\u00bb link=\u00bburl:%2Findex.php%2Fcontacto\u00bb][\/vc_column_inner][\/vc_row_inner][\/vc_column][\/vc_row][vc_row css=\u00bb.vc_custom_1774346021139{padding-top: 0px !important;}\u00bb el_class=\u00bbtabs-verticales\u00bb][vc_column]<div class=\"ult-animation  ult-animate-viewport  ult-no-mobile \" data-animate=\"slideInUp\" data-animation-delay=\"0.3\" data-animation-duration=\"1\" data-animation-iteration=\"1\" style=\"opacity:0;\" data-opacity_start_effect=\"\"><section class='special_tabs icontext vertical'><div class='tab-selector col-xs-12 col-sm-3'><\/div><div class='tab-container col-xs-12 col-sm-9' style='margin-left:0px;'><\/div><div class='label 1'><div class='kraft_icon_special_tabs'><i class='fa none'><\/i><\/div><div class='title'><a class='special_tabs_linkage'>Cirug\u00eda m\u00ednimamente invasiva<\/a><\/div><div class='divider-vertical-tabs'><\/div><\/div><div class='content 1'><p>[vc_row_inner content_placement=\u00bbmiddle\u00bb][vc_column_inner width=\u00bb1\/3&#8243;][vc_single_image image=\u00bb5822&#8243; img_size=\u00bbmedium\u00bb alignment=\u00bbcenter\u00bb style=\u00bbvc_box_circle_2&#8243; css=\u00bb.vc_custom_1774345248484{margin-bottom: 35px !important;}\u00bb][\/vc_column_inner][vc_column_inner width=\u00bb2\/3&#8243; css=\u00bb.vc_custom_1773917950594{padding-right: 75px !important;padding-left: 75px !important;}\u00bb][vc_column_text css=\u00bb\u00bb]Cuando ofrecemos la cirug\u00eda del pie a nuestros pacientes, siempre imaginan dolor, larga recuperaci\u00f3n y cicatrices. \u00a1Nada m\u00e1s lejos de la realidad!<\/p>\n<p>En la Cl\u00ednica del Peu Maresme somos especialistas en cirug\u00eda m\u00ednimamente invasiva del pie. Esta t\u00e9cnica es un tipo de cirug\u00eda que adem\u00e1s de ser r\u00e1pida y pr\u00e1cticamente indolora, tiene el a\u00f1adido de dejar cicatrices m\u00ednimas, de manera que no perjudica a la est\u00e9tica de t\u00fa pies.<\/p>\n<p>Adem\u00e1s, se trata de una intervenci\u00f3n ambulatoria, por lo que tras la cirug\u00eda podr\u00e1s marcharte y hacer vida normal casi al momento y con pocas restricciones durante tu recuperaci\u00f3n.[\/vc_column_text][\/vc_column_inner][\/vc_row_inner]<\/p>\n<\/div><div class='label 2'><div class='kraft_icon_special_tabs'><i class='fa none'><\/i><\/div><div class='title'><a class='special_tabs_linkage'>Cirug\u00eda del pie<\/a><\/div><div class='divider-vertical-tabs'><\/div><\/div><div class='content 2'><p>[vc_row_inner content_placement=\u00bbmiddle\u00bb][vc_column_inner width=\u00bb1\/3&#8243;][vc_single_image image=\u00bb5824&#8243; img_size=\u00bbmedium\u00bb alignment=\u00bbcenter\u00bb style=\u00bbvc_box_circle_2&#8243; css=\u00bb.vc_custom_1774345402049{margin-bottom: 35px !important;}\u00bb][\/vc_column_inner][vc_column_inner width=\u00bb2\/3&#8243; css=\u00bb.vc_custom_1773917959028{padding-right: 75px !important;padding-left: 75px !important;}\u00bb][vc_column_text css=\u00bb\u00bb]<\/p>\n<p data-start=\"0\" data-end=\"443\">La cirug\u00eda del pie m\u00e1s frecuente suele realizarse para tratar <strong data-start=\"62\" data-end=\"90\">juanetes (hallux valgus)<\/strong> y deformidades digitales como los <strong data-start=\"125\" data-end=\"157\">dedos en garra o en martillo<\/strong>, patolog\u00edas que pueden generar dolor, dificultad al caminar y problemas al utilizar calzado. Cuando estas alteraciones avanzan o no responden a tratamientos conservadores, la cirug\u00eda se convierte en la opci\u00f3n m\u00e1s eficaz para corregir la deformidad y recuperar la funcionalidad del pie.<\/p>\n<p data-start=\"445\" data-end=\"890\" data-is-last-node=\"\" data-is-only-node=\"\">Estas intervenciones tienen como objetivo realinear las estructuras \u00f3seas y articulares, eliminar puntos de presi\u00f3n y mejorar la biomec\u00e1nica del pie. Se llevan a cabo mediante t\u00e9cnicas especializadas, cada vez m\u00e1s precisas y menos invasivas, adaptadas a cada caso concreto. El resultado es una mejora significativa tanto a nivel funcional como est\u00e9tico, permitiendo al paciente volver a su actividad diaria con mayor comodidad y calidad de vida.<\/p>\n<p>[\/vc_column_text][\/vc_column_inner][\/vc_row_inner]<\/p>\n<\/div><div class='label 3'><div class='kraft_icon_special_tabs'><i class='fa none'><\/i><\/div><div class='title'><a class='special_tabs_linkage'>Cirug\u00eda de la u\u00f1a<\/a><\/div><div class='divider-vertical-tabs'><\/div><\/div><div class='content 3'><p>[vc_row_inner content_placement=\u00bbmiddle\u00bb][vc_column_inner width=\u00bb1\/3&#8243;][vc_single_image image=\u00bb5823&#8243; img_size=\u00bbmedium\u00bb alignment=\u00bbcenter\u00bb style=\u00bbvc_box_circle_2&#8243; css=\u00bb.vc_custom_1774345415988{margin-bottom: 35px !important;}\u00bb][\/vc_column_inner][vc_column_inner width=\u00bb2\/3&#8243; css=\u00bb.vc_custom_1773917976298{padding-right: 75px !important;padding-left: 75px !important;}\u00bb][vc_column_text css=\u00bb\u00bb]<\/p>\n<p data-start=\"0\" data-end=\"404\">La cirug\u00eda de las u\u00f1as m\u00e1s frecuente suele realizarse para tratar la <strong data-start=\"69\" data-end=\"86\">u\u00f1a encarnada<\/strong>, una afecci\u00f3n com\u00fan que se produce cuando el borde de la u\u00f1a crece hacia el interior de la piel, provocando dolor, inflamaci\u00f3n e incluso infecci\u00f3n. Cuando los tratamientos conservadores no son suficientes o el problema aparece de forma recurrente, la cirug\u00eda ungueal se presenta como una soluci\u00f3n eficaz y definitiva.<\/p>\n<p data-start=\"406\" data-end=\"897\" data-is-last-node=\"\" data-is-only-node=\"\">Este procedimiento consiste en intervenir \u00fanicamente la zona afectada de la u\u00f1a para eliminar la parte que causa la molestia y evitar que vuelva a crecer de la misma forma. Gracias a las t\u00e9cnicas actuales, se trata de una intervenci\u00f3n poco invasiva que busca resolver el problema de forma duradera y mejorar significativamente la calidad de vida del paciente.<\/p>\n<p>[\/vc_column_text][\/vc_column_inner][\/vc_row_inner]<\/p>\n<\/div>\n<\/section><\/div>[\/vc_column][\/vc_row][vc_row css=\u00bb.vc_custom_1774345062994{padding-top: 50px !important;}\u00bb el_class=\u00bbtabs-horizontales\u00bb][vc_column]<div class=\"ult-animation  ult-animate-viewport  ult-no-mobile \" data-animate=\"slideInUp\" data-animation-delay=\"0.3\" data-animation-duration=\"1\" data-animation-iteration=\"1\" style=\"opacity:0;\" data-opacity_start_effect=\"\"><section class='special_tabs icontext horizontal'><div class='tab-selector col-xs-12 col-sm-12'><\/div><div class='tab-container col-xs-12 col-sm-12' style='margin-left:0px;'><\/div><div class='label 4'><div class='kraft_icon_special_tabs'><i class='fa none'><\/i><\/div><div class='title'><a class='special_tabs_linkage'>Cirug\u00eda m\u00ednimamente invasiva<\/a><\/div><div class='divider-vertical-tabs'><\/div><\/div><div class='content 4'><p>[vc_row_inner content_placement=\u00bbmiddle\u00bb][vc_column_inner width=\u00bb1\/3&#8243;][vc_single_image image=\u00bb5822&#8243; img_size=\u00bblarge\u00bb alignment=\u00bbcenter\u00bb style=\u00bbvc_box_circle_2&#8243; css=\u00bb\u00bb][\/vc_column_inner][vc_column_inner width=\u00bb2\/3&#8243; css=\u00bb.vc_custom_1773917950594{padding-right: 75px !important;padding-left: 75px !important;}\u00bb][vc_column_text css=\u00bb\u00bb]Cuando ofrecemos la cirug\u00eda del pie a nuestros pacientes, siempre imaginan dolor, larga recuperaci\u00f3n y cicatrices. \u00a1Nada m\u00e1s lejos de la realidad!<\/p>\n<p>En la Cl\u00ednica del Peu Maresme somos especialistas en cirug\u00eda m\u00ednimamente invasiva del pie. Esta t\u00e9cnica es un tipo de cirug\u00eda que adem\u00e1s de ser r\u00e1pida y pr\u00e1cticamente indolora, tiene el a\u00f1adido de dejar cicatrices m\u00ednimas, de manera que no perjudica a la est\u00e9tica de t\u00fa pies.<\/p>\n<p>Adem\u00e1s, se trata de una intervenci\u00f3n ambulatoria, por lo que tras la cirug\u00eda podr\u00e1s marcharte y hacer vida normal casi al momento y con pocas restricciones durante tu recuperaci\u00f3n.[\/vc_column_text][\/vc_column_inner][\/vc_row_inner]<\/p>\n<\/div><div class='label 5'><div class='kraft_icon_special_tabs'><i class='fa none'><\/i><\/div><div class='title'><a class='special_tabs_linkage'>Cirug\u00eda del pie<\/a><\/div><div class='divider-vertical-tabs'><\/div><\/div><div class='content 5'><p>[vc_row_inner content_placement=\u00bbmiddle\u00bb][vc_column_inner width=\u00bb1\/3&#8243;][vc_single_image image=\u00bb5824&#8243; img_size=\u00bblarge\u00bb alignment=\u00bbcenter\u00bb style=\u00bbvc_box_circle_2&#8243; css=\u00bb\u00bb][\/vc_column_inner][vc_column_inner width=\u00bb2\/3&#8243; css=\u00bb.vc_custom_1773917959028{padding-right: 75px !important;padding-left: 75px !important;}\u00bb][vc_column_text css=\u00bb\u00bb]<\/p>\n<p data-start=\"0\" data-end=\"443\">La cirug\u00eda del pie m\u00e1s frecuente suele realizarse para tratar <strong data-start=\"62\" data-end=\"90\">juanetes (hallux valgus)<\/strong> y deformidades digitales como los <strong data-start=\"125\" data-end=\"157\">dedos en garra o en martillo<\/strong>, patolog\u00edas que pueden generar dolor, dificultad al caminar y problemas al utilizar calzado. Cuando estas alteraciones avanzan o no responden a tratamientos conservadores, la cirug\u00eda se convierte en la opci\u00f3n m\u00e1s eficaz para corregir la deformidad y recuperar la funcionalidad del pie.<\/p>\n<p data-start=\"445\" data-end=\"890\" data-is-last-node=\"\" data-is-only-node=\"\">Estas intervenciones tienen como objetivo realinear las estructuras \u00f3seas y articulares, eliminar puntos de presi\u00f3n y mejorar la biomec\u00e1nica del pie. Se llevan a cabo mediante t\u00e9cnicas especializadas, cada vez m\u00e1s precisas y menos invasivas, adaptadas a cada caso concreto. El resultado es una mejora significativa tanto a nivel funcional como est\u00e9tico, permitiendo al paciente volver a su actividad diaria con mayor comodidad y calidad de vida.<\/p>\n<p>[\/vc_column_text][\/vc_column_inner][\/vc_row_inner]<\/p>\n<\/div><div class='label 6'><div class='kraft_icon_special_tabs'><i class='fa none'><\/i><\/div><div class='title'><a class='special_tabs_linkage'>Cirug\u00eda de la u\u00f1a<\/a><\/div><div class='divider-vertical-tabs'><\/div><\/div><div class='content 6'><p>[vc_row_inner content_placement=\u00bbmiddle\u00bb][vc_column_inner width=\u00bb1\/3&#8243;][vc_single_image image=\u00bb5823&#8243; img_size=\u00bblarge\u00bb alignment=\u00bbcenter\u00bb style=\u00bbvc_box_circle_2&#8243; css=\u00bb\u00bb][\/vc_column_inner][vc_column_inner width=\u00bb2\/3&#8243; css=\u00bb.vc_custom_1773917976298{padding-right: 75px !important;padding-left: 75px !important;}\u00bb][vc_column_text css=\u00bb\u00bb]<\/p>\n<p data-start=\"0\" data-end=\"404\">La cirug\u00eda de las u\u00f1as m\u00e1s frecuente suele realizarse para tratar la <strong data-start=\"69\" data-end=\"86\">u\u00f1a encarnada<\/strong>, una afecci\u00f3n com\u00fan que se produce cuando el borde de la u\u00f1a crece hacia el interior de la piel, provocando dolor, inflamaci\u00f3n e incluso infecci\u00f3n. Cuando los tratamientos conservadores no son suficientes o el problema aparece de forma recurrente, la cirug\u00eda ungueal se presenta como una soluci\u00f3n eficaz y definitiva.<\/p>\n<p data-start=\"406\" data-end=\"897\" data-is-last-node=\"\" data-is-only-node=\"\">Este procedimiento consiste en intervenir \u00fanicamente la zona afectada de la u\u00f1a para eliminar la parte que causa la molestia y evitar que vuelva a crecer de la misma forma. Gracias a las t\u00e9cnicas actuales, se trata de una intervenci\u00f3n poco invasiva que busca resolver el problema de forma duradera y mejorar significativamente la calidad de vida del paciente.<\/p>\n<p>[\/vc_column_text][\/vc_column_inner][\/vc_row_inner]<\/p>\n<\/div>\n<\/section><div class=\"ult-spacer spacer-69e0de6bb8a02\" data-id=\"69e0de6bb8a02\" data-height=\"100\" data-height-mobile=\"50\" data-height-tab=\"\" data-height-tab-portrait=\"\" data-height-mobile-landscape=\"50\" style=\"clear:both;display:block;\"><\/div><\/div>[\/vc_column][\/vc_row][vc_row css=\u00bb.vc_custom_1774344427728{margin-bottom: 55px !important;}\u00bb el_class=\u00bbservicios\u00bb][vc_column][vc_custom_heading text=\u00bbNuestros servicios especializados\u00bb font_container=\u00bbtag:h2|font_size:45PX|text_align:center|color:%23000000|line_height:1em%20!important\u00bb use_theme_fonts=\u00bbyes\u00bb css=\u00bb\u00bb el_class=\u00bbsmall-letter-spacing\u00bb]<section class='special_tabs icontext vertical'><div class='tab-selector col-xs-12 col-sm-3'><\/div><div class='tab-container col-xs-12 col-sm-9' style='margin-left:0px;'><\/div><div class='label 7'><div class='kraft_icon_special_tabs'><i class='fa none'><\/i><\/div><div class='title'><a class='special_tabs_linkage'>Valoraci\u00f3n gratuita de cirug\u00eda<\/a><\/div><div class='divider-vertical-tabs'><\/div><\/div><div class='content 7'><p>[vc_row_inner content_placement=\u00bbmiddle\u00bb][vc_column_inner][vc_column_text css=\u00bb.vc_custom_1774000126873{margin-bottom: 1em !important;}\u00bb]En la valoraci\u00f3n de cirug\u00eda se efectuar\u00e1 una exploraci\u00f3n para determinar si la cirug\u00eda puede ser la soluci\u00f3n a tu patolog\u00eda y, en caso de serlo, se te entregar\u00e1 un presupuesto personalizado sin compromiso.[\/vc_column_text][vc_column_text css=\u00bb\u00bb]<strong style=\"font-size: 20px;\">Tarifa: 0\u20ac<\/strong>[\/vc_column_text][\/vc_column_inner][\/vc_row_inner]<\/p>\n<\/div><div class='label 8'><div class='kraft_icon_special_tabs'><i class='fa none'><\/i><\/div><div class='title'><a class='special_tabs_linkage'>Cirug\u00eda de la u\u00f1a<\/a><\/div><div class='divider-vertical-tabs'><\/div><\/div><div class='content 8'><p>[vc_row_inner content_placement=\u00bbmiddle\u00bb][vc_column_inner][vc_column_text css=\u00bb.vc_custom_1774000239239{margin-bottom: 1em !important;}\u00bb]La cirug\u00eda de la u\u00f1a es un servicio completamente personalizado, por lo que su precio var\u00eda en funci\u00f3n del problema a tratar, su magnitud, extensi\u00f3n, etc.[\/vc_column_text][vc_column_text css=\u00bb\u00bb]<strong style=\"font-size: 20px;\">Tarifa: 320\u20ac &#8211; 480\u20ac<\/strong>[\/vc_column_text][\/vc_column_inner][\/vc_row_inner]<\/p>\n<\/div><div class='label 9'><div class='kraft_icon_special_tabs'><i class='fa none'><\/i><\/div><div class='title'><a class='special_tabs_linkage'>Cirug\u00eda del pie<\/a><\/div><div class='divider-vertical-tabs'><\/div><\/div><div class='content 9'><p>[vc_row_inner content_placement=\u00bbmiddle\u00bb][vc_column_inner][vc_column_text css=\u00bb.vc_custom_1774000344533{margin-bottom: 1em !important;}\u00bb]La cirug\u00eda de pie es un servicio completamente personalizado, por lo que su precio var\u00eda en funci\u00f3n del problema a tratar, su magnitud, extensi\u00f3n, etc.<\/p>\n<p>En la Cl\u00ednica del Peu Maresme somos especialistas en cirug\u00eda m\u00ednimamente invasiva, la \u00fanica t\u00e9cnica que deja cicatrices m\u00ednimas, cuidando as\u00ed tanto la salud como la est\u00e9tica de tus pies.[\/vc_column_text][vc_column_text css=\u00bb\u00bb]<strong style=\"font-size: 20px;\">Tarifa: A consultar<\/strong>[\/vc_column_text][\/vc_column_inner][\/vc_row_inner]<\/p>\n<\/div>\n<\/section>[\/vc_column][\/vc_row]<\/p>\n<\/div>","protected":false},"excerpt":{"rendered":"<p>[vc_row css=\u00bb.vc_custom_1773750684068{margin-top: 50px !important;margin-bottom: 50px !important;}\u00bb][vc_column css_animation=\u00bbfadeInUp\u00bb css=\u00bb.vc_custom_1773744636386{background-color: #ffffff !important;}\u00bb][vc_column_text css=\u00bb.vc_custom_1773825151022{margin-top: 35px !important;}\u00bb] Muchos problemas del pie se pueden abordar con tratamientos conservadores como f\u00e1rmacos, plantillas, fisioterapia, etc. pero en algunas ocasiones, estos tratamientos no pueden solucionar el origen del problema y solo nos ayudan a mejorar los s\u00edntomas durante alg\u00fan tiempo. Para estos casos, [&hellip;]<\/p>\n","protected":false},"author":1,"featured_media":0,"parent":5502,"menu_order":0,"comment_status":"closed","ping_status":"closed","template":"page.php","meta":{"_joinchat":[],"footnotes":""},"class_list":["post-5510","page","type-page","status-publish","hentry"],"_links":{"self":[{"href":"https:\/\/clinicapeu.mustachecreative.com\/index.php\/wp-json\/wp\/v2\/pages\/5510","targetHints":{"allow":["GET"]}}],"collection":[{"href":"https:\/\/clinicapeu.mustachecreative.com\/index.php\/wp-json\/wp\/v2\/pages"}],"about":[{"href":"https:\/\/clinicapeu.mustachecreative.com\/index.php\/wp-json\/wp\/v2\/types\/page"}],"author":[{"embeddable":true,"href":"https:\/\/clinicapeu.mustachecreative.com\/index.php\/wp-json\/wp\/v2\/users\/1"}],"replies":[{"embeddable":true,"href":"https:\/\/clinicapeu.mustachecreative.com\/index.php\/wp-json\/wp\/v2\/comments?post=5510"}],"version-history":[{"count":20,"href":"https:\/\/clinicapeu.mustachecreative.com\/index.php\/wp-json\/wp\/v2\/pages\/5510\/revisions"}],"predecessor-version":[{"id":5821,"href":"https:\/\/clinicapeu.mustachecreative.com\/index.php\/wp-json\/wp\/v2\/pages\/5510\/revisions\/5821"}],"up":[{"embeddable":true,"href":"https:\/\/clinicapeu.mustachecreative.com\/index.php\/wp-json\/wp\/v2\/pages\/5502"}],"wp:attachment":[{"href":"https:\/\/clinicapeu.mustachecreative.com\/index.php\/wp-json\/wp\/v2\/media?parent=5510"}],"curies":[{"name":"wp","href":"https:\/\/api.w.org\/{rel}","templated":true}]}}