{"id":5508,"date":"2026-03-13T09:25:29","date_gmt":"2026-03-13T08:25:29","guid":{"rendered":"https:\/\/clinicapeu.mustachecreative.com\/?page_id=5508"},"modified":"2026-03-26T10:49:23","modified_gmt":"2026-03-26T09:49:23","slug":"podologia-infantil","status":"publish","type":"page","link":"https:\/\/clinicapeu.mustachecreative.com\/index.php\/especialidades\/podologia-infantil\/","title":{"rendered":"Podolog\u00eda infantil"},"content":{"rendered":"<div class=\"wpb-content-wrapper\"><p>[vc_row css=\u00bb.vc_custom_1773750684068{margin-top: 50px !important;margin-bottom: 50px !important;}\u00bb][vc_column css_animation=\u00bbfadeInUp\u00bb css=\u00bb.vc_custom_1773744636386{background-color: #ffffff !important;}\u00bb][vc_column_text css=\u00bb.vc_custom_1773823070537{margin-top: 35px !important;}\u00bb]<\/p>\n<p style=\"text-align: center;\">Los ni\u00f1os tambi\u00e9n sufren frecuentemente problemas en los pies, algunos m\u00e1s evidentes y conocidos como las deformidades de los dedos, los hongos o las u\u00f1as incarnadas; y otros que pueden pasar desapercibidos si no ponemos especial atenci\u00f3n o acudimos a un especialista, como alteraciones de la marcha.<\/p>\n<p>[\/vc_column_text][vc_row_inner css=\u00bb.vc_custom_1773750548591{margin-top: 40px !important;}\u00bb][vc_column_inner][vc_btn title=\u00bbCont\u00e1ctanos\u00bb style=\u00bbclassic\u00bb color=\u00bbblack\u00bb align=\u00bbcenter\u00bb css=\u00bb\u00bb link=\u00bburl:%2Findex.php%2Fcontacto\u00bb][\/vc_column_inner][\/vc_row_inner][\/vc_column][\/vc_row][vc_row css=\u00bb.vc_custom_1774347192141{margin-bottom: 50px !important;padding-top: 50px !important;}\u00bb el_class=\u00bbtabs-verticales\u00bb][vc_column]<div class=\"ult-animation  ult-animate-viewport  ult-no-mobile \" data-animate=\"slideInUp\" data-animation-delay=\"0.3\" data-animation-duration=\"1\" data-animation-iteration=\"1\" style=\"opacity:0;\" data-opacity_start_effect=\"\"><section class='special_tabs icontext vertical'><div class='tab-selector col-xs-12 col-sm-3'><\/div><div class='tab-container col-xs-12 col-sm-9' style='margin-left:0px;'><\/div><div class='label 1'><div class='kraft_icon_special_tabs'><i class='fa none'><\/i><\/div><div class='title'><a class='special_tabs_linkage'>\u00bfQu\u00e9 es la podolog\u00eda infantil?<\/a><\/div><div class='divider-vertical-tabs'><\/div><\/div><div class='content 1'><p>[vc_row_inner content_placement=\u00bbmiddle\u00bb][vc_column_inner width=\u00bb1\/3&#8243;][vc_single_image image=\u00bb5818&#8243; img_size=\u00bbmedium\u00bb alignment=\u00bbcenter\u00bb style=\u00bbvc_box_circle_2&#8243; css=\u00bb.vc_custom_1774347124498{margin-bottom: 35px !important;}\u00bb][\/vc_column_inner][vc_column_inner width=\u00bb2\/3&#8243; css=\u00bb.vc_custom_1773917804178{padding-right: 75px !important;padding-left: 75px !important;}\u00bb][vc_column_text css=\u00bb\u00bb]A pesar de que la profesi\u00f3n y formaci\u00f3n de podolog\u00eda incluye tanto a adultos como a ni\u00f1os, algunos profesionales ya apuestan por la especializaci\u00f3n y la experiencia espec\u00edfica en podolog\u00eda infantil.<\/p>\n<p>En la Cl\u00ednica del Peu Maresme, contamos con profesionales especializados en diferentes \u00e1reas, entre ellas la podolog\u00eda infantil.[\/vc_column_text][\/vc_column_inner][\/vc_row_inner]<\/p>\n<\/div><div class='label 2'><div class='kraft_icon_special_tabs'><i class='fa none'><\/i><\/div><div class='title'><a class='special_tabs_linkage'>Problemas frecuentes del pie infantil<\/a><\/div><div class='divider-vertical-tabs'><\/div><\/div><div class='content 2'><p>[vc_row_inner content_placement=\u00bbmiddle\u00bb][vc_column_inner width=\u00bb1\/3&#8243;][vc_single_image image=\u00bb5819&#8243; img_size=\u00bbmedium\u00bb alignment=\u00bbcenter\u00bb style=\u00bbvc_box_circle_2&#8243; css=\u00bb.vc_custom_1774347137394{margin-bottom: 35px !important;}\u00bb][\/vc_column_inner][vc_column_inner width=\u00bb2\/3&#8243; css=\u00bb.vc_custom_1773917855596{padding-right: 75px !important;padding-left: 75px !important;}\u00bb][vc_column_text css=\u00bb\u00bb]Algunos de los problemas m\u00e1s frecuentes en ni\u00f1os son:<\/p>\n<ul>\n<li>Pie plano infantil<\/li>\n<li>Verrugas<\/li>\n<li>U\u00f1a incarnada<\/li>\n<li>Hongos en los pies<\/li>\n<li>Marcha en intraversi\u00f3n, tambi\u00e9n conocido como \u201cIn-toeing\u201d<\/li>\n<li>Deformidades digitales (dedos torcidos)<\/li>\n<\/ul>\n<p>[\/vc_column_text][\/vc_column_inner][\/vc_row_inner]<\/p>\n<\/div><div class='label 3'><div class='kraft_icon_special_tabs'><i class='fa none'><\/i><\/div><div class='title'><a class='special_tabs_linkage'>Prevenci\u00f3n<\/a><\/div><div class='divider-vertical-tabs'><\/div><\/div><div class='content 3'><p>[vc_row_inner content_placement=\u00bbmiddle\u00bb][vc_column_inner width=\u00bb1\/3&#8243;][vc_single_image image=\u00bb5817&#8243; img_size=\u00bbmedium\u00bb alignment=\u00bbcenter\u00bb style=\u00bbvc_box_circle_2&#8243; css=\u00bb.vc_custom_1774347148634{margin-bottom: 35px !important;}\u00bb][\/vc_column_inner][vc_column_inner width=\u00bb2\/3&#8243; css=\u00bb.vc_custom_1773917870923{padding-right: 75px !important;padding-left: 75px !important;}\u00bb][vc_column_text css=\u00bb\u00bb]La prevenci\u00f3n de la salud de los pies es especialmente importante en los ni\u00f1os, ya que es el momento de desarrollo, por lo que detectar cualquier problema a tiempo es clave para un mejor pron\u00f3stico.<\/p>\n<p>No existe una edad exacta para recomendar la primera visita al pod\u00f3logo, puesto que si hay cualquier afecci\u00f3n evidente como dedos montados o problemas en las u\u00f1as, etc. se debe acudir siempre al pod\u00f3logo.<\/p>\n<p>Pero si, por el contrario, no ha ocurrido nada que nos haga tener esta primera visita, recomendamos que a los 3 o 4 a\u00f1os se haga una primera revisi\u00f3n en un pod\u00f3logo. A esta edad es cuando se establece un patr\u00f3n de la marcha y puede ser evaluado.<\/p>\n<p>Tambi\u00e9n puede ser muy \u00fatil acudir a un pod\u00f3logo para obtener consejos sobre el cuidado de los pies y la elecci\u00f3n del calzado m\u00e1s adecuado para tu peque.[\/vc_column_text][\/vc_column_inner][\/vc_row_inner]<\/p>\n<\/div>\n<\/section><\/div>[\/vc_column][\/vc_row][vc_row css=\u00bb.vc_custom_1774347100833{padding-top: 50px !important;}\u00bb el_class=\u00bbtabs-horizontales\u00bb][vc_column]<div class=\"ult-animation  ult-animate-viewport  ult-no-mobile \" data-animate=\"slideInUp\" data-animation-delay=\"0.3\" data-animation-duration=\"1\" data-animation-iteration=\"1\" style=\"opacity:0;\" data-opacity_start_effect=\"\"><section class='special_tabs icontext horizontal'><div class='tab-selector col-xs-12 col-sm-12'><\/div><div class='tab-container col-xs-12 col-sm-12' style='margin-left:0px;'><\/div><div class='label 4'><div class='kraft_icon_special_tabs'><i class='fa none'><\/i><\/div><div class='title'><a class='special_tabs_linkage'>\u00bfQu\u00e9 es la podolog\u00eda infantil?<\/a><\/div><div class='divider-vertical-tabs'><\/div><\/div><div class='content 4'><p>[vc_row_inner content_placement=\u00bbmiddle\u00bb][vc_column_inner width=\u00bb1\/3&#8243;][vc_single_image image=\u00bb5818&#8243; img_size=\u00bblarge\u00bb alignment=\u00bbcenter\u00bb style=\u00bbvc_box_circle_2&#8243; css=\u00bb\u00bb][\/vc_column_inner][vc_column_inner width=\u00bb2\/3&#8243; css=\u00bb.vc_custom_1773917804178{padding-right: 75px !important;padding-left: 75px !important;}\u00bb][vc_column_text css=\u00bb\u00bb]A pesar de que la profesi\u00f3n y formaci\u00f3n de podolog\u00eda incluye tanto a adultos como a ni\u00f1os, algunos profesionales ya apuestan por la especializaci\u00f3n y la experiencia espec\u00edfica en podolog\u00eda infantil.<\/p>\n<p>En la Cl\u00ednica del Peu Maresme, contamos con profesionales especializados en diferentes \u00e1reas, entre ellas la podolog\u00eda infantil.[\/vc_column_text][\/vc_column_inner][\/vc_row_inner]<\/p>\n<\/div><div class='label 5'><div class='kraft_icon_special_tabs'><i class='fa none'><\/i><\/div><div class='title'><a class='special_tabs_linkage'>Problemas frecuentes del pie infantil<\/a><\/div><div class='divider-vertical-tabs'><\/div><\/div><div class='content 5'><p>[vc_row_inner content_placement=\u00bbmiddle\u00bb][vc_column_inner width=\u00bb1\/3&#8243;][vc_single_image image=\u00bb5819&#8243; img_size=\u00bblarge\u00bb alignment=\u00bbcenter\u00bb style=\u00bbvc_box_circle_2&#8243; css=\u00bb\u00bb][\/vc_column_inner][vc_column_inner width=\u00bb2\/3&#8243; css=\u00bb.vc_custom_1773917855596{padding-right: 75px !important;padding-left: 75px !important;}\u00bb][vc_column_text css=\u00bb\u00bb]Algunos de los problemas m\u00e1s frecuentes en ni\u00f1os son:<\/p>\n<ul>\n<li>Pie plano infantil<\/li>\n<li>Verrugas<\/li>\n<li>U\u00f1a incarnada<\/li>\n<li>Hongos en los pies<\/li>\n<li>Marcha en intraversi\u00f3n, tambi\u00e9n conocido como \u201cIn-toeing\u201d<\/li>\n<li>Deformidades digitales (dedos torcidos)<\/li>\n<\/ul>\n<p>[\/vc_column_text][\/vc_column_inner][\/vc_row_inner]<\/p>\n<\/div><div class='label 6'><div class='kraft_icon_special_tabs'><i class='fa none'><\/i><\/div><div class='title'><a class='special_tabs_linkage'>Prevenci\u00f3n<\/a><\/div><div class='divider-vertical-tabs'><\/div><\/div><div class='content 6'><p>[vc_row_inner content_placement=\u00bbmiddle\u00bb][vc_column_inner width=\u00bb1\/3&#8243;][vc_single_image image=\u00bb5817&#8243; img_size=\u00bblarge\u00bb alignment=\u00bbcenter\u00bb style=\u00bbvc_box_circle_2&#8243; css=\u00bb\u00bb][\/vc_column_inner][vc_column_inner width=\u00bb2\/3&#8243; css=\u00bb.vc_custom_1773917870923{padding-right: 75px !important;padding-left: 75px !important;}\u00bb][vc_column_text css=\u00bb\u00bb]La prevenci\u00f3n de la salud de los pies es especialmente importante en los ni\u00f1os, ya que es el momento de desarrollo, por lo que detectar cualquier problema a tiempo es clave para un mejor pron\u00f3stico.<\/p>\n<p>No existe una edad exacta para recomendar la primera visita al pod\u00f3logo, puesto que si hay cualquier afecci\u00f3n evidente como dedos montados o problemas en las u\u00f1as, etc. se debe acudir siempre al pod\u00f3logo.<\/p>\n<p>Pero si, por el contrario, no ha ocurrido nada que nos haga tener esta primera visita, recomendamos que a los 3 o 4 a\u00f1os se haga una primera revisi\u00f3n en un pod\u00f3logo. A esta edad es cuando se establece un patr\u00f3n de la marcha y puede ser evaluado.<\/p>\n<p>Tambi\u00e9n puede ser muy \u00fatil acudir a un pod\u00f3logo para obtener consejos sobre el cuidado de los pies y la elecci\u00f3n del calzado m\u00e1s adecuado para tu peque.[\/vc_column_text][\/vc_column_inner][\/vc_row_inner]<\/p>\n<\/div>\n<\/section><div class=\"ult-spacer spacer-69e0de6c2eb3f\" data-id=\"69e0de6c2eb3f\" data-height=\"100\" data-height-mobile=\"50\" data-height-tab=\"\" data-height-tab-portrait=\"\" data-height-mobile-landscape=\"50\" style=\"clear:both;display:block;\"><\/div><\/div>[\/vc_column][\/vc_row][vc_row disable_element=\u00bbyes\u00bb][vc_column][vc_custom_heading text=\u00bbNuestros servicios especializados\u00bb font_container=\u00bbtag:h2|font_size:45PX|text_align:center|color:%23000000|line_height:1em%20!important\u00bb use_theme_fonts=\u00bbyes\u00bb css=\u00bb\u00bb el_class=\u00bbsmall-letter-spacing\u00bb][vc_custom_heading text=\u00bbVisita podolog\u00eda infantil\u00bb font_container=\u00bbtag:h3|font_size:30PX|text_align:left|color:%23000000|line_height:1em%20!important\u00bb use_theme_fonts=\u00bbyes\u00bb css=\u00bb.vc_custom_1773830238933{margin-top: 55px !important;}\u00bb el_class=\u00bbsmall-letter-spacing\u00bb][vc_column_text css=\u00bb.vc_custom_1773830161291{margin-bottom: 55px !important;}\u00bb]Una visita general infantil incluye la exploraci\u00f3n y diagn\u00f3stico de patolog\u00edas (a excepci\u00f3n de problemas relacionados con la podolog\u00eda del movimiento y que requieran un estudio biomec\u00e1nico infantil).<\/p>\n<p>En esta visita tambi\u00e9n se recetar\u00e1n, si es necesario, tratamientos farmacol\u00f3gicos o preventivos \/ educativos (pautas para seguir en casa, etc.). Esta visita est\u00e1 realizada por un especialista en podolog\u00eda infantil.[\/vc_column_text][\/vc_column][\/vc_row]<\/p>\n<\/div>","protected":false},"excerpt":{"rendered":"<p>[vc_row css=\u00bb.vc_custom_1773750684068{margin-top: 50px !important;margin-bottom: 50px !important;}\u00bb][vc_column css_animation=\u00bbfadeInUp\u00bb css=\u00bb.vc_custom_1773744636386{background-color: #ffffff !important;}\u00bb][vc_column_text css=\u00bb.vc_custom_1773823070537{margin-top: 35px !important;}\u00bb] Los ni\u00f1os tambi\u00e9n sufren frecuentemente problemas en los pies, algunos m\u00e1s evidentes y conocidos como las deformidades de los dedos, los hongos o las u\u00f1as incarnadas; y otros que pueden pasar desapercibidos si no ponemos especial atenci\u00f3n o acudimos a un especialista, [&hellip;]<\/p>\n","protected":false},"author":1,"featured_media":0,"parent":5502,"menu_order":0,"comment_status":"closed","ping_status":"closed","template":"page.php","meta":{"_joinchat":[],"footnotes":""},"class_list":["post-5508","page","type-page","status-publish","hentry"],"_links":{"self":[{"href":"https:\/\/clinicapeu.mustachecreative.com\/index.php\/wp-json\/wp\/v2\/pages\/5508","targetHints":{"allow":["GET"]}}],"collection":[{"href":"https:\/\/clinicapeu.mustachecreative.com\/index.php\/wp-json\/wp\/v2\/pages"}],"about":[{"href":"https:\/\/clinicapeu.mustachecreative.com\/index.php\/wp-json\/wp\/v2\/types\/page"}],"author":[{"embeddable":true,"href":"https:\/\/clinicapeu.mustachecreative.com\/index.php\/wp-json\/wp\/v2\/users\/1"}],"replies":[{"embeddable":true,"href":"https:\/\/clinicapeu.mustachecreative.com\/index.php\/wp-json\/wp\/v2\/comments?post=5508"}],"version-history":[{"count":14,"href":"https:\/\/clinicapeu.mustachecreative.com\/index.php\/wp-json\/wp\/v2\/pages\/5508\/revisions"}],"predecessor-version":[{"id":6331,"href":"https:\/\/clinicapeu.mustachecreative.com\/index.php\/wp-json\/wp\/v2\/pages\/5508\/revisions\/6331"}],"up":[{"embeddable":true,"href":"https:\/\/clinicapeu.mustachecreative.com\/index.php\/wp-json\/wp\/v2\/pages\/5502"}],"wp:attachment":[{"href":"https:\/\/clinicapeu.mustachecreative.com\/index.php\/wp-json\/wp\/v2\/media?parent=5508"}],"curies":[{"name":"wp","href":"https:\/\/api.w.org\/{rel}","templated":true}]}}