{"id":5506,"date":"2026-03-13T09:24:15","date_gmt":"2026-03-13T08:24:15","guid":{"rendered":"https:\/\/clinicapeu.mustachecreative.com\/?page_id=5506"},"modified":"2026-03-26T10:36:28","modified_gmt":"2026-03-26T09:36:28","slug":"podologia-del-movimiento","status":"publish","type":"page","link":"https:\/\/clinicapeu.mustachecreative.com\/index.php\/especialidades\/podologia-del-movimiento\/","title":{"rendered":"Podolog\u00eda del movimiento"},"content":{"rendered":"<div class=\"wpb-content-wrapper\"><p>[vc_row css=\u00bb.vc_custom_1773750684068{margin-top: 50px !important;margin-bottom: 50px !important;}\u00bb][vc_column css_animation=\u00bbfadeInUp\u00bb css=\u00bb.vc_custom_1773744636386{background-color: #ffffff !important;}\u00bb][vc_column_text css=\u00bb.vc_custom_1773751072578{margin-top: 35px !important;}\u00bb]<\/p>\n<p style=\"text-align: center;\">Nuestra unidad de podolog\u00eda del movimiento ha sido dise\u00f1ada para atender a todas aquellas personas que conviven con problemas que dificulten su movimiento en general, desde personas que necesiten poder estar c\u00f3modas de pie en el trabajo o en su d\u00eda a d\u00eda, hasta deportistas profesionales que requieran una importante prevenci\u00f3n y control de lesiones.<\/p>\n<p>[\/vc_column_text][vc_row_inner css=\u00bb.vc_custom_1773750548591{margin-top: 40px !important;}\u00bb][vc_column_inner][vc_btn title=\u00bbCont\u00e1ctanos\u00bb style=\u00bbclassic\u00bb color=\u00bbblack\u00bb align=\u00bbcenter\u00bb css=\u00bb\u00bb link=\u00bburl:%2Findex.php%2Fcontacto\u00bb][\/vc_column_inner][\/vc_row_inner][\/vc_column][\/vc_row][vc_row css=\u00bb.vc_custom_1774346494983{padding-top: 0px !important;}\u00bb el_class=\u00bbtabs-verticales\u00bb][vc_column]<div class=\"ult-animation  ult-animate-viewport  ult-no-mobile \" data-animate=\"slideInUp\" data-animation-delay=\"0.3\" data-animation-duration=\"1\" data-animation-iteration=\"1\" style=\"opacity:0;\" data-opacity_start_effect=\"\"><section class='special_tabs icontext vertical'><div class='tab-selector col-xs-12 col-sm-3'><\/div><div class='tab-container col-xs-12 col-sm-9' style='margin-left:0px;'><\/div><div class='label 1'><div class='kraft_icon_special_tabs'><i class='fa none'><\/i><\/div><div class='title'><a class='special_tabs_linkage'>Estudio de la pisada y estudio biomec\u00e1nico<\/a><\/div><div class='divider-vertical-tabs'><\/div><\/div><div class='content 1'><p>[vc_row_inner content_placement=\u00bbmiddle\u00bb][vc_column_inner width=\u00bb1\/3&#8243;][vc_single_image image=\u00bb5796&#8243; img_size=\u00bbmedium\u00bb alignment=\u00bbcenter\u00bb style=\u00bbvc_box_circle_2&#8243; css=\u00bb.vc_custom_1774346439089{margin-bottom: 35px !important;}\u00bb][\/vc_column_inner][vc_column_inner width=\u00bb2\/3&#8243; css=\u00bb.vc_custom_1773917677755{padding-right: 75px !important;padding-left: 75px !important;}\u00bb][vc_column_text css=\u00bb\u00bb]Las alteraciones de la pisada son un tipo de problema que muy a menudo pasa desapercibido y que, poco a poco, puede causar otras afecciones secundarias como deformidades en los pies, juanetes, dolor de espalda, rodillas o pies, etc.<\/p>\n<p>Esto puede acabar provocando una cadena de problemas que llegue a repercutir seriamente en tu calidad de vida, creando dolor y malestar y haciendo que dejes de disfrutar de todo aquello que antes te encantaba: pasear, bailar, hacer deporte, etc.<\/p>\n<p>Gracias a este tipo de estudios, podemos detectar si existe alguna alteraci\u00f3n en la biomec\u00e1nica o en tu pisada, ubicar el origen del problema y dar con una soluci\u00f3n espec\u00edfica para tu caso, como pueden ser las plantillas personalizadas.[\/vc_column_text][\/vc_column_inner][\/vc_row_inner]<\/p>\n<\/div><div class='label 2'><div class='kraft_icon_special_tabs'><i class='fa none'><\/i><\/div><div class='title'><a class='special_tabs_linkage'>Plantillas o soportes plantares<\/a><\/div><div class='divider-vertical-tabs'><\/div><\/div><div class='content 2'><p>[vc_row_inner content_placement=\u00bbmiddle\u00bb][vc_column_inner width=\u00bb1\/3&#8243;][vc_single_image image=\u00bb5797&#8243; img_size=\u00bbmedium\u00bb alignment=\u00bbcenter\u00bb style=\u00bbvc_box_circle_2&#8243; css=\u00bb.vc_custom_1774346454354{margin-bottom: 35px !important;}\u00bb][\/vc_column_inner][vc_column_inner width=\u00bb2\/3&#8243; css=\u00bb.vc_custom_1773917695138{padding-right: 75px !important;padding-left: 75px !important;}\u00bb][vc_column_text css=\u00bb\u00bb]Las plantillas o soportes plantares son una de las posibles soluciones a diferentes patolog\u00edas del pie.<\/p>\n<p>Este tratamiento consiste en compensar las alteraciones de tu pisada mediante una plantilla con una forma espec\u00edfica que cambiar\u00e1 tu manera de caminar ligeramente, consiguiendo una postura equilibrada y la resoluci\u00f3n o mejora de los problemas derivados de esto.<\/p>\n<p>Estos soportes funcionan de la misma manera que unas gafas sirven para compensar las alteraciones de la visi\u00f3n. La persona que necesita llevar plantillas, es probable que deba llevarlas el resto de su vida, ya que estas no tienen la capacidad de corregir el pie.<\/p>\n<p>Cualquier plantilla o soporte plantar requiere de un periodo de adaptaci\u00f3n que se controlar\u00e1 mediante visitas de seguimiento con tu pod\u00f3logo.<\/p>\n<p>Para poder crear unas plantillas 100% personalizadas para tu caso, siempre realizamos un estudio de la pisada y un escaneo 3D del pie.[\/vc_column_text][\/vc_column_inner][\/vc_row_inner]<\/p>\n<\/div><div class='label 3'><div class='kraft_icon_special_tabs'><i class='fa none'><\/i><\/div><div class='title'><a class='special_tabs_linkage'>Podolog\u00eda deportiva<\/a><\/div><div class='divider-vertical-tabs'><\/div><\/div><div class='content 3'><p>[vc_row_inner content_placement=\u00bbmiddle\u00bb][vc_column_inner width=\u00bb1\/3&#8243;][vc_single_image image=\u00bb5798&#8243; img_size=\u00bbmedium\u00bb alignment=\u00bbcenter\u00bb style=\u00bbvc_box_circle_2&#8243; css=\u00bb.vc_custom_1774346467982{margin-bottom: 35px !important;}\u00bb][\/vc_column_inner][vc_column_inner width=\u00bb2\/3&#8243; css=\u00bb.vc_custom_1773917726123{padding-right: 75px !important;padding-left: 75px !important;}\u00bb][vc_column_text css=\u00bb\u00bb]Dentro de nuestra unidad de podolog\u00eda del movimiento, tenemos pacientes con unas necesidades muy espec\u00edficas: los deportistas. Ya seas iniciado o profesional, sabemos que es crucial tener una buena prevenci\u00f3n y tratamiento de lesiones para obtener un m\u00e1ximo rendimiento.<\/p>\n<p>La evidencia cient\u00edfica nos indica que el 100% de los deportistas sufrir\u00e1 alguna lesi\u00f3n durante su vida. Sin embargo, detectar con antelaci\u00f3n alteraciones de la mec\u00e1nica deportiva, determinar\u00e1n que esa lesi\u00f3n tenga un mejor o peor pron\u00f3stico. Por este motivo, contar con un pod\u00f3logo dentro del equipo multidisciplinar que te acompa\u00f1a, es fundamental para lograr tu mejor versi\u00f3n en el deporte.[\/vc_column_text][\/vc_column_inner][\/vc_row_inner]<\/p>\n<\/div>\n<\/section><\/div>[\/vc_column][\/vc_row][vc_row css=\u00bb.vc_custom_1774346513347{padding-top: 50px !important;}\u00bb el_class=\u00bbtabs-horizontales\u00bb][vc_column]<div class=\"ult-animation  ult-animate-viewport  ult-no-mobile \" data-animate=\"slideInUp\" data-animation-delay=\"0.3\" data-animation-duration=\"1\" data-animation-iteration=\"1\" style=\"opacity:0;\" data-opacity_start_effect=\"\"><section class='special_tabs icontext horizontal'><div class='tab-selector col-xs-12 col-sm-12'><\/div><div class='tab-container col-xs-12 col-sm-12' style='margin-left:0px;'><\/div><div class='label 4'><div class='kraft_icon_special_tabs'><i class='fa none'><\/i><\/div><div class='title'><a class='special_tabs_linkage'>Estudio de la pisada y estudio biomec\u00e1nico<\/a><\/div><div class='divider-vertical-tabs'><\/div><\/div><div class='content 4'><p>[vc_row_inner content_placement=\u00bbmiddle\u00bb][vc_column_inner width=\u00bb1\/3&#8243;][vc_single_image image=\u00bb5796&#8243; img_size=\u00bblarge\u00bb alignment=\u00bbcenter\u00bb style=\u00bbvc_box_circle_2&#8243; css=\u00bb\u00bb][\/vc_column_inner][vc_column_inner width=\u00bb2\/3&#8243; css=\u00bb.vc_custom_1773917677755{padding-right: 75px !important;padding-left: 75px !important;}\u00bb][vc_column_text css=\u00bb\u00bb]Las alteraciones de la pisada son un tipo de problema que muy a menudo pasa desapercibido y que, poco a poco, puede causar otras afecciones secundarias como deformidades en los pies, juanetes, dolor de espalda, rodillas o pies, etc.<\/p>\n<p>Esto puede acabar provocando una cadena de problemas que llegue a repercutir seriamente en tu calidad de vida, creando dolor y malestar y haciendo que dejes de disfrutar de todo aquello que antes te encantaba: pasear, bailar, hacer deporte, etc.<\/p>\n<p>Gracias a este tipo de estudios, podemos detectar si existe alguna alteraci\u00f3n en la biomec\u00e1nica o en tu pisada, ubicar el origen del problema y dar con una soluci\u00f3n espec\u00edfica para tu caso, como pueden ser las plantillas personalizadas.[\/vc_column_text][\/vc_column_inner][\/vc_row_inner]<\/p>\n<\/div><div class='label 5'><div class='kraft_icon_special_tabs'><i class='fa none'><\/i><\/div><div class='title'><a class='special_tabs_linkage'>Plantillas o soportes plantares<\/a><\/div><div class='divider-vertical-tabs'><\/div><\/div><div class='content 5'><p>[vc_row_inner content_placement=\u00bbmiddle\u00bb][vc_column_inner width=\u00bb1\/3&#8243;][vc_single_image image=\u00bb5797&#8243; img_size=\u00bblarge\u00bb alignment=\u00bbcenter\u00bb style=\u00bbvc_box_circle_2&#8243; css=\u00bb\u00bb][\/vc_column_inner][vc_column_inner width=\u00bb2\/3&#8243; css=\u00bb.vc_custom_1773917695138{padding-right: 75px !important;padding-left: 75px !important;}\u00bb][vc_column_text css=\u00bb\u00bb]Las plantillas o soportes plantares son una de las posibles soluciones a diferentes patolog\u00edas del pie.<\/p>\n<p>Este tratamiento consiste en compensar las alteraciones de tu pisada mediante una plantilla con una forma espec\u00edfica que cambiar\u00e1 tu manera de caminar ligeramente, consiguiendo una postura equilibrada y la resoluci\u00f3n o mejora de los problemas derivados de esto.<\/p>\n<p>Estos soportes funcionan de la misma manera que unas gafas sirven para compensar las alteraciones de la visi\u00f3n. La persona que necesita llevar plantillas, es probable que deba llevarlas el resto de su vida, ya que estas no tienen la capacidad de corregir el pie.<\/p>\n<p>Cualquier plantilla o soporte plantar requiere de un periodo de adaptaci\u00f3n que se controlar\u00e1 mediante visitas de seguimiento con tu pod\u00f3logo.<\/p>\n<p>Para poder crear unas plantillas 100% personalizadas para tu caso, siempre realizamos un estudio de la pisada y un escaneo 3D del pie.[\/vc_column_text][\/vc_column_inner][\/vc_row_inner]<\/p>\n<\/div><div class='label 6'><div class='kraft_icon_special_tabs'><i class='fa none'><\/i><\/div><div class='title'><a class='special_tabs_linkage'>Podolog\u00eda deportiva<\/a><\/div><div class='divider-vertical-tabs'><\/div><\/div><div class='content 6'><p>[vc_row_inner content_placement=\u00bbmiddle\u00bb][vc_column_inner width=\u00bb1\/3&#8243;][vc_single_image image=\u00bb5798&#8243; img_size=\u00bblarge\u00bb alignment=\u00bbcenter\u00bb style=\u00bbvc_box_circle_2&#8243; css=\u00bb\u00bb][\/vc_column_inner][vc_column_inner width=\u00bb2\/3&#8243; css=\u00bb.vc_custom_1773917726123{padding-right: 75px !important;padding-left: 75px !important;}\u00bb][vc_column_text css=\u00bb\u00bb]Dentro de nuestra unidad de podolog\u00eda del movimiento, tenemos pacientes con unas necesidades muy espec\u00edficas: los deportistas. Ya seas iniciado o profesional, sabemos que es crucial tener una buena prevenci\u00f3n y tratamiento de lesiones para obtener un m\u00e1ximo rendimiento.<\/p>\n<p>La evidencia cient\u00edfica nos indica que el 100% de los deportistas sufrir\u00e1 alguna lesi\u00f3n durante su vida. Sin embargo, detectar con antelaci\u00f3n alteraciones de la mec\u00e1nica deportiva, determinar\u00e1n que esa lesi\u00f3n tenga un mejor o peor pron\u00f3stico. Por este motivo, contar con un pod\u00f3logo dentro del equipo multidisciplinar que te acompa\u00f1a, es fundamental para lograr tu mejor versi\u00f3n en el deporte.[\/vc_column_text][\/vc_column_inner][\/vc_row_inner]<\/p>\n<\/div>\n<\/section><div class=\"ult-spacer spacer-69e0de6ab7d28\" data-id=\"69e0de6ab7d28\" data-height=\"100\" data-height-mobile=\"50\" data-height-tab=\"\" data-height-tab-portrait=\"\" data-height-mobile-landscape=\"50\" style=\"clear:both;display:block;\"><\/div><\/div>[\/vc_column][\/vc_row][vc_row css=\u00bb.vc_custom_1774346393318{margin-bottom: 55px !important;}\u00bb el_class=\u00bbservicios\u00bb][vc_column][vc_custom_heading text=\u00bbNuestros servicios especializados\u00bb font_container=\u00bbtag:h2|font_size:45PX|text_align:center|color:%23000000|line_height:1em%20!important\u00bb use_theme_fonts=\u00bbyes\u00bb css=\u00bb\u00bb el_class=\u00bbsmall-letter-spacing\u00bb]<section class='special_tabs icontext vertical'><div class='tab-selector col-xs-12 col-sm-3'><\/div><div class='tab-container col-xs-12 col-sm-9' style='margin-left:0px;'><\/div><div class='label 7'><div class='kraft_icon_special_tabs'><i class='fa none'><\/i><\/div><div class='title'><a class='special_tabs_linkage'>Estudio biomec\u00e1nico adultos<\/a><\/div><div class='divider-vertical-tabs'><\/div><\/div><div class='content 7'><p>[vc_row_inner content_placement=\u00bbmiddle\u00bb][vc_column_inner][vc_column_text css=\u00bb.vc_custom_1773999870282{margin-bottom: 1em !important;}\u00bb]El estudio biomec\u00e1nico o estudio de la pisada consiste en:<\/p>\n<ul>\n<li>Entrevista y exploraci\u00f3n en camilla<\/li>\n<li>Test biomec\u00e1nicos del pie<\/li>\n<li>Estudio de la huella plantar est\u00e1tica<\/li>\n<li>Informe de resultados<\/li>\n<li>Escaneo 3D del pie en caso de determinar que son necesarias las plantillas<\/li>\n<\/ul>\n<p>[\/vc_column_text][vc_column_text css=\u00bb\u00bb]<strong style=\"font-size: 20px;\">Tarifa: 65\u20ac<\/strong>[\/vc_column_text][\/vc_column_inner][\/vc_row_inner]<\/p>\n<\/div><div class='label 8'><div class='kraft_icon_special_tabs'><i class='fa none'><\/i><\/div><div class='title'><a class='special_tabs_linkage'>Plantillas personalizadas adultos<\/a><\/div><div class='divider-vertical-tabs'><\/div><\/div><div class='content 8'><p>[vc_row_inner content_placement=\u00bbmiddle\u00bb][vc_column_inner][vc_column_text css=\u00bb.vc_custom_1773999876965{margin-bottom: 1em !important;}\u00bb]Incluye:<\/p>\n<ul>\n<li>Plantillas personalizadas<\/li>\n<li>Visita de entrega de las plantillas<\/li>\n<li>2 controles de seguimiento<\/li>\n<\/ul>\n<p>[\/vc_column_text][vc_column_text css=\u00bb\u00bb]<strong style=\"font-size: 20px;\">Tarifa: 205\u20ac<\/strong>[\/vc_column_text][\/vc_column_inner][\/vc_row_inner]<\/p>\n<\/div>\n<\/section>[\/vc_column][\/vc_row]<\/p>\n<\/div>","protected":false},"excerpt":{"rendered":"<p>[vc_row css=\u00bb.vc_custom_1773750684068{margin-top: 50px !important;margin-bottom: 50px !important;}\u00bb][vc_column css_animation=\u00bbfadeInUp\u00bb css=\u00bb.vc_custom_1773744636386{background-color: #ffffff !important;}\u00bb][vc_column_text css=\u00bb.vc_custom_1773751072578{margin-top: 35px !important;}\u00bb] Nuestra unidad de podolog\u00eda del movimiento ha sido dise\u00f1ada para atender a todas aquellas personas que conviven con problemas que dificulten su movimiento en general, desde personas que necesiten poder estar c\u00f3modas de pie en el trabajo o en su d\u00eda a [&hellip;]<\/p>\n","protected":false},"author":1,"featured_media":0,"parent":5502,"menu_order":0,"comment_status":"closed","ping_status":"closed","template":"page.php","meta":{"_joinchat":[],"footnotes":""},"class_list":["post-5506","page","type-page","status-publish","hentry"],"_links":{"self":[{"href":"https:\/\/clinicapeu.mustachecreative.com\/index.php\/wp-json\/wp\/v2\/pages\/5506","targetHints":{"allow":["GET"]}}],"collection":[{"href":"https:\/\/clinicapeu.mustachecreative.com\/index.php\/wp-json\/wp\/v2\/pages"}],"about":[{"href":"https:\/\/clinicapeu.mustachecreative.com\/index.php\/wp-json\/wp\/v2\/types\/page"}],"author":[{"embeddable":true,"href":"https:\/\/clinicapeu.mustachecreative.com\/index.php\/wp-json\/wp\/v2\/users\/1"}],"replies":[{"embeddable":true,"href":"https:\/\/clinicapeu.mustachecreative.com\/index.php\/wp-json\/wp\/v2\/comments?post=5506"}],"version-history":[{"count":25,"href":"https:\/\/clinicapeu.mustachecreative.com\/index.php\/wp-json\/wp\/v2\/pages\/5506\/revisions"}],"predecessor-version":[{"id":6327,"href":"https:\/\/clinicapeu.mustachecreative.com\/index.php\/wp-json\/wp\/v2\/pages\/5506\/revisions\/6327"}],"up":[{"embeddable":true,"href":"https:\/\/clinicapeu.mustachecreative.com\/index.php\/wp-json\/wp\/v2\/pages\/5502"}],"wp:attachment":[{"href":"https:\/\/clinicapeu.mustachecreative.com\/index.php\/wp-json\/wp\/v2\/media?parent=5506"}],"curies":[{"name":"wp","href":"https:\/\/api.w.org\/{rel}","templated":true}]}}