{"id":5504,"date":"2026-03-13T09:23:32","date_gmt":"2026-03-13T08:23:32","guid":{"rendered":"https:\/\/clinicapeu.mustachecreative.com\/?page_id=5504"},"modified":"2026-03-26T10:46:07","modified_gmt":"2026-03-26T09:46:07","slug":"podologia-general","status":"publish","type":"page","link":"https:\/\/clinicapeu.mustachecreative.com\/index.php\/especialidades\/podologia-general\/","title":{"rendered":"Podolog\u00eda general"},"content":{"rendered":"<div class=\"wpb-content-wrapper\"><p>[vc_row css=\u00bb.vc_custom_1774346642144{margin-top: 50px !important;margin-bottom: 50px !important;}\u00bb el_class=\u00bbservicios\u00bb][vc_column css_animation=\u00bbfadeInUp\u00bb css=\u00bb.vc_custom_1773744636386{background-color: #ffffff !important;}\u00bb][vc_custom_heading text=\u00bbCuidado general y prevenci\u00f3n\u00bb font_container=\u00bbtag:h2|font_size:45PX|text_align:center|color:%23000000|line_height:1em%20!important\u00bb use_theme_fonts=\u00bbyes\u00bb css=\u00bb\u00bb el_class=\u00bbsmall-letter-spacing\u00bb][vc_column_text css=\u00bb.vc_custom_1773750150858{margin-top: 35px !important;}\u00bb]<\/p>\n<p style=\"text-align: center;\">De la misma manera que para prevenir enfermedades en los dientes realizamos una serie de cuidados diarios y visitamos al dentista, es importante hacer lo mismo con nuestros pies.<\/p>\n<p style=\"text-align: center;\">Utilizar un calzado adecuado para tu tipo de pisada o forma del pie, tener una buena t\u00e9cnica de corte de u\u00f1as, hidratar bien la piel, etc. son solo algunas de las cosas fundamentales a tener en cuenta para evitar problemas en la salud de tus pies.<\/p>\n<p style=\"text-align: center;\">Si no has visitado a un pod\u00f3logo nunca o en mucho tiempo, puede ser muy \u00fatil hacerlo para revisar el estado de tus pies y obtener recomendaciones para la prevenci\u00f3n de las enfermedades m\u00e1s frecuentes seg\u00fan las caracter\u00edsticas de tus pies o incluso tu estilo de vida.<\/p>\n<p>[\/vc_column_text][vc_row_inner css=\u00bb.vc_custom_1773750548591{margin-top: 40px !important;}\u00bb][vc_column_inner][vc_btn title=\u00bbCont\u00e1ctanos\u00bb style=\u00bbclassic\u00bb color=\u00bbblack\u00bb align=\u00bbcenter\u00bb css=\u00bb\u00bb link=\u00bburl:%2Findex.php%2Fcontacto\u00bb][\/vc_column_inner][\/vc_row_inner][\/vc_column][\/vc_row][vc_row css=\u00bb.vc_custom_1774346852150{padding-top: 50px !important;}\u00bb el_class=\u00bbtabs-verticales\u00bb][vc_column]<div class=\"ult-animation  ult-animate-viewport  ult-no-mobile \" data-animate=\"slideInUp\" data-animation-delay=\"0.3\" data-animation-duration=\"1\" data-animation-iteration=\"1\" style=\"opacity:0;\" data-opacity_start_effect=\"\"><section class='special_tabs icontext vertical'><div class='tab-selector col-xs-12 col-sm-3'><\/div><div class='tab-container col-xs-12 col-sm-9' style='margin-left:0px;'><\/div><div class='label 1'><div class='kraft_icon_special_tabs'><i class='fa none'><\/i><\/div><div class='title'><a class='special_tabs_linkage'>Pie diab\u00e9tico<\/a><\/div><div class='divider-vertical-tabs'><\/div><\/div><div class='content 1'><p>[vc_row_inner content_placement=\u00bbmiddle\u00bb][vc_column_inner width=\u00bb1\/3&#8243;][vc_single_image image=\u00bb5787&#8243; img_size=\u00bbmedium\u00bb alignment=\u00bbcenter\u00bb style=\u00bbvc_box_circle_2&#8243; css=\u00bb.vc_custom_1774346793398{margin-bottom: 35px !important;}\u00bb][\/vc_column_inner][vc_column_inner width=\u00bb2\/3&#8243; css=\u00bb.vc_custom_1773917531379{padding-right: 75px !important;padding-left: 75px !important;}\u00bb][vc_column_text css=\u00bb\u00bb]Las personas con diabetes tienen un riesgo alto a desarrollar enfermedades vasculares y neurol\u00f3gicas perif\u00e9ricas que afectan de manera importante a la salud de sus piernas y sus pies.<\/p>\n<p>Si este es tu caso, aunque no hayas desarrollado ning\u00fan problema en los pies, es crucial que visites a un pod\u00f3logo anualmente para que se pueda detectar cualquier afecci\u00f3n del pie secundaria a la diabetes. En este tipo de patolog\u00edas, diagnosticarlas a tiempo puede cambiar dr\u00e1sticamente el pron\u00f3stico.[\/vc_column_text][vc_column_text css=\u00bb.vc_custom_1773998497575{padding-top: 20px !important;padding-right: 20px !important;padding-bottom: 20px !important;padding-left: 20px !important;}\u00bb]<\/p>\n<p style=\"text-align: center; color: #5ed2ef;\">Si tienes diabetes, eres residente en Catalu\u00f1a y dispones de la tarjeta personal sanitaria del CatSalut, tienes derecho a realizarte visitas gratuitas con un pod\u00f3logo de la red de profesionales con atenci\u00f3n al pie diab\u00e9tico que colaboran con el Servei Catal\u00e0 de la Salut. Recuerda activar previamente las visitas en tu \u00e1rea de salud (CAP).<\/p>\n<p>[\/vc_column_text][\/vc_column_inner][\/vc_row_inner]<\/p>\n<\/div><div class='label 2'><div class='kraft_icon_special_tabs'><i class='fa none'><\/i><\/div><div class='title'><a class='special_tabs_linkage'>Personas mayores<\/a><\/div><div class='divider-vertical-tabs'><\/div><\/div><div class='content 2'><p>[vc_row_inner content_placement=\u00bbmiddle\u00bb][vc_column_inner width=\u00bb1\/3&#8243;][vc_single_image image=\u00bb5790&#8243; img_size=\u00bbmedium\u00bb alignment=\u00bbcenter\u00bb style=\u00bbvc_box_circle_2&#8243; css=\u00bb.vc_custom_1774346807383{margin-bottom: 35px !important;}\u00bb][\/vc_column_inner][vc_column_inner width=\u00bb2\/3&#8243; css=\u00bb.vc_custom_1773917558306{padding-right: 75px !important;padding-left: 75px !important;}\u00bb][vc_column_text css=\u00bb\u00bb]Las personas mayores pueden beneficiarse especialmente de las revisiones podol\u00f3gicas frecuentes y de la quiropodia, puesto que su visi\u00f3n, movilidad y su fuerza se va deteriorando con el paso de los a\u00f1os.<\/p>\n<p>Esto hace m\u00e1s complicado y peligroso el corte de las u\u00f1as de los pies, produci\u00e9ndose en muchas ocasiones heridas durante el corte.<\/p>\n<p>En las visitas nos aseguraremos de detectar cualquier problema en su fase m\u00e1s inicial y de prevenir otras afecciones, mediante el cuidado de las u\u00f1as y durezas del pie que incluye el servicio de quiropodia.[\/vc_column_text][\/vc_column_inner][\/vc_row_inner]<\/p>\n<\/div>\n<\/section><\/div>[\/vc_column][\/vc_row][vc_row css=\u00bb.vc_custom_1774346772096{padding-top: 50px !important;}\u00bb el_class=\u00bbtabs-horizontales\u00bb][vc_column]<div class=\"ult-animation  ult-animate-viewport  ult-no-mobile \" data-animate=\"slideInUp\" data-animation-delay=\"0.3\" data-animation-duration=\"1\" data-animation-iteration=\"1\" style=\"opacity:0;\" data-opacity_start_effect=\"\"><section class='special_tabs icontext horizontal'><div class='tab-selector col-xs-12 col-sm-12'><\/div><div class='tab-container col-xs-12 col-sm-12' style='margin-left:0px;'><\/div><div class='label 3'><div class='kraft_icon_special_tabs'><i class='fa none'><\/i><\/div><div class='title'><a class='special_tabs_linkage'>Pie diab\u00e9tico<\/a><\/div><div class='divider-vertical-tabs'><\/div><\/div><div class='content 3'><p>[vc_row_inner content_placement=\u00bbmiddle\u00bb][vc_column_inner width=\u00bb1\/3&#8243;][vc_single_image image=\u00bb5787&#8243; img_size=\u00bblarge\u00bb alignment=\u00bbcenter\u00bb style=\u00bbvc_box_circle_2&#8243; css=\u00bb.vc_custom_1774250731993{margin-bottom: 0px !important;}\u00bb][\/vc_column_inner][vc_column_inner width=\u00bb2\/3&#8243; css=\u00bb.vc_custom_1773917531379{padding-right: 75px !important;padding-left: 75px !important;}\u00bb][vc_column_text css=\u00bb\u00bb]Las personas con diabetes tienen un riesgo alto a desarrollar enfermedades vasculares y neurol\u00f3gicas perif\u00e9ricas que afectan de manera importante a la salud de sus piernas y sus pies.<\/p>\n<p>Si este es tu caso, aunque no hayas desarrollado ning\u00fan problema en los pies, es crucial que visites a un pod\u00f3logo anualmente para que se pueda detectar cualquier afecci\u00f3n del pie secundaria a la diabetes. En este tipo de patolog\u00edas, diagnosticarlas a tiempo puede cambiar dr\u00e1sticamente el pron\u00f3stico.[\/vc_column_text][vc_column_text css=\u00bb.vc_custom_1773998497575{padding-top: 20px !important;padding-right: 20px !important;padding-bottom: 20px !important;padding-left: 20px !important;}\u00bb]<\/p>\n<p style=\"text-align: center; color: #5ed2ef;\">Si tienes diabetes, eres residente en Catalu\u00f1a y dispones de la tarjeta personal sanitaria del CatSalut, tienes derecho a realizarte visitas gratuitas con un pod\u00f3logo de la red de profesionales con atenci\u00f3n al pie diab\u00e9tico que colaboran con el Servei Catal\u00e0 de la Salut. Recuerda activar previamente las visitas en tu \u00e1rea de salud (CAP).<\/p>\n<p>[\/vc_column_text][\/vc_column_inner][\/vc_row_inner]<\/p>\n<\/div><div class='label 4'><div class='kraft_icon_special_tabs'><i class='fa none'><\/i><\/div><div class='title'><a class='special_tabs_linkage'>Personas mayores<\/a><\/div><div class='divider-vertical-tabs'><\/div><\/div><div class='content 4'><p>[vc_row_inner content_placement=\u00bbmiddle\u00bb][vc_column_inner width=\u00bb1\/3&#8243;][vc_single_image image=\u00bb5790&#8243; img_size=\u00bblarge\u00bb alignment=\u00bbcenter\u00bb style=\u00bbvc_box_circle_2&#8243; css=\u00bb.vc_custom_1774250739005{margin-bottom: 0px !important;}\u00bb][\/vc_column_inner][vc_column_inner width=\u00bb2\/3&#8243; css=\u00bb.vc_custom_1773917558306{padding-right: 75px !important;padding-left: 75px !important;}\u00bb][vc_column_text css=\u00bb\u00bb]Las personas mayores pueden beneficiarse especialmente de las revisiones podol\u00f3gicas frecuentes y de la quiropodia, puesto que su visi\u00f3n, movilidad y su fuerza se va deteriorando con el paso de los a\u00f1os.<\/p>\n<p>Esto hace m\u00e1s complicado y peligroso el corte de las u\u00f1as de los pies, produci\u00e9ndose en muchas ocasiones heridas durante el corte.<\/p>\n<p>En las visitas nos aseguraremos de detectar cualquier problema en su fase m\u00e1s inicial y de prevenir otras afecciones, mediante el cuidado de las u\u00f1as y durezas del pie que incluye el servicio de quiropodia.[\/vc_column_text][\/vc_column_inner][\/vc_row_inner]<\/p>\n<\/div>\n<\/section><div class=\"ult-spacer spacer-69e0de543be90\" data-id=\"69e0de543be90\" data-height=\"100\" data-height-mobile=\"50\" data-height-tab=\"\" data-height-tab-portrait=\"\" data-height-mobile-landscape=\"50\" style=\"clear:both;display:block;\"><\/div><\/div>[\/vc_column][\/vc_row][vc_row css=\u00bb.vc_custom_1774346675412{margin-bottom: 55px !important;}\u00bb el_class=\u00bbservicios\u00bb][vc_column][vc_custom_heading text=\u00bbNuestros servicios especializados\u00bb font_container=\u00bbtag:h2|font_size:45PX|text_align:center|color:%23000000|line_height:1em%20!important\u00bb use_theme_fonts=\u00bbyes\u00bb css=\u00bb\u00bb el_class=\u00bbsmall-letter-spacing\u00bb]<section class='special_tabs icontext vertical'><div class='tab-selector col-xs-12 col-sm-3'><\/div><div class='tab-container col-xs-12 col-sm-9' style='margin-left:0px;'><\/div><div class='label 5'><div class='kraft_icon_special_tabs'><i class='fa none'><\/i><\/div><div class='title'><a class='special_tabs_linkage'>Visita general<\/a><\/div><div class='divider-vertical-tabs'><\/div><\/div><div class='content 5'><p>[vc_row_inner content_placement=\u00bbmiddle\u00bb][vc_column_inner][vc_column_text css=\u00bb\u00bb]Una visita general incluye la exploraci\u00f3n y diagn\u00f3stico de patolog\u00edas (a excepci\u00f3n de problemas relacionados con la podolog\u00eda del movimiento y que requieran un estudio biomec\u00e1nico). En esta visita tambi\u00e9n se recetar\u00e1n, si es necesario, tratamientos farmacol\u00f3gicos o preventivos \/ educativos (pautas para seguir en casa, etc.).[\/vc_column_text][vc_column_text css=\u00bb\u00bb]<strong style=\"font-size: 20px;\">Tarifa: 35\u20ac<\/strong>[\/vc_column_text][\/vc_column_inner][\/vc_row_inner]<\/p>\n<\/div><div class='label 6'><div class='kraft_icon_special_tabs'><i class='fa none'><\/i><\/div><div class='title'><a class='special_tabs_linkage'>Visita pedi\u00e1trica<\/a><\/div><div class='divider-vertical-tabs'><\/div><\/div><div class='content 6'><p>[vc_row_inner content_placement=\u00bbmiddle\u00bb][vc_column_inner][vc_column_text css=\u00bb\u00bb]La visita pedi\u00e1trica incluye lo mismo que la visita general, pero est\u00e1 realizada por un especialista en podolog\u00eda infantil.[\/vc_column_text][vc_column_text css=\u00bb\u00bb]<strong style=\"font-size: 20px;\">Tarifa: 35\u20ac<\/strong>[\/vc_column_text][\/vc_column_inner][\/vc_row_inner]<\/p>\n<\/div><div class='label 7'><div class='kraft_icon_special_tabs'><i class='fa none'><\/i><\/div><div class='title'><a class='special_tabs_linkage'>Quiropodia<\/a><\/div><div class='divider-vertical-tabs'><\/div><\/div><div class='content 7'><p>[vc_row_inner content_placement=\u00bbmiddle\u00bb][vc_column_inner][vc_column_text css=\u00bb\u00bb]La quiropodia incluye el tratamiento y prevenci\u00f3n de callosidades y acondicionamiento de u\u00f1as.[\/vc_column_text][vc_column_text css=\u00bb\u00bb]<strong style=\"font-size: 20px;\">Tarifa: 35\u20ac<\/strong>[\/vc_column_text][\/vc_column_inner][\/vc_row_inner]<\/p>\n<\/div><div class='label 8'><div class='kraft_icon_special_tabs'><i class='fa none'><\/i><\/div><div class='title'><a class='special_tabs_linkage'>Verrugas<\/a><\/div><div class='divider-vertical-tabs'><\/div><\/div><div class='content 8'><p>[vc_row_inner content_placement=\u00bbmiddle\u00bb][vc_column_inner][vc_column_text css=\u00bb\u00bb]El tratamiento para verrugas en nuestra cl\u00ednica consiste en:<\/p>\n<ul>\n<li>Una primera visita donde se diagnostica e inicia el tratamiento para la verruga.<\/li>\n<li>Dos visitas adicionales para las curas y seguimiento del tratamiento.<\/li>\n<\/ul>\n<p>El precio y n\u00famero de visitas adicionales necesarias puede variar en funci\u00f3n de la extensi\u00f3n o n\u00famero de verrugas.[\/vc_column_text][vc_column_text css=\u00bb\u00bb]<strong style=\"font-size: 20px;\">Tarifa: 55\u20ac<\/strong>[\/vc_column_text][\/vc_column_inner][\/vc_row_inner]<\/p>\n<\/div><div class='label 9'><div class='kraft_icon_special_tabs'><i class='fa none'><\/i><\/div><div class='title'><a class='special_tabs_linkage'>Infiltraci\u00f3n<\/a><\/div><div class='divider-vertical-tabs'><\/div><\/div><div class='content 9'><p>[vc_row_inner content_placement=\u00bbmiddle\u00bb][vc_column_inner][vc_column_text css=\u00bb\u00bb]La infiltraci\u00f3n es una t\u00e9cnica en la que se aplica un medicamento, normalmente un potente antiinflamatorio, en un lugar concreto del pie para tratar la inflamaci\u00f3n y reducir el dolor durante un periodo bastante prolongado. A pesar de aliviar de forma significativa las molestias, la infiltraci\u00f3n no trata el origen del problema, que se debe identificar y tratar paralelamente, para evitar la reaparici\u00f3n del dolor.[\/vc_column_text][vc_column_text css=\u00bb\u00bb]<strong style=\"font-size: 20px;\">Tarifa: A partir de 55\u20ac<\/strong><\/p>\n<p><strong style=\"font-size: 20px;\">*Tarifa infiltraci\u00f3n con plasma: A consultar<\/strong>[\/vc_column_text][\/vc_column_inner][\/vc_row_inner]<\/p>\n<\/div>\n<\/section>[\/vc_column][\/vc_row]<\/p>\n<\/div>","protected":false},"excerpt":{"rendered":"<p>[vc_row css=\u00bb.vc_custom_1774346642144{margin-top: 50px !important;margin-bottom: 50px !important;}\u00bb el_class=\u00bbservicios\u00bb][vc_column css_animation=\u00bbfadeInUp\u00bb css=\u00bb.vc_custom_1773744636386{background-color: #ffffff !important;}\u00bb][vc_custom_heading text=\u00bbCuidado general y prevenci\u00f3n\u00bb font_container=\u00bbtag:h2|font_size:45PX|text_align:center|color:%23000000|line_height:1em%20!important\u00bb use_theme_fonts=\u00bbyes\u00bb css=\u00bb\u00bb el_class=\u00bbsmall-letter-spacing\u00bb][vc_column_text css=\u00bb.vc_custom_1773750150858{margin-top: 35px !important;}\u00bb] De la misma manera que para prevenir enfermedades en los dientes realizamos una serie de cuidados diarios y visitamos al dentista, es importante hacer lo mismo con nuestros pies. Utilizar un calzado adecuado [&hellip;]<\/p>\n","protected":false},"author":1,"featured_media":0,"parent":5502,"menu_order":0,"comment_status":"closed","ping_status":"closed","template":"page.php","meta":{"_joinchat":[],"footnotes":""},"class_list":["post-5504","page","type-page","status-publish","hentry"],"_links":{"self":[{"href":"https:\/\/clinicapeu.mustachecreative.com\/index.php\/wp-json\/wp\/v2\/pages\/5504","targetHints":{"allow":["GET"]}}],"collection":[{"href":"https:\/\/clinicapeu.mustachecreative.com\/index.php\/wp-json\/wp\/v2\/pages"}],"about":[{"href":"https:\/\/clinicapeu.mustachecreative.com\/index.php\/wp-json\/wp\/v2\/types\/page"}],"author":[{"embeddable":true,"href":"https:\/\/clinicapeu.mustachecreative.com\/index.php\/wp-json\/wp\/v2\/users\/1"}],"replies":[{"embeddable":true,"href":"https:\/\/clinicapeu.mustachecreative.com\/index.php\/wp-json\/wp\/v2\/comments?post=5504"}],"version-history":[{"count":56,"href":"https:\/\/clinicapeu.mustachecreative.com\/index.php\/wp-json\/wp\/v2\/pages\/5504\/revisions"}],"predecessor-version":[{"id":6329,"href":"https:\/\/clinicapeu.mustachecreative.com\/index.php\/wp-json\/wp\/v2\/pages\/5504\/revisions\/6329"}],"up":[{"embeddable":true,"href":"https:\/\/clinicapeu.mustachecreative.com\/index.php\/wp-json\/wp\/v2\/pages\/5502"}],"wp:attachment":[{"href":"https:\/\/clinicapeu.mustachecreative.com\/index.php\/wp-json\/wp\/v2\/media?parent=5504"}],"curies":[{"name":"wp","href":"https:\/\/api.w.org\/{rel}","templated":true}]}}