{"id":5502,"date":"2026-03-13T09:22:57","date_gmt":"2026-03-13T08:22:57","guid":{"rendered":"https:\/\/clinicapeu.mustachecreative.com\/?page_id=5502"},"modified":"2026-03-26T10:23:56","modified_gmt":"2026-03-26T09:23:56","slug":"especialidades","status":"publish","type":"page","link":"https:\/\/clinicapeu.mustachecreative.com\/index.php\/especialidades\/","title":{"rendered":"Especialidades"},"content":{"rendered":"<div class=\"wpb-content-wrapper\"><p>[vc_row css=\u00bb.vc_custom_1773749448741{margin-top: 25px !important;margin-bottom: 50px !important;}\u00bb][vc_column css_animation=\u00bbfadeInUp\u00bb css=\u00bb.vc_custom_1773744636386{background-color: #ffffff !important;}\u00bb][vc_column_text css=\u00bb.vc_custom_1773747466443{margin-top: 35px !important;}\u00bb]<\/p>\n<p style=\"text-align: center;\">Nuestros centros ofrecen un enfoque integral de la salud del pie a trav\u00e9s de diferentes \u00e1reas especializadas.<br \/>\nContamos con servicios de <strong data-start=\"154\" data-end=\"175\">podolog\u00eda general<\/strong>, <strong data-start=\"177\" data-end=\"205\">podolog\u00eda del movimiento<\/strong>, <strong data-start=\"207\" data-end=\"229\">podolog\u00eda infantil<\/strong>, <strong data-start=\"231\" data-end=\"250\">cirug\u00eda del pie<\/strong> y <strong data-start=\"253\" data-end=\"275\">podolog\u00eda est\u00e9tica<\/strong>, lo que nos permite abordar tanto las patolog\u00edas m\u00e1s comunes como tratamientos m\u00e1s espec\u00edficos.<br \/>\nGracias a un equipo profesional cualificado y a la utilizaci\u00f3n de t\u00e9cnicas y equipamiento especializado, ofrecemos soluciones adaptadas a las necesidades de cada paciente en todas las etapas de la vida.[\/vc_column_text][\/vc_column][\/vc_row][vc_row css=\u00bb.vc_custom_1773747659781{margin-bottom: 40px !important;}\u00bb][vc_column css_animation=\u00bbfadeInUp\u00bb css=\u00bb.vc_custom_1774341953362{background-color: #ffffff !important;}\u00bb el_class=\u00bbofrecemos\u00bb][vc_custom_heading text=\u00bbQu\u00e9 ofrecemos\u00bb font_container=\u00bbtag:h2|text_align:center|color:%23000000&#8243; use_theme_fonts=\u00bbyes\u00bb css_animation=\u00bbfadeInUp\u00bb css=\u00bb\u00bb][\/vc_column][\/vc_row][vc_row el_class=\u00bbservicios-pantallas-grandes\u00bb][vc_column css_animation=\u00bbfadeInLeft\u00bb width=\u00bb1\/3&#8243;]<div class=\"ult-new-ib ult-ib-effect-style13  ult-ib-resp ult-ib2-min-height \" data-min-width=\"768\" data-max-width=\"900\" style=\"background:#3a3737; opacity:0; \" data-opacity=\"0.5\" data-hover-opacity=\"0.1\"  data-min-height=\"400\" ><img decoding=\"async\" class=\"ult-new-ib-img\" style=\"opacity:0.5;\" alt=\"null\" src=\"https:\/\/clinicapeu.mustachecreative.com\/wp-content\/uploads\/2026\/03\/4.jpg\"  data-min-height=\"400\"   \/><div id=\"interactive-banner-wrap-4389\" class=\"ult-new-ib-desc\" style=\"\"><h2 class=\"ult-new-ib-title ult-responsive\"  data-ultimate-target='#interactive-banner-wrap-4389 .ult-new-ib-title'  data-responsive-json-new='{\"font-size\":\"desktop:20px;\",\"line-height\":\"\"}'  style=\"font-family:&#039;Roboto&#039;;font-weight:600;color:#ffffff;\">Cirug\u00eda del pie<\/h2><div class=\"ult-new-ib-content ult-responsive\"  data-ultimate-target='#interactive-banner-wrap-4389 .ult-new-ib-content'  data-responsive-json-new='{\"font-size\":\"desktop:14px;\",\"line-height\":\"\"}'  style=\"font-family:&#039;Roboto&#039;;font-weight:normal;color:#eaeaea;\"><p>Ofrecemos soluciones quir\u00fargicas para tratar patolog\u00edas del pie que no pueden resolverse mediante tratamientos conservadores. Realizamos intervenciones podol\u00f3gicas con t\u00e9cnicas especializadas, orientadas a corregir deformidades y mejorar la funcionalidad del pie.<\/p><\/div><\/div><a class=\"ult-new-ib-link\" href=\"\/index.php\/especialidades\/cirugia-del-pie\/\"  ><\/a><\/div>[\/vc_column][vc_column css_animation=\u00bbfadeInLeft\u00bb width=\u00bb1\/3&#8243;]<div class=\"ult-new-ib ult-ib-effect-style13  ult-ib-resp ult-ib2-min-height \" data-min-width=\"768\" data-max-width=\"900\" style=\"background:#3a3737; opacity:0; \" data-opacity=\"0.5\" data-hover-opacity=\"0.1\"  data-min-height=\"400\" ><img decoding=\"async\" class=\"ult-new-ib-img\" style=\"opacity:0.5;\" alt=\"null\" src=\"https:\/\/clinicapeu.mustachecreative.com\/wp-content\/uploads\/2026\/03\/1.jpg\"  data-min-height=\"400\"   \/><div id=\"interactive-banner-wrap-6450\" class=\"ult-new-ib-desc\" style=\"\"><h2 class=\"ult-new-ib-title ult-responsive\"  data-ultimate-target='#interactive-banner-wrap-6450 .ult-new-ib-title'  data-responsive-json-new='{\"font-size\":\"desktop:20px;\",\"line-height\":\"\"}'  style=\"font-family:&#039;Roboto&#039;;font-weight:600;color:#ffffff;\">Podolog\u00eda general<\/h2><div class=\"ult-new-ib-content ult-responsive\"  data-ultimate-target='#interactive-banner-wrap-6450 .ult-new-ib-content'  data-responsive-json-new='{\"font-size\":\"desktop:14px;\",\"line-height\":\"\"}'  style=\"font-family:&#039;Roboto&#039;;font-weight:normal;color:#eaeaea;\"><p>La podolog\u00eda general se centra en el diagn\u00f3stico, tratamiento y prevenci\u00f3n de las afecciones m\u00e1s comunes del pie. Tratamos problemas como durezas, callosidades, u\u00f1as encarnadas, alteraciones ungueales o infecciones, ayudando a mantener una correcta salud podol\u00f3gica y a prevenir complicaciones futuras.<\/p><\/div><\/div><a class=\"ult-new-ib-link\" href=\"\/index.php\/especialidades\/podologia-general\/\"  ><\/a><\/div>[\/vc_column][vc_column css_animation=\u00bbfadeInLeft\u00bb width=\u00bb1\/3&#8243;]<div class=\"ult-new-ib ult-ib-effect-style13  ult-ib-resp ult-ib2-min-height \" data-min-width=\"768\" data-max-width=\"900\" style=\"background:#3a3737; opacity:0; \" data-opacity=\"0.5\" data-hover-opacity=\"0.1\"  data-min-height=\"400\" ><img decoding=\"async\" class=\"ult-new-ib-img\" style=\"opacity:0.5;\" alt=\"null\" src=\"https:\/\/clinicapeu.mustachecreative.com\/wp-content\/uploads\/2026\/03\/2.jpg\"  data-min-height=\"400\"   \/><div id=\"interactive-banner-wrap-6621\" class=\"ult-new-ib-desc\" style=\"\"><h2 class=\"ult-new-ib-title ult-responsive\"  data-ultimate-target='#interactive-banner-wrap-6621 .ult-new-ib-title'  data-responsive-json-new='{\"font-size\":\"desktop:20px;\",\"line-height\":\"\"}'  style=\"font-family:&#039;Roboto&#039;;font-weight:600;color:#ffffff;\">Podolog\u00eda del movimiento<\/h2><div class=\"ult-new-ib-content ult-responsive\"  data-ultimate-target='#interactive-banner-wrap-6621 .ult-new-ib-content'  data-responsive-json-new='{\"font-size\":\"desktop:14px;\",\"line-height\":\"\"}'  style=\"font-family:&#039;Roboto&#039;;font-weight:normal;color:#eaeaea;\"><p>Esta especialidad analiza la pisada y la biomec\u00e1nica del pie durante la marcha o la pr\u00e1ctica deportiva. A trav\u00e9s de estudios biomec\u00e1nicos y el uso de soportes plantares personalizados, buscamos mejorar la distribuci\u00f3n de cargas, prevenir lesiones y optimizar el movimiento.<\/p><\/div><\/div><a class=\"ult-new-ib-link\" href=\"\/index.php\/especialidades\/podologia-del-movimiento\/\"  ><\/a><\/div>[\/vc_column][\/vc_row][vc_row el_class=\u00bbservicios-movil\u00bb][vc_column css_animation=\u00bbfadeInLeft\u00bb width=\u00bb1\/3&#8243;]<div class=\"ult-new-ib ult-ib-effect-style13  ult-ib-resp ult-ib2-min-height  vc_custom_1774350643572\" data-min-width=\"768\" data-max-width=\"900\" style=\"background:#3a3737; opacity:0; \" data-opacity=\"0.5\" data-hover-opacity=\"0.1\"  data-min-height=\"400\" ><img decoding=\"async\" class=\"ult-new-ib-img\" style=\"opacity:0.5;\" alt=\"null\" src=\"https:\/\/clinicapeu.mustachecreative.com\/wp-content\/uploads\/2026\/03\/4.jpg\"  data-min-height=\"400\"   \/><div id=\"interactive-banner-wrap-8876\" class=\"ult-new-ib-desc\" style=\"\"><h2 class=\"ult-new-ib-title ult-responsive\"  data-ultimate-target='#interactive-banner-wrap-8876 .ult-new-ib-title'  data-responsive-json-new='{\"font-size\":\"desktop:20px;\",\"line-height\":\"\"}'  style=\"font-family:&#039;Roboto&#039;;font-weight:600;color:#ffffff;\">Cirug\u00eda del pie<\/h2><div class=\"ult-new-ib-content ult-responsive\"  data-ultimate-target='#interactive-banner-wrap-8876 .ult-new-ib-content'  data-responsive-json-new='{\"font-size\":\"desktop:14px;\",\"line-height\":\"\"}'  style=\"font-family:&#039;Roboto&#039;;font-weight:normal;color:#eaeaea;\"><p>Ofrecemos soluciones quir\u00fargicas para tratar patolog\u00edas del pie que no pueden resolverse mediante tratamientos conservadores. Realizamos intervenciones podol\u00f3gicas con t\u00e9cnicas especializadas, orientadas a corregir deformidades y mejorar la funcionalidad del pie.<\/p><\/div><\/div><\/div>[vc_btn title=\u00bbLeer m\u00e1s\u00bb style=\u00bbclassic\u00bb color=\u00bbblack\u00bb align=\u00bbcenter\u00bb css=\u00bb.vc_custom_1774350880618{margin-top: 20px !important;margin-bottom: 20px !important;}\u00bb link=\u00bburl:%2Findex.php%2Fespecialidades%2Fcirugia-del-pie%2F|title:Cirug%C3%ADa%20del%20pie\u00bb][\/vc_column][vc_column css_animation=\u00bbfadeInLeft\u00bb width=\u00bb1\/3&#8243;]<div class=\"ult-new-ib ult-ib-effect-style13  ult-ib-resp ult-ib2-min-height  vc_custom_1774350638940\" data-min-width=\"768\" data-max-width=\"900\" style=\"background:#3a3737; opacity:0; \" data-opacity=\"0.5\" data-hover-opacity=\"0.1\"  data-min-height=\"400\" ><img decoding=\"async\" class=\"ult-new-ib-img\" style=\"opacity:0.5;\" alt=\"null\" src=\"https:\/\/clinicapeu.mustachecreative.com\/wp-content\/uploads\/2026\/03\/1.jpg\"  data-min-height=\"400\"   \/><div id=\"interactive-banner-wrap-9349\" class=\"ult-new-ib-desc\" style=\"\"><h2 class=\"ult-new-ib-title ult-responsive\"  data-ultimate-target='#interactive-banner-wrap-9349 .ult-new-ib-title'  data-responsive-json-new='{\"font-size\":\"desktop:20px;\",\"line-height\":\"\"}'  style=\"font-family:&#039;Roboto&#039;;font-weight:600;color:#ffffff;\">Podolog\u00eda general<\/h2><div class=\"ult-new-ib-content ult-responsive\"  data-ultimate-target='#interactive-banner-wrap-9349 .ult-new-ib-content'  data-responsive-json-new='{\"font-size\":\"desktop:14px;\",\"line-height\":\"\"}'  style=\"font-family:&#039;Roboto&#039;;font-weight:normal;color:#eaeaea;\"><p>La podolog\u00eda general se centra en el diagn\u00f3stico, tratamiento y prevenci\u00f3n de las afecciones m\u00e1s comunes del pie. Tratamos problemas como durezas, callosidades, u\u00f1as encarnadas, alteraciones ungueales o infecciones, ayudando a mantener una correcta salud podol\u00f3gica y a prevenir complicaciones futuras.<\/p><\/div><\/div><\/div>[vc_btn title=\u00bbLeer m\u00e1s\u00bb style=\u00bbclassic\u00bb color=\u00bbblack\u00bb align=\u00bbcenter\u00bb css=\u00bb.vc_custom_1774350886961{margin-top: 20px !important;margin-bottom: 20px !important;}\u00bb link=\u00bburl:%2Findex.php%2Fespecialidades%2Fpodologia-general%2F|title:Cirug%C3%ADa%20del%20pie\u00bb][\/vc_column][vc_column css_animation=\u00bbfadeInLeft\u00bb width=\u00bb1\/3&#8243;]<div class=\"ult-new-ib ult-ib-effect-style13  ult-ib-resp ult-ib2-min-height  vc_custom_1774350648948\" data-min-width=\"768\" data-max-width=\"900\" style=\"background:#3a3737; opacity:0; \" data-opacity=\"0.5\" data-hover-opacity=\"0.1\"  data-min-height=\"400\" ><img decoding=\"async\" class=\"ult-new-ib-img\" style=\"opacity:0.5;\" alt=\"null\" src=\"https:\/\/clinicapeu.mustachecreative.com\/wp-content\/uploads\/2026\/03\/2.jpg\"  data-min-height=\"400\"   \/><div id=\"interactive-banner-wrap-2944\" class=\"ult-new-ib-desc\" style=\"\"><h2 class=\"ult-new-ib-title ult-responsive\"  data-ultimate-target='#interactive-banner-wrap-2944 .ult-new-ib-title'  data-responsive-json-new='{\"font-size\":\"desktop:20px;\",\"line-height\":\"\"}'  style=\"font-family:&#039;Roboto&#039;;font-weight:600;color:#ffffff;\">Podolog\u00eda del movimiento<\/h2><div class=\"ult-new-ib-content ult-responsive\"  data-ultimate-target='#interactive-banner-wrap-2944 .ult-new-ib-content'  data-responsive-json-new='{\"font-size\":\"desktop:14px;\",\"line-height\":\"\"}'  style=\"font-family:&#039;Roboto&#039;;font-weight:normal;color:#eaeaea;\"><p>Esta especialidad analiza la pisada y la biomec\u00e1nica del pie durante la marcha o la pr\u00e1ctica deportiva. A trav\u00e9s de estudios biomec\u00e1nicos y el uso de soportes plantares personalizados, buscamos mejorar la distribuci\u00f3n de cargas, prevenir lesiones y optimizar el movimiento.<\/p><\/div><\/div><\/div>[vc_btn title=\u00bbLeer m\u00e1s\u00bb style=\u00bbclassic\u00bb color=\u00bbblack\u00bb align=\u00bbcenter\u00bb css=\u00bb.vc_custom_1774350893537{margin-top: 20px !important;margin-bottom: 20px !important;}\u00bb link=\u00bburl:%2Findex.php%2Fespecialidades%2Fpodologia-del-movimiento%2F|title:Cirug%C3%ADa%20del%20pie\u00bb][\/vc_column][\/vc_row][vc_row el_class=\u00bbservicios-pantallas-grandes\u00bb][vc_column css_animation=\u00bbfadeInLeft\u00bb width=\u00bb1\/3&#8243;]<div class=\"ult-new-ib ult-ib-effect-style13  ult-ib-resp ult-ib2-min-height \" data-min-width=\"768\" data-max-width=\"900\" style=\"background:#3a3737; opacity:0; \" data-opacity=\"0.5\" data-hover-opacity=\"0.1\"  data-min-height=\"400\" ><img decoding=\"async\" class=\"ult-new-ib-img\" style=\"opacity:0.5;\" alt=\"null\" src=\"https:\/\/clinicapeu.mustachecreative.com\/wp-content\/uploads\/2026\/03\/3.jpg\"  data-min-height=\"400\"   \/><div id=\"interactive-banner-wrap-5485\" class=\"ult-new-ib-desc\" style=\"\"><h2 class=\"ult-new-ib-title ult-responsive\"  data-ultimate-target='#interactive-banner-wrap-5485 .ult-new-ib-title'  data-responsive-json-new='{\"font-size\":\"desktop:20px;\",\"line-height\":\"\"}'  style=\"font-family:&#039;Roboto&#039;;font-weight:600;color:#ffffff;\">Podolog\u00eda infantil<\/h2><div class=\"ult-new-ib-content ult-responsive\"  data-ultimate-target='#interactive-banner-wrap-5485 .ult-new-ib-content'  data-responsive-json-new='{\"font-size\":\"desktop:14px;\",\"line-height\":\"\"}'  style=\"font-family:&#039;Roboto&#039;;font-weight:normal;color:#eaeaea;\"><p>La podolog\u00eda infantil se enfoca en el cuidado del pie durante las etapas de crecimiento. Evaluamos el desarrollo de la pisada, detectamos posibles alteraciones y realizamos tratamientos preventivos o correctivos que favorezcan un desarrollo saludable del pie.<\/p><\/div><\/div><a class=\"ult-new-ib-link\" href=\"\/index.php\/especialidades\/podologia-infantil\/\"  ><\/a><\/div>[\/vc_column][vc_column css_animation=\u00bbfadeInLeft\u00bb width=\u00bb1\/3&#8243;]<div class=\"ult-new-ib ult-ib-effect-style13  ult-ib-resp ult-ib2-min-height \" data-min-width=\"768\" data-max-width=\"900\" style=\"background:#3a3737; opacity:0; \" data-opacity=\"0.5\" data-hover-opacity=\"0.1\"  data-min-height=\"400\" ><img decoding=\"async\" class=\"ult-new-ib-img\" style=\"opacity:0.5;\" alt=\"null\" src=\"https:\/\/clinicapeu.mustachecreative.com\/wp-content\/uploads\/2026\/03\/5.jpg\"  data-min-height=\"400\"   \/><div id=\"interactive-banner-wrap-4914\" class=\"ult-new-ib-desc\" style=\"\"><h2 class=\"ult-new-ib-title ult-responsive\"  data-ultimate-target='#interactive-banner-wrap-4914 .ult-new-ib-title'  data-responsive-json-new='{\"font-size\":\"desktop:20px;\",\"line-height\":\"\"}'  style=\"font-family:&#039;Roboto&#039;;font-weight:600;color:#ffffff;\">Podolog\u00eda est\u00e9tica<\/h2><div class=\"ult-new-ib-content ult-responsive\"  data-ultimate-target='#interactive-banner-wrap-4914 .ult-new-ib-content'  data-responsive-json-new='{\"font-size\":\"desktop:14px;\",\"line-height\":\"\"}'  style=\"font-family:&#039;Roboto&#039;;font-weight:normal;color:#eaeaea;\"><p>La podolog\u00eda est\u00e9tica combina salud y cuidado del pie, ofreciendo tratamientos que mejoran su aspecto y bienestar. Incluye cuidados espec\u00edficos de u\u00f1as y piel, ayudando a mantener unos pies sanos, cuidados y est\u00e9ticamente equilibrados.<\/p><\/div><\/div><a class=\"ult-new-ib-link\" href=\"\/index.php\/especialidades\/podologia-estetica\/\"  ><\/a><\/div>[\/vc_column][vc_column css_animation=\u00bbfadeInLeft\u00bb width=\u00bb1\/3&#8243;]<div class=\"ult-new-ib ult-ib-effect-style13  ult-ib-resp ult-ib2-min-height \" data-min-width=\"768\" data-max-width=\"900\" style=\"background:#3a3737; opacity:0; \" data-opacity=\"0.5\" data-hover-opacity=\"0.1\"  data-min-height=\"400\" ><img decoding=\"async\" class=\"ult-new-ib-img\" style=\"opacity:0.5;\" alt=\"null\" src=\"https:\/\/clinicapeu.mustachecreative.com\/wp-content\/uploads\/2026\/03\/9b87c894-512f-428a-b008-c35bff512f90-scaled.jpg\"  data-min-height=\"400\"   \/><div id=\"interactive-banner-wrap-6669\" class=\"ult-new-ib-desc\" style=\"\"><h2 class=\"ult-new-ib-title ult-responsive\"  data-ultimate-target='#interactive-banner-wrap-6669 .ult-new-ib-title'  data-responsive-json-new='{\"font-size\":\"desktop:20px;\",\"line-height\":\"\"}'  style=\"font-family:&#039;Roboto&#039;;font-weight:600;color:#ffffff;\">Ecointervencionismo<\/h2><div class=\"ult-new-ib-content ult-responsive\"  data-ultimate-target='#interactive-banner-wrap-6669 .ult-new-ib-content'  data-responsive-json-new='{\"font-size\":\"desktop:14px;\",\"line-height\":\"\"}'  style=\"font-family:&#039;Roboto&#039;;font-weight:normal;color:#eaeaea;\"><p>El ecointervencionismo permite realizar tratamientos guiados por ecograf\u00eda para lograr una mayor precisi\u00f3n y seguridad en cada intervenci\u00f3n. Esta t\u00e9cnica facilita la localizaci\u00f3n exacta de estructuras lesionadas o inflamadas del pie, mejorando el diagn\u00f3stico y permitiendo aplicar tratamientos m\u00ednimamente invasivos de forma m\u00e1s controlada, eficaz y personalizada.<\/p><\/div><\/div><a class=\"ult-new-ib-link\" href=\"\/index.php\/especialidades\/ecointervencionismo\/\" title=\"Ecointervencionismo\"  ><\/a><\/div>[\/vc_column][\/vc_row][vc_row el_class=\u00bbservicios-movil\u00bb][vc_column css_animation=\u00bbfadeInLeft\u00bb width=\u00bb1\/3&#8243;]<div class=\"ult-new-ib ult-ib-effect-style13  ult-ib-resp ult-ib2-min-height  vc_custom_1774350654691\" data-min-width=\"768\" data-max-width=\"900\" style=\"background:#3a3737; opacity:0; \" data-opacity=\"0.5\" data-hover-opacity=\"0.1\"  data-min-height=\"400\" ><img decoding=\"async\" class=\"ult-new-ib-img\" style=\"opacity:0.5;\" alt=\"null\" src=\"https:\/\/clinicapeu.mustachecreative.com\/wp-content\/uploads\/2026\/03\/3.jpg\"  data-min-height=\"400\"   \/><div id=\"interactive-banner-wrap-9311\" class=\"ult-new-ib-desc\" style=\"\"><h2 class=\"ult-new-ib-title ult-responsive\"  data-ultimate-target='#interactive-banner-wrap-9311 .ult-new-ib-title'  data-responsive-json-new='{\"font-size\":\"desktop:20px;\",\"line-height\":\"\"}'  style=\"font-family:&#039;Roboto&#039;;font-weight:600;color:#ffffff;\">Podolog\u00eda infantil<\/h2><div class=\"ult-new-ib-content ult-responsive\"  data-ultimate-target='#interactive-banner-wrap-9311 .ult-new-ib-content'  data-responsive-json-new='{\"font-size\":\"desktop:14px;\",\"line-height\":\"\"}'  style=\"font-family:&#039;Roboto&#039;;font-weight:normal;color:#eaeaea;\"><p>La podolog\u00eda infantil se enfoca en el cuidado del pie durante las etapas de crecimiento. Evaluamos el desarrollo de la pisada, detectamos posibles alteraciones y realizamos tratamientos preventivos o correctivos que favorezcan un desarrollo saludable del pie.<\/p><\/div><\/div><\/div>[vc_btn title=\u00bbLeer m\u00e1s\u00bb style=\u00bbclassic\u00bb color=\u00bbblack\u00bb align=\u00bbcenter\u00bb css=\u00bb.vc_custom_1774350900321{margin-top: 20px !important;margin-bottom: 20px !important;}\u00bb link=\u00bburl:%2Findex.php%2Fespecialidades%2Fpodologia-infantil%2F|title:Cirug%C3%ADa%20del%20pie\u00bb][\/vc_column][vc_column css_animation=\u00bbfadeInLeft\u00bb width=\u00bb1\/3&#8243;]<div class=\"ult-new-ib ult-ib-effect-style13  ult-ib-resp ult-ib2-min-height  vc_custom_1774350661526\" data-min-width=\"768\" data-max-width=\"900\" style=\"background:#3a3737; opacity:0; \" data-opacity=\"0.5\" data-hover-opacity=\"0.1\"  data-min-height=\"400\" ><img decoding=\"async\" class=\"ult-new-ib-img\" style=\"opacity:0.5;\" alt=\"null\" src=\"https:\/\/clinicapeu.mustachecreative.com\/wp-content\/uploads\/2026\/03\/5.jpg\"  data-min-height=\"400\"   \/><div id=\"interactive-banner-wrap-8220\" class=\"ult-new-ib-desc\" style=\"\"><h2 class=\"ult-new-ib-title ult-responsive\"  data-ultimate-target='#interactive-banner-wrap-8220 .ult-new-ib-title'  data-responsive-json-new='{\"font-size\":\"desktop:20px;\",\"line-height\":\"\"}'  style=\"font-family:&#039;Roboto&#039;;font-weight:600;color:#ffffff;\">Podolog\u00eda est\u00e9tica<\/h2><div class=\"ult-new-ib-content ult-responsive\"  data-ultimate-target='#interactive-banner-wrap-8220 .ult-new-ib-content'  data-responsive-json-new='{\"font-size\":\"desktop:14px;\",\"line-height\":\"\"}'  style=\"font-family:&#039;Roboto&#039;;font-weight:normal;color:#eaeaea;\"><p>La podolog\u00eda est\u00e9tica combina salud y cuidado del pie, ofreciendo tratamientos que mejoran su aspecto y bienestar. Incluye cuidados espec\u00edficos de u\u00f1as y piel, ayudando a mantener unos pies sanos, cuidados y est\u00e9ticamente equilibrados.<\/p><\/div><\/div><\/div>[vc_btn title=\u00bbLeer m\u00e1s\u00bb style=\u00bbclassic\u00bb color=\u00bbblack\u00bb align=\u00bbcenter\u00bb css=\u00bb.vc_custom_1774350906914{margin-top: 20px !important;margin-bottom: 20px !important;}\u00bb link=\u00bburl:%2Findex.php%2Fespecialidades%2Fpodologia-estetica%2F|title:Cirug%C3%ADa%20del%20pie\u00bb][\/vc_column][vc_column css_animation=\u00bbfadeInLeft\u00bb width=\u00bb1\/3&#8243;]<div class=\"ult-new-ib ult-ib-effect-style13  ult-ib-resp ult-ib2-min-height  vc_custom_1774350665902\" data-min-width=\"768\" data-max-width=\"900\" style=\"background:#3a3737; opacity:0; \" data-opacity=\"0.5\" data-hover-opacity=\"0.1\"  data-min-height=\"400\" ><img decoding=\"async\" class=\"ult-new-ib-img\" style=\"opacity:0.5;\" alt=\"null\" src=\"https:\/\/clinicapeu.mustachecreative.com\/wp-content\/uploads\/2026\/03\/9b87c894-512f-428a-b008-c35bff512f90-scaled.jpg\"  data-min-height=\"400\"   \/><div id=\"interactive-banner-wrap-4571\" class=\"ult-new-ib-desc\" style=\"\"><h2 class=\"ult-new-ib-title ult-responsive\"  data-ultimate-target='#interactive-banner-wrap-4571 .ult-new-ib-title'  data-responsive-json-new='{\"font-size\":\"desktop:20px;\",\"line-height\":\"\"}'  style=\"font-family:&#039;Roboto&#039;;font-weight:600;color:#ffffff;\">Ecointervencionismo<\/h2><div class=\"ult-new-ib-content ult-responsive\"  data-ultimate-target='#interactive-banner-wrap-4571 .ult-new-ib-content'  data-responsive-json-new='{\"font-size\":\"desktop:14px;\",\"line-height\":\"\"}'  style=\"font-family:&#039;Roboto&#039;;font-weight:normal;color:#eaeaea;\"><p>El ecointervencionismo permite realizar tratamientos guiados por ecograf\u00eda para lograr una mayor precisi\u00f3n y seguridad en cada intervenci\u00f3n. Esta t\u00e9cnica facilita la localizaci\u00f3n exacta de estructuras lesionadas o inflamadas del pie, mejorando el diagn\u00f3stico y permitiendo aplicar tratamientos m\u00ednimamente invasivos de forma m\u00e1s controlada, eficaz y personalizada.<\/p><\/div><\/div><a class=\"ult-new-ib-link\" title=\"Ecointervencionismo\"  ><\/a><\/div>[vc_btn title=\u00bbLeer m\u00e1s\u00bb style=\u00bbclassic\u00bb color=\u00bbblack\u00bb align=\u00bbcenter\u00bb css=\u00bb.vc_custom_1774350913209{margin-top: 20px !important;margin-bottom: 20px !important;}\u00bb link=\u00bburl:%2Findex.php%2Fespecialidades%2Fecointervencionismo%2F|title:Cirug%C3%ADa%20del%20pie\u00bb][\/vc_column][\/vc_row][vc_row bg_type=\u00bbbg_color\u00bb bg_override=\u00bbex-full\u00bb css=\u00bb.vc_custom_1774258695557{padding-top: 160px !important;padding-bottom: 160px !important;}\u00bb bg_color_value=\u00bb#f2f2f2&#8243; el_class=\u00bbbanner-contacto\u00bb][vc_column css_animation=\u00bbfadeInUp\u00bb]<div class=\"ult-animation  ult-animate-viewport  ult-no-mobile \" data-animate=\"fadeInUp\" data-animation-delay=\"0.3\" data-animation-duration=\"1\" data-animation-iteration=\"1\" style=\"opacity:0;\" data-opacity_start_effect=\"\">[vc_custom_heading text=\u00bbDA EL PRIMER PASO<br \/>\nHACIA UNOS PIES SIN DOLOR\u00bb font_container=\u00bbtag:h2|text_align:center\u00bb use_theme_fonts=\u00bbyes\u00bb css=\u00bb\u00bb][vc_empty_space height=\u00bb15px\u00bb][vc_custom_heading text=\u00bbContacta con nuestro equipo y te ayudaremos a encontrar la mejor soluci\u00f3n.\u00bb font_container=\u00bbtag:h3|font_size:20px|text_align:center\u00bb use_theme_fonts=\u00bbyes\u00bb css=\u00bb\u00bb el_class=\u00bbno-letter-spacing\u00bb][vc_empty_space height=\u00bb20px\u00bb][vc_btn title=\u00bbCont\u00e1ctanos\u00bb style=\u00bbclassic\u00bb color=\u00bbblack\u00bb align=\u00bbcenter\u00bb css=\u00bb\u00bb link=\u00bburl:%2Findex.php%2Fcontacto\u00bb]<\/div>[\/vc_column][\/vc_row]<\/p>\n<\/div>","protected":false},"excerpt":{"rendered":"<p>[vc_row css=\u00bb.vc_custom_1773749448741{margin-top: 25px !important;margin-bottom: 50px !important;}\u00bb][vc_column css_animation=\u00bbfadeInUp\u00bb css=\u00bb.vc_custom_1773744636386{background-color: #ffffff !important;}\u00bb][vc_column_text css=\u00bb.vc_custom_1773747466443{margin-top: 35px !important;}\u00bb] Nuestros centros ofrecen un enfoque integral de la salud del pie a trav\u00e9s de diferentes \u00e1reas especializadas. Contamos con servicios de podolog\u00eda general, podolog\u00eda del movimiento, podolog\u00eda infantil, cirug\u00eda del pie y podolog\u00eda est\u00e9tica, lo que nos permite abordar tanto las patolog\u00edas [&hellip;]<\/p>\n","protected":false},"author":1,"featured_media":0,"parent":0,"menu_order":0,"comment_status":"closed","ping_status":"closed","template":"page.php","meta":{"_joinchat":[],"footnotes":""},"class_list":["post-5502","page","type-page","status-publish","hentry"],"_links":{"self":[{"href":"https:\/\/clinicapeu.mustachecreative.com\/index.php\/wp-json\/wp\/v2\/pages\/5502","targetHints":{"allow":["GET"]}}],"collection":[{"href":"https:\/\/clinicapeu.mustachecreative.com\/index.php\/wp-json\/wp\/v2\/pages"}],"about":[{"href":"https:\/\/clinicapeu.mustachecreative.com\/index.php\/wp-json\/wp\/v2\/types\/page"}],"author":[{"embeddable":true,"href":"https:\/\/clinicapeu.mustachecreative.com\/index.php\/wp-json\/wp\/v2\/users\/1"}],"replies":[{"embeddable":true,"href":"https:\/\/clinicapeu.mustachecreative.com\/index.php\/wp-json\/wp\/v2\/comments?post=5502"}],"version-history":[{"count":63,"href":"https:\/\/clinicapeu.mustachecreative.com\/index.php\/wp-json\/wp\/v2\/pages\/5502\/revisions"}],"predecessor-version":[{"id":6358,"href":"https:\/\/clinicapeu.mustachecreative.com\/index.php\/wp-json\/wp\/v2\/pages\/5502\/revisions\/6358"}],"wp:attachment":[{"href":"https:\/\/clinicapeu.mustachecreative.com\/index.php\/wp-json\/wp\/v2\/media?parent=5502"}],"curies":[{"name":"wp","href":"https:\/\/api.w.org\/{rel}","templated":true}]}}